{"id":156157,"date":"2025-12-18T18:24:31","date_gmt":"2025-12-18T15:24:31","guid":{"rendered":"https:\/\/baldumarket.lt\/product\/scandi-lozko-160x200-cm-ze-stelazem-dab-olejowany-ceglany\/"},"modified":"2026-02-05T12:08:48","modified_gmt":"2026-02-05T09:08:48","slug":"scandi-lozko-160x200-cm-ze-stelazem-dab-olejowany-ceglany","status":"publish","type":"product","link":"https:\/\/baldumarket.lt\/lt\/product\/scandi-lozko-160x200-cm-ze-stelazem-dab-olejowany-ceglany\/","title":{"rendered":"Scandi &#8211; Lova 160&#215;200 cm su r\u0117mu, alyvuotas plyt\u0173 \u0105\u017euolas"},"content":{"rendered":"<p>160\u00d7200 cm dyd\u017eio \u201eScandi\u201c lova \u2013 skandinavi\u0161ko stiliaus kvintesencija, \u017eavinti ne tik estetika, bet ir funkcionalumu. Eleganti\u0161kas alyvuoto plyt\u0173 \u0105\u017euolo dizainas sukuria jauki\u0105 atmosfer\u0105 miegamajame, o nat\u016brali mediena suteikia \u0161ilumos bet kokiam interjerui. Tai puikus pasirinkimas tiems, kurie vertina harmonij\u0105 savo nam\u0173 interjere.<\/p>\n<p>\u012erengiant miegam\u0105j\u012f, verta rinktis baldus, pasi\u017eymin\u010dius auk\u0161tos kokyb\u0117s meistri\u0161kumu ir universaliu stiliumi. \u201eScandi\u201c lova sujungia \u0161ias savybes. Naudotos med\u017eiagos, tokios kaip laminuota plok\u0161t\u0117, daro lov\u0105 ne tik esteti\u0161kai patraukli\u0105, bet ir patvari\u0105 bei lengvai pri\u017ei\u016brim\u0105. Ji puikiai der\u0117s prie bet kokio interjero, nepriklausomai nuo jo stiliaus.<\/p>\n<p>\u0160i lova su tvirtu r\u0117mu suteikia \u010diu\u017einio atram\u0105 ir u\u017etikrina patog\u0173 mieg\u0105. Nors \u010diu\u017einys \u012f komplekt\u0105 ne\u012feina, pritaikymo galimyb\u0117s u\u017etikrina, kad jis puikiai atitikt\u0173 j\u016bs\u0173 poreikius. Pasirinkite m\u0117gstam\u0105 \u010diu\u017ein\u012f, kad sukurtum\u0117te tobul\u0105 viet\u0105 poilsiui po ilgos dienos. Su \u201eScandi\u201c lova kiekvienas rytas bus malonumas, o j\u016bs b\u016bsite energingi visai dienai.<\/p>\n<p>Surinkimas pats taip pat yra malonumas, nes ai\u0161kios instrukcijos reikalauja ma\u017eai laiko ir pastang\u0173. Visi reikalingi komponentai yra komplekte, tod\u0117l lovos surinkimas yra maloni ir pasitenkinim\u0105 teikianti u\u017eduotis. Be to, tvirta konstrukcija u\u017etikrina ilgalaik\u012f naudojim\u0105, tod\u0117l tai ilgalaik\u0117 investicija.<\/p>\n<p>I\u0161sirinkite \u201eHelvetia\u201c 160\u00d7200 cm dyd\u017eio \u201eScandi\u201c lov\u0105 ir pakeiskite savo miegam\u0105j\u012f. M\u0117gaukit\u0117s eleganti\u0161ku dizainu ir naudojimo patogumu, kuris suteiks j\u016bs\u0173 interjerui \u017eavesio ir funkcionalumo. Sukurkite tobul\u0105 viet\u0105 poilsiui ir atsipalaidavimui, kur svajon\u0117s tampa realybe!<\/p>","protected":false},"excerpt":{"rendered":"<p>Plotis (cm): 165<br \/>\n\u016agis (cm): 100<br \/>\nGylis (cm): 207<\/p>","protected":false},"featured_media":156158,"comment_status":"open","ping_status":"open","template":"","meta":[],"product_brand":[],"product_cat":[9430,505,1971,4105],"product_tag":[],"class_list":{"0":"post-156157","1":"product","2":"type-product","3":"status-publish","4":"has-post-thumbnail","6":"product_cat-furniture-system-scandi","7":"product_cat-bedroom-beds","8":"product_cat-beds-160x200","9":"product_cat-helvetia","11":"first","12":"instock","13":"purchasable","14":"product-type-simple"},"_links":{"self":[{"href":"https:\/\/baldumarket.lt\/lt\/wp-json\/wp\/v2\/product\/156157","targetHints":{"allow":["GET"]}}],"collection":[{"href":"https:\/\/baldumarket.lt\/lt\/wp-json\/wp\/v2\/product"}],"about":[{"href":"https:\/\/baldumarket.lt\/lt\/wp-json\/wp\/v2\/types\/product"}],"replies":[{"embeddable":true,"href":"https:\/\/baldumarket.lt\/lt\/wp-json\/wp\/v2\/comments?post=156157"}],"wp:featuredmedia":[{"embeddable":true,"href":"https:\/\/baldumarket.lt\/lt\/wp-json\/wp\/v2\/media\/156158"}],"wp:attachment":[{"href":"https:\/\/baldumarket.lt\/lt\/wp-json\/wp\/v2\/media?parent=156157"}],"wp:term":[{"taxonomy":"product_brand","embeddable":true,"href":"https:\/\/baldumarket.lt\/lt\/wp-json\/wp\/v2\/product_brand?post=156157"},{"taxonomy":"product_cat","embeddable":true,"href":"https:\/\/baldumarket.lt\/lt\/wp-json\/wp\/v2\/product_cat?post=156157"},{"taxonomy":"product_tag","embeddable":true,"href":"https:\/\/baldumarket.lt\/lt\/wp-json\/wp\/v2\/product_tag?post=156157"}],"curies":[{"name":"wp","href":"https:\/\/api.w.org\/{rel}","templated":true}]}}