{"id":156153,"date":"2025-12-18T18:24:23","date_gmt":"2025-12-18T15:24:23","guid":{"rendered":"https:\/\/baldumarket.lt\/product\/scandi-lozko-160x200-cm-dab-olejowany-ceglany\/"},"modified":"2026-02-05T12:08:48","modified_gmt":"2026-02-05T09:08:48","slug":"scandi-lozko-160x200-cm-dab-olejowany-ceglany","status":"publish","type":"product","link":"https:\/\/baldumarket.lt\/lt\/product\/scandi-lozko-160x200-cm-dab-olejowany-ceglany\/","title":{"rendered":"Scandi \u2013 Lova 160\u00d7200 cm, alyvuotas plyt\u0173 \u0105\u017euolas"},"content":{"rendered":"<p>160\u00d7200 cm skandinavi\u0161ko stiliaus lova bet kokiam interjerui suteiks modernumo, o savo miegamajame jausit\u0117s tikrai patogiai. Kruop\u0161\u010diai sukurtas dizainas, \u012fkv\u0117ptas skandinavi\u0161ko stiliaus, puikiai papildo \u0161iuolaikines interjero dizaino tendencijas, sukurdamas harmonijos ir ramyb\u0117s kupin\u0105 erdv\u0119. Alyvuota plyt\u0173 \u0105\u017euolo spalva sukuria jauki\u0105 atmosfer\u0105, kuri skatina atsipalaiduoti, kartu si\u016blydama elegancij\u0105, kuri niekada nei\u0161eina i\u0161 mados.<\/p>\n<p>\u201eScandi\u201c lova yra ne tik esteti\u0161kai patraukli, bet ir funkcionali. Jos dizainas u\u017etikrina j\u016bs\u0173 miego komfort\u0105 ir suteikia daug erdv\u0117s poilsiui. Tvirtos plastikin\u0117s kojel\u0117s u\u017etikrina stabilum\u0105 ir ilgaam\u017ei\u0161kum\u0105, o laminuota lenta, i\u0161 kurios pagaminta lova, garantuoja lengv\u0105 valym\u0105, kuris yra labai svarbus kasdieniam naudojimui. Praktin\u0117s savyb\u0117s, tokios kaip savaranki\u0161kas surinkimas, leid\u017eia greitai paversti savo kambar\u012f tobula poilsio vieta.<\/p>\n<p>\u0160i lova puikiai tiks \u012fvairiose konfig\u016bracijose, nesvarbu, ar pasirinksite minimalistin\u012f, industrin\u012f, ar labiau klasikin\u012f stili\u0173. Universali alyvuoto plyt\u0173 \u0105\u017euolo spalva dera su daugybe aksesuar\u0173, leisdama lengvai pritaikyti miegam\u0105j\u012f pagal savo skon\u012f. \u0160vie\u017eios, nat\u016bralios med\u017eiagos, panaudotos lovoje, suteiks j\u016bs\u0173 interjerui \u0161ilumos ir spindesio, paversdamos j\u0105 unikalia vieta j\u016bs\u0173 namuose.<\/p>\n<p>Pasirinkdami skandinavi\u0161k\u0105 lov\u0105, investuojate ne tik \u012f bald\u0105, bet ir \u012f unikali\u0105 savo interjero atmosfer\u0105. Kiekvienas rytas, praleistas miegamajame, alsuojan\u010diame teigiama energija, atokv\u0117piu ir gra\u017eiu stiliumi, bus prie\u017eastis \u0161ypsotis. Rinkit\u0117s lov\u0105, kuri ne tik pagerins J\u016bs\u0173 miego komfort\u0105, bet ir pavers J\u016bs\u0173 miegam\u0105j\u012f tikro atsipalaidavimo ir poilsio vieta po sunkios dienos.<\/p>","protected":false},"excerpt":{"rendered":"<p>Plotis (cm): 165<br \/>\n\u016agis (cm): 100<br \/>\nGylis (cm): 207<\/p>","protected":false},"featured_media":156154,"comment_status":"open","ping_status":"open","template":"","meta":[],"product_brand":[],"product_cat":[9430,505,1971,4105],"product_tag":[],"class_list":{"0":"post-156153","1":"product","2":"type-product","3":"status-publish","4":"has-post-thumbnail","6":"product_cat-furniture-system-scandi","7":"product_cat-bedroom-beds","8":"product_cat-beds-160x200","9":"product_cat-helvetia","11":"first","12":"instock","13":"purchasable","14":"product-type-simple"},"_links":{"self":[{"href":"https:\/\/baldumarket.lt\/lt\/wp-json\/wp\/v2\/product\/156153","targetHints":{"allow":["GET"]}}],"collection":[{"href":"https:\/\/baldumarket.lt\/lt\/wp-json\/wp\/v2\/product"}],"about":[{"href":"https:\/\/baldumarket.lt\/lt\/wp-json\/wp\/v2\/types\/product"}],"replies":[{"embeddable":true,"href":"https:\/\/baldumarket.lt\/lt\/wp-json\/wp\/v2\/comments?post=156153"}],"wp:featuredmedia":[{"embeddable":true,"href":"https:\/\/baldumarket.lt\/lt\/wp-json\/wp\/v2\/media\/156154"}],"wp:attachment":[{"href":"https:\/\/baldumarket.lt\/lt\/wp-json\/wp\/v2\/media?parent=156153"}],"wp:term":[{"taxonomy":"product_brand","embeddable":true,"href":"https:\/\/baldumarket.lt\/lt\/wp-json\/wp\/v2\/product_brand?post=156153"},{"taxonomy":"product_cat","embeddable":true,"href":"https:\/\/baldumarket.lt\/lt\/wp-json\/wp\/v2\/product_cat?post=156153"},{"taxonomy":"product_tag","embeddable":true,"href":"https:\/\/baldumarket.lt\/lt\/wp-json\/wp\/v2\/product_tag?post=156153"}],"curies":[{"name":"wp","href":"https:\/\/api.w.org\/{rel}","templated":true}]}}