{"id":156149,"date":"2025-12-18T18:24:14","date_gmt":"2025-12-18T15:24:14","guid":{"rendered":"https:\/\/baldumarket.lt\/product\/scandi-lozko-100x200-cm-zgaszona-zielen-dab-olejowany\/"},"modified":"2026-02-05T12:08:57","modified_gmt":"2026-02-05T09:08:57","slug":"scandi-lozko-100x200-cm-zgaszona-zielen-dab-olejowany","status":"publish","type":"product","link":"https:\/\/baldumarket.lt\/lt\/product\/scandi-lozko-100x200-cm-zgaszona-zielen-dab-olejowany\/","title":{"rendered":"Scandi &#8211; Lova 100&#215;200 cm, dulk\u0117tos \u017ealios spalvos, alyvuotas \u0105\u017euolas"},"content":{"rendered":"<p>\u012ene\u0161kite harmonijos ir ramyb\u0117s \u012f savo interjer\u0105 su prislopinto \u017ealio atspalvio \u201eScandi\u201c lova. \u0160i lova, puikiai tinkanti vertinantiems skandinavi\u0161k\u0105 estetik\u0105, ne tik puikiai dera prie modernaus interjero, bet ir suteikia komforto bei atsipalaidavimo po ilgos dienos. Minimalistinis dizainas ir prislopintos spalvos leid\u017eia lengvai integruotis \u012f \u012fvairius interjero stilius.<\/p>\n<p>\u0160i 100 \u00d7 200 cm lova pasi\u017eymi erdve ir komfortu, kur\u012f \u012fvertins kiekvienas naudotojas. Prislopinta \u017ealia spalva suteikia jai unikal\u0173 charakter\u012f, o alyvuotas \u0105\u017euolas \u2013 \u0161ilt\u0105 akcent\u0105, kuris miegamajam sukuria jauki\u0105 atmosfer\u0105. Kiekviena naktis, praleista \u0161ioje prabangioje lovoje, garantuotai suteiks jums nusipelnyt\u0105 poils\u012f.<\/p>\n<p>\u012egyvendinkite savo svajones apie tobul\u0105 miegojimo erdv\u0119 pasirinkdami lov\u0105, kuri ne tik gra\u017eiai atrodo kambaryje, bet ir yra prakti\u0161ka. Lengvas surinkimas leid\u017eia lengvai paruo\u0161ti erdv\u0119 kasdieniam poilsiui. Nepamir\u0161kime, kad \u0161is minimalistinis dizainas taip pat leid\u017eia lengvai palaikyti \u0161var\u0105 aplink ir po lova.<\/p>\n<p>Nelaukite, kol j\u016bs\u0173 svajon\u0117s apie ma\u017e\u0105 ramyb\u0117s oaz\u0119 namuose i\u0161sipildys. Atraskite tinkamos lovos svarb\u0105 j\u016bs\u0173 gyvenime. Skandinavi\u0161ko stiliaus lovos \u012fsigijimas yra investicija \u012f skandinavi\u0161ko dizaino tradicijas, kuri d\u017eiugins jus ilgus metus, o kartu praturtins j\u016bs\u0173 miegam\u0105j\u012f nat\u016braliu gro\u017eiu ir funkcionalumu. \u0160i lova yra pagrindinis elementas kuriant atpalaiduojan\u010di\u0105 oaz\u0119.<\/p>","protected":false},"excerpt":{"rendered":"<p>Plotis (cm): 105<br \/>\n\u016agis (cm): 100<br \/>\nGylis (cm): 207<\/p>","protected":false},"featured_media":156150,"comment_status":"open","ping_status":"open","template":"","meta":[],"product_brand":[],"product_cat":[9430,505,4105],"product_tag":[],"class_list":{"0":"post-156149","1":"product","2":"type-product","3":"status-publish","4":"has-post-thumbnail","6":"product_cat-furniture-system-scandi","7":"product_cat-bedroom-beds","8":"product_cat-helvetia","10":"first","11":"instock","12":"purchasable","13":"product-type-simple"},"_links":{"self":[{"href":"https:\/\/baldumarket.lt\/lt\/wp-json\/wp\/v2\/product\/156149","targetHints":{"allow":["GET"]}}],"collection":[{"href":"https:\/\/baldumarket.lt\/lt\/wp-json\/wp\/v2\/product"}],"about":[{"href":"https:\/\/baldumarket.lt\/lt\/wp-json\/wp\/v2\/types\/product"}],"replies":[{"embeddable":true,"href":"https:\/\/baldumarket.lt\/lt\/wp-json\/wp\/v2\/comments?post=156149"}],"wp:featuredmedia":[{"embeddable":true,"href":"https:\/\/baldumarket.lt\/lt\/wp-json\/wp\/v2\/media\/156150"}],"wp:attachment":[{"href":"https:\/\/baldumarket.lt\/lt\/wp-json\/wp\/v2\/media?parent=156149"}],"wp:term":[{"taxonomy":"product_brand","embeddable":true,"href":"https:\/\/baldumarket.lt\/lt\/wp-json\/wp\/v2\/product_brand?post=156149"},{"taxonomy":"product_cat","embeddable":true,"href":"https:\/\/baldumarket.lt\/lt\/wp-json\/wp\/v2\/product_cat?post=156149"},{"taxonomy":"product_tag","embeddable":true,"href":"https:\/\/baldumarket.lt\/lt\/wp-json\/wp\/v2\/product_tag?post=156149"}],"curies":[{"name":"wp","href":"https:\/\/api.w.org\/{rel}","templated":true}]}}