{"id":156144,"date":"2025-12-18T18:24:04","date_gmt":"2025-12-18T15:24:04","guid":{"rendered":"https:\/\/baldumarket.lt\/product\/scandi-lozko-100x200-cm-ze-stelazem-zgaszona-zielen-dab-olejowany\/"},"modified":"2026-02-05T12:08:57","modified_gmt":"2026-02-05T09:08:57","slug":"scandi-lozko-100x200-cm-ze-stelazem-zgaszona-zielen-dab-olejowany","status":"publish","type":"product","link":"https:\/\/baldumarket.lt\/lt\/product\/scandi-lozko-100x200-cm-ze-stelazem-zgaszona-zielen-dab-olejowany\/","title":{"rendered":"Scandi &#8211; Lova 100&#215;200 cm su r\u0117mu, dulk\u0117tos \u017ealios spalvos, alyvuoto \u0105\u017euolo spalvos"},"content":{"rendered":"<p>\u012ene\u0161kite skandinavi\u0161ko stiliaus \u012f savo interjer\u0105 su prislopinto \u017ealio atspalvio \u201eScandi\u201c lova, kuri ne tik atrodo gra\u017eiai, bet ir suteikia j\u016bs\u0173 miegamajam harmonijos bei ramyb\u0117s. Minimalistinis dizainas ir nat\u016bralios med\u017eiagos daro \u0161i\u0105 lov\u0105 puikiu pasirinkimu tiems, kurie vertina estetik\u0105 ir funkcionalum\u0105. Alyvuotas \u0105\u017euolas suteikia unikali\u0105 i\u0161vaizd\u0105, kartu garantuodamas patvarum\u0105 ir atsparum\u0105 pa\u017eeidimams. \u0160i 100\u00d7200 cm lova puikiai tinka tiek tiems, kurie nori jaukios erdv\u0117s atsipalaiduoti, tiek tiems, kuriems reikia patogios vietos miegoti. Prislopinta r\u0117mo ir fasad\u0173 \u017ealia spalva suteikia jai modernaus charakterio, tod\u0117l ji yra puikus dekoratyvinis elementas bet kuriame miegamajame. Su \u0161ia lova galite sukurti jauki\u0105 atmosfer\u0105, skatinan\u010di\u0105 atsipalaiduoti po \u012ftemptos dienos. Pridedamas r\u0117mas yra papildomas privalumas, tod\u0117l \u0161is gaminys yra dar prieinamesnis. D\u0117l lengvo surinkimo galite greitai pakeisti savo miegam\u0105j\u012f, o sutaupytas laikas tikrai su\u017eav\u0117s bet kur\u012f u\u017eimt\u0105 vartotoj\u0105. Laminuota plok\u0161t\u0117 yra med\u017eiaga, kuri\u0105 lengva valyti \u2013 tereikia nuvalyti j\u0105 dr\u0117gnu skudur\u0117liu, kad ilg\u0105 laik\u0105 d\u017eiaugtum\u0117t\u0117s jos gaiviu vaizdu.<\/p>","protected":false},"excerpt":{"rendered":"<p>Plotis (cm): 105<br \/>\n\u016agis (cm): 100<br \/>\nGylis (cm): 207<\/p>","protected":false},"featured_media":156145,"comment_status":"open","ping_status":"open","template":"","meta":[],"product_brand":[],"product_cat":[9430,505,4105],"product_tag":[],"class_list":{"0":"post-156144","1":"product","2":"type-product","3":"status-publish","4":"has-post-thumbnail","6":"product_cat-furniture-system-scandi","7":"product_cat-bedroom-beds","8":"product_cat-helvetia","10":"first","11":"instock","12":"purchasable","13":"product-type-simple"},"_links":{"self":[{"href":"https:\/\/baldumarket.lt\/lt\/wp-json\/wp\/v2\/product\/156144","targetHints":{"allow":["GET"]}}],"collection":[{"href":"https:\/\/baldumarket.lt\/lt\/wp-json\/wp\/v2\/product"}],"about":[{"href":"https:\/\/baldumarket.lt\/lt\/wp-json\/wp\/v2\/types\/product"}],"replies":[{"embeddable":true,"href":"https:\/\/baldumarket.lt\/lt\/wp-json\/wp\/v2\/comments?post=156144"}],"wp:featuredmedia":[{"embeddable":true,"href":"https:\/\/baldumarket.lt\/lt\/wp-json\/wp\/v2\/media\/156145"}],"wp:attachment":[{"href":"https:\/\/baldumarket.lt\/lt\/wp-json\/wp\/v2\/media?parent=156144"}],"wp:term":[{"taxonomy":"product_brand","embeddable":true,"href":"https:\/\/baldumarket.lt\/lt\/wp-json\/wp\/v2\/product_brand?post=156144"},{"taxonomy":"product_cat","embeddable":true,"href":"https:\/\/baldumarket.lt\/lt\/wp-json\/wp\/v2\/product_cat?post=156144"},{"taxonomy":"product_tag","embeddable":true,"href":"https:\/\/baldumarket.lt\/lt\/wp-json\/wp\/v2\/product_tag?post=156144"}],"curies":[{"name":"wp","href":"https:\/\/api.w.org\/{rel}","templated":true}]}}