{"id":156140,"date":"2025-12-18T18:23:57","date_gmt":"2025-12-18T15:23:57","guid":{"rendered":"https:\/\/baldumarket.lt\/product\/scandi-lozko-100x200-cm-ze-stelazem-dab-olejowany-ceglany\/"},"modified":"2026-02-05T12:08:57","modified_gmt":"2026-02-05T09:08:57","slug":"scandi-lozko-100x200-cm-ze-stelazem-dab-olejowany-ceglany","status":"publish","type":"product","link":"https:\/\/baldumarket.lt\/lt\/product\/scandi-lozko-100x200-cm-ze-stelazem-dab-olejowany-ceglany\/","title":{"rendered":"Scandi \u2013 Lova 100\u00d7200 cm su r\u0117mu, alyvuotas plyt\u0173 \u0105\u017euolas"},"content":{"rendered":"<p>Jaukumas ir modernumas viename \u2013 atraskite \u201eScandi\u201c 100\u00d7200 cm lov\u0105 i\u0161 \u201eHelvetia\u201c, kuri neabejotinai taps j\u016bs\u0173 miegamojo \u0161irdimi. Minimalistinis skandinavi\u0161kas dizainas i\u0161ry\u0161kina nat\u016bral\u0173 alyvuoto \u0105\u017euolo plyt\u0173 spalvos gro\u017e\u012f, tod\u0117l puikiai tinka bet kokiam interjerui. Nesvarbu, ar jums labiau patinka bohemi\u0161kas, modernus, ar kaimi\u0161kas stilius, \u0161i lova suteiks j\u016bs\u0173 erdvei elegancijos ir \u0161ilumos.<\/p>\n<p>Tvirtas r\u0117mas suteikia \u201eScandi\u201c lov\u0105 ne tik patogiam miegui, bet ir tinkamam \u010diu\u017einio palaikymui. 100 cm auk\u0161tis leid\u017eia nepaprastai patogiai \u012flipti ir i\u0161lipti i\u0161 lovos, o 207 cm gylis sukuria tobul\u0105 aplink\u0105 poilsiui. D\u0117l rafinuotos konstrukcijos galite b\u016bti tikri, kad kiekviena naktis bus kupina atkuriamojo miego. Be to, komplekte esantis r\u0117mas yra prakti\u0161kas sprendimas, panaikinantis poreik\u012f pirkti papildomus priedus.<\/p>\n<p>\u201eScandi\u201c lova taip pat yra puikus pasirinkimas tiems, kurie vertina paprastus ir funkcionalius sprendimus. Lova surinkta patiems, tod\u0117l j\u0105 lengva surinkti akimirksniu, nereikia profesionalios pagalbos. Auk\u0161tos kokyb\u0117s med\u017eiagos u\u017etikrina patvarum\u0105 ir atsparum\u0105 kasdieniam naudojimui, tod\u0117l tai ilgalaik\u0117 investicija.<\/p>\n<p>D\u0117l laminuotos lentos lov\u0105 lengva valyti, o tai itin svarbu kasdieniame gyvenime. Alyvuotas plyt\u0173 imitacijos \u0105\u017euolas ne tik atrodo gra\u017eiai, bet ir suteikia kambariui nat\u016brali\u0105, maloni\u0105 atmosfer\u0105. Atraskite nauj\u0105 poilsio kokyb\u0119 su \u201eScandi\u201c lova ir kiekvien\u0105 nakt\u012f paverskite unikalia atsipalaidavimo ir komforto patirtimi.<\/p>","protected":false},"excerpt":{"rendered":"<p>Plotis (cm): 105<br \/>\n\u016agis (cm): 100<br \/>\nGylis (cm): 207<\/p>","protected":false},"featured_media":156141,"comment_status":"open","ping_status":"open","template":"","meta":[],"product_brand":[],"product_cat":[9430,505,4105],"product_tag":[],"class_list":{"0":"post-156140","1":"product","2":"type-product","3":"status-publish","4":"has-post-thumbnail","6":"product_cat-furniture-system-scandi","7":"product_cat-bedroom-beds","8":"product_cat-helvetia","10":"first","11":"instock","12":"purchasable","13":"product-type-simple"},"_links":{"self":[{"href":"https:\/\/baldumarket.lt\/lt\/wp-json\/wp\/v2\/product\/156140","targetHints":{"allow":["GET"]}}],"collection":[{"href":"https:\/\/baldumarket.lt\/lt\/wp-json\/wp\/v2\/product"}],"about":[{"href":"https:\/\/baldumarket.lt\/lt\/wp-json\/wp\/v2\/types\/product"}],"replies":[{"embeddable":true,"href":"https:\/\/baldumarket.lt\/lt\/wp-json\/wp\/v2\/comments?post=156140"}],"wp:featuredmedia":[{"embeddable":true,"href":"https:\/\/baldumarket.lt\/lt\/wp-json\/wp\/v2\/media\/156141"}],"wp:attachment":[{"href":"https:\/\/baldumarket.lt\/lt\/wp-json\/wp\/v2\/media?parent=156140"}],"wp:term":[{"taxonomy":"product_brand","embeddable":true,"href":"https:\/\/baldumarket.lt\/lt\/wp-json\/wp\/v2\/product_brand?post=156140"},{"taxonomy":"product_cat","embeddable":true,"href":"https:\/\/baldumarket.lt\/lt\/wp-json\/wp\/v2\/product_cat?post=156140"},{"taxonomy":"product_tag","embeddable":true,"href":"https:\/\/baldumarket.lt\/lt\/wp-json\/wp\/v2\/product_tag?post=156140"}],"curies":[{"name":"wp","href":"https:\/\/api.w.org\/{rel}","templated":true}]}}