{"id":156136,"date":"2025-12-18T18:23:49","date_gmt":"2025-12-18T15:23:49","guid":{"rendered":"https:\/\/baldumarket.lt\/product\/scandi-lozko-100x200-cm-dab-olejowany-ceglany\/"},"modified":"2026-02-05T12:08:57","modified_gmt":"2026-02-05T09:08:57","slug":"scandi-lozko-100x200-cm-dab-olejowany-ceglany","status":"publish","type":"product","link":"https:\/\/baldumarket.lt\/lt\/product\/scandi-lozko-100x200-cm-dab-olejowany-ceglany\/","title":{"rendered":"Scandi &#8211; Lova 100&#215;200 cm, alyvuotas plyt\u0173 \u0105\u017euolas"},"content":{"rendered":"<p>100\u00d7200 cm dyd\u017eio \u201eScandi\u201c lova \u2013 puikus pasirinkimas tiems, kurie vertina elegancij\u0105, paprastum\u0105 ir auk\u0161t\u0105 kokyb\u0119. Pagaminta i\u0161 alyvuoto \u0105\u017euolo, gra\u017eios plyt\u0173 raudonumo spalvos, ji sukurs jauk\u0173 kampel\u012f j\u016bs\u0173 miegamajame. Minimalistinis dizainas atitinka dabartines Skandinavijos tendencijas, derindamas funkcionalum\u0105 su estetika, tod\u0117l puikiai tinka tiek moderniam, tiek klasikiniam interjerui.<\/p>\n<p>Rinkdamiesi \u201eScandi\u201c lov\u0105, prioritet\u0105 teikiate patogiam miegui. Nors prie jos nepridedamas \u010diu\u017einys, tvirta konstrukcija leid\u017eia laisvai pasirinkti \u010diu\u017ein\u012f, kuris idealiai atitinka j\u016bs\u0173 poreikius. Nesvarbu, ar pageidaujate kietesnio, ar mink\u0161tesnio \u010diu\u017einio, lova suteikia stabil\u0173 pagrind\u0105, u\u017etikrinant\u012f ramias naktis ir ger\u0105 mieg\u0105.<\/p>\n<p>Vienas did\u017eiausi\u0173 \u0161ios lovos privalum\u0173 \u2013 lengvas valymas. Laminuota plok\u0161t\u0117, i\u0161 kurios ji pagaminta, yra atspari \u012fbr\u0117\u017eimams ir lengvai valoma \u2013 tereikia nuvalyti dr\u0117gnu skudur\u0117liu, kad ji ilgai i\u0161likt\u0173 \u0161vie\u017eia. D\u0117l to lova yra ne tik esteti\u0161kai patrauklus baldas, bet ir prakti\u0161ka kasdieniam naudojimui.<\/p>\n<p>Taip pat verta pamin\u0117ti, kad \u201eScandi\u201c lov\u0105 reikia surinkti patiems, tod\u0117l galite pritaikyti jos pad\u0117t\u012f pagal savo pageidavimus ir miegamojo s\u0105lygas. Kojel\u0117se \u012fmontuotas plastikas yra ne tik patvarus, bet ir suteikia visai konstrukcijai lengvumo poj\u016bt\u012f. Rinkit\u0117s \u201eHelvetia\u201c \u201eScandi\u201c lov\u0105 ir m\u0117gaukit\u0117s stilinga bei patogia vieta atsipalaiduoti kiekvien\u0105 dien\u0105.<\/p>","protected":false},"excerpt":{"rendered":"<p>Plotis (cm): 105<br \/>\n\u016agis (cm): 100<br \/>\nGylis (cm): 207<\/p>","protected":false},"featured_media":156137,"comment_status":"open","ping_status":"open","template":"","meta":[],"product_brand":[],"product_cat":[9430,505,4105],"product_tag":[],"class_list":{"0":"post-156136","1":"product","2":"type-product","3":"status-publish","4":"has-post-thumbnail","6":"product_cat-furniture-system-scandi","7":"product_cat-bedroom-beds","8":"product_cat-helvetia","10":"first","11":"instock","12":"purchasable","13":"product-type-simple"},"_links":{"self":[{"href":"https:\/\/baldumarket.lt\/lt\/wp-json\/wp\/v2\/product\/156136","targetHints":{"allow":["GET"]}}],"collection":[{"href":"https:\/\/baldumarket.lt\/lt\/wp-json\/wp\/v2\/product"}],"about":[{"href":"https:\/\/baldumarket.lt\/lt\/wp-json\/wp\/v2\/types\/product"}],"replies":[{"embeddable":true,"href":"https:\/\/baldumarket.lt\/lt\/wp-json\/wp\/v2\/comments?post=156136"}],"wp:featuredmedia":[{"embeddable":true,"href":"https:\/\/baldumarket.lt\/lt\/wp-json\/wp\/v2\/media\/156137"}],"wp:attachment":[{"href":"https:\/\/baldumarket.lt\/lt\/wp-json\/wp\/v2\/media?parent=156136"}],"wp:term":[{"taxonomy":"product_brand","embeddable":true,"href":"https:\/\/baldumarket.lt\/lt\/wp-json\/wp\/v2\/product_brand?post=156136"},{"taxonomy":"product_cat","embeddable":true,"href":"https:\/\/baldumarket.lt\/lt\/wp-json\/wp\/v2\/product_cat?post=156136"},{"taxonomy":"product_tag","embeddable":true,"href":"https:\/\/baldumarket.lt\/lt\/wp-json\/wp\/v2\/product_tag?post=156136"}],"curies":[{"name":"wp","href":"https:\/\/api.w.org\/{rel}","templated":true}]}}