{"id":156128,"date":"2025-12-18T18:23:33","date_gmt":"2025-12-18T15:23:33","guid":{"rendered":"https:\/\/baldumarket.lt\/product\/scandi-komoda-4s-zgaszona-zielen-dab-olejowany\/"},"modified":"2026-02-05T12:08:57","modified_gmt":"2026-02-05T09:08:57","slug":"scandi-komoda-4s-zgaszona-zielen-dab-olejowany","status":"publish","type":"product","link":"https:\/\/baldumarket.lt\/lt\/product\/scandi-komoda-4s-zgaszona-zielen-dab-olejowany\/","title":{"rendered":"Scandi &#8211; 4S komoda, dulk\u0117ta \u017ealia, alyvuotas \u0105\u017euolas"},"content":{"rendered":"<p>Atraskite minimalistinio stiliaus \u017eaves\u012f su prislopintos \u017ealios ir nat\u016bralaus alyvuoto \u0105\u017euolo spalvos 4S komoda. \u0160i eleganti\u0161ka Helvetia komoda ne tik papuo\u0161 j\u016bs\u0173 interjer\u0105, bet ir suteiks jaukumo. D\u0117l harmoningo prislopint\u0173 spalv\u0173 derinio \u0161is baldas puikiai \u012fsilies \u012f \u012fvairius interjerus \u2013 nuo skandinavi\u0161ko iki modernaus. Eleganti\u0161kas alyvuoto \u0105\u017euolo stalvir\u0161is suteikia baldui unikali\u0105 i\u0161vaizd\u0105, traukia ak\u012f ir suteikia \u0161ilt\u0105 charakter\u012f. 4S komoda \u2013 tai sprendimas tiems, kurie vertina funkcionalum\u0105 ir estetik\u0105. Keturi erdv\u016bs stal\u010diai u\u017etikrina puik\u0173 erdv\u0117s organizavim\u0105. \u010cia galite laikyti tiek kasdienius aksesuarus, tiek asmeninius daiktus, kuriuos norite visada tur\u0117ti po ranka. Stal\u010diai turi tvirtas apa\u010dioje tvirtinamas kreipian\u010di\u0105sias, u\u017etikrinan\u010dias skland\u0173 atidarym\u0105 ir u\u017edarym\u0105. Puikiai suplanuoti erdv\u0119 j\u016bs\u0173 namuose dar niekada nebuvo taip paprasta! Tai taip pat pad\u0117s palaikyti tvark\u0105. D\u0117l eleganti\u0161kos, prislopintos \u017ealios spalvos komoda tampa ne tik prakti\u0161ku baldu, bet ir dekoratyviniu elementu, kuris pagyvins bet kur\u012f kambar\u012f. Universalus dizainas paver\u010dia j\u0105 puikiu bet kurio miegamojo, svetain\u0117s ar biuro papildymu, sukuriant darni\u0105 ir stiling\u0105 atmosfer\u0105.<\/p>","protected":false},"excerpt":{"rendered":"<p>Plotis (cm): 90<br \/>\n\u016agis (cm): 90<br \/>\nGylis (cm): 40<\/p>","protected":false},"featured_media":156129,"comment_status":"open","ping_status":"open","template":"","meta":[],"product_brand":[],"product_cat":[9430,1173,4105],"product_tag":[],"class_list":{"0":"post-156128","1":"product","2":"type-product","3":"status-publish","4":"has-post-thumbnail","6":"product_cat-furniture-system-scandi","7":"product_cat-chests-of-drawers","8":"product_cat-helvetia","10":"first","11":"instock","12":"purchasable","13":"product-type-simple"},"_links":{"self":[{"href":"https:\/\/baldumarket.lt\/lt\/wp-json\/wp\/v2\/product\/156128","targetHints":{"allow":["GET"]}}],"collection":[{"href":"https:\/\/baldumarket.lt\/lt\/wp-json\/wp\/v2\/product"}],"about":[{"href":"https:\/\/baldumarket.lt\/lt\/wp-json\/wp\/v2\/types\/product"}],"replies":[{"embeddable":true,"href":"https:\/\/baldumarket.lt\/lt\/wp-json\/wp\/v2\/comments?post=156128"}],"wp:featuredmedia":[{"embeddable":true,"href":"https:\/\/baldumarket.lt\/lt\/wp-json\/wp\/v2\/media\/156129"}],"wp:attachment":[{"href":"https:\/\/baldumarket.lt\/lt\/wp-json\/wp\/v2\/media?parent=156128"}],"wp:term":[{"taxonomy":"product_brand","embeddable":true,"href":"https:\/\/baldumarket.lt\/lt\/wp-json\/wp\/v2\/product_brand?post=156128"},{"taxonomy":"product_cat","embeddable":true,"href":"https:\/\/baldumarket.lt\/lt\/wp-json\/wp\/v2\/product_cat?post=156128"},{"taxonomy":"product_tag","embeddable":true,"href":"https:\/\/baldumarket.lt\/lt\/wp-json\/wp\/v2\/product_tag?post=156128"}],"curies":[{"name":"wp","href":"https:\/\/api.w.org\/{rel}","templated":true}]}}