{"id":156121,"date":"2025-12-18T18:23:18","date_gmt":"2025-12-18T15:23:18","guid":{"rendered":"https:\/\/baldumarket.lt\/product\/scandi-komoda-4s-dab-olejowany-ceglany\/"},"modified":"2026-02-05T12:08:57","modified_gmt":"2026-02-05T09:08:57","slug":"scandi-komoda-4s-dab-olejowany-ceglany","status":"publish","type":"product","link":"https:\/\/baldumarket.lt\/lt\/product\/scandi-komoda-4s-dab-olejowany-ceglany\/","title":{"rendered":"Scandi &#8211; 4S komoda, alyvuota \u0105\u017euolo plyta"},"content":{"rendered":"<p>Pristatome \u201eScandi 4S\u201c indauja, pasi\u017eyminti intriguojan\u010diu alyvuoto plyt\u0173 \u0105\u017euolo atspalviu \u2013 puikus pasirinkimas tiems, kurie nori \u012f savo interjer\u0105 \u012ftraukti skandinavi\u0161ko stiliaus element\u0173. Minimalistin\u0117 forma ir eleganti\u0161ka medienos tekst\u016bra puikiai tinka bet kokiai erdvei \u2013 nuo modernaus iki klasikinio dizaino. Sukurkite jauki\u0105 atmosfer\u0105, kuri prad\u017eiugins j\u016bs\u0173 sve\u010dius. 90 cm plo\u010dio, 90 cm auk\u0161\u010dio ir 40 cm gylio indauja suteikia daug vietos \u012fvairiems daiktams laikyti. Joje galite laikyti dokumentus ar kasdienius aksesuarus, tokius kaip raktai ar pa\u0161tas. Keturi erdv\u016bs stal\u010diai pad\u0117s sutvarkyti j\u016bs\u0173 gyvenam\u0105j\u0105 erdv\u0119, o tai neabejotinai pagerins j\u016bs\u0173 savijaut\u0105. \u0160is gaminys i\u0161siskiria ne tik funkcionalumu, bet ir estetika. Indauja, pagaminta i\u0161 auk\u0161tos kokyb\u0117s laminuotos plok\u0161t\u0117s, sukuria puiki\u0105 erdv\u0119 dekoracijoms, knygoms ar nuotrauk\u0173 r\u0117meliams eksponuoti. D\u0117l neutralios alyvuoto \u0105\u017euolo spalvos komoda dera su kitais interjero elementais, leisdama bet kaip i\u0161d\u0117styti poilsio ar darbo erdv\u0119.<\/p>","protected":false},"excerpt":{"rendered":"<p>Plotis (cm): 90<br \/>\n\u016agis (cm): 90<br \/>\nGylis (cm): 40<\/p>","protected":false},"featured_media":156122,"comment_status":"open","ping_status":"open","template":"","meta":[],"product_brand":[],"product_cat":[9430,1173,4105],"product_tag":[],"class_list":{"0":"post-156121","1":"product","2":"type-product","3":"status-publish","4":"has-post-thumbnail","6":"product_cat-furniture-system-scandi","7":"product_cat-chests-of-drawers","8":"product_cat-helvetia","10":"first","11":"instock","12":"purchasable","13":"product-type-simple"},"_links":{"self":[{"href":"https:\/\/baldumarket.lt\/lt\/wp-json\/wp\/v2\/product\/156121","targetHints":{"allow":["GET"]}}],"collection":[{"href":"https:\/\/baldumarket.lt\/lt\/wp-json\/wp\/v2\/product"}],"about":[{"href":"https:\/\/baldumarket.lt\/lt\/wp-json\/wp\/v2\/types\/product"}],"replies":[{"embeddable":true,"href":"https:\/\/baldumarket.lt\/lt\/wp-json\/wp\/v2\/comments?post=156121"}],"wp:featuredmedia":[{"embeddable":true,"href":"https:\/\/baldumarket.lt\/lt\/wp-json\/wp\/v2\/media\/156122"}],"wp:attachment":[{"href":"https:\/\/baldumarket.lt\/lt\/wp-json\/wp\/v2\/media?parent=156121"}],"wp:term":[{"taxonomy":"product_brand","embeddable":true,"href":"https:\/\/baldumarket.lt\/lt\/wp-json\/wp\/v2\/product_brand?post=156121"},{"taxonomy":"product_cat","embeddable":true,"href":"https:\/\/baldumarket.lt\/lt\/wp-json\/wp\/v2\/product_cat?post=156121"},{"taxonomy":"product_tag","embeddable":true,"href":"https:\/\/baldumarket.lt\/lt\/wp-json\/wp\/v2\/product_tag?post=156121"}],"curies":[{"name":"wp","href":"https:\/\/api.w.org\/{rel}","templated":true}]}}