{"id":156114,"date":"2025-12-18T18:23:02","date_gmt":"2025-12-18T15:23:02","guid":{"rendered":"https:\/\/baldumarket.lt\/product\/scandi-biurko-3s-zgaszona-zielen-dab-olejowany\/"},"modified":"2026-02-05T12:08:57","modified_gmt":"2026-02-05T09:08:57","slug":"scandi-biurko-3s-zgaszona-zielen-dab-olejowany","status":"publish","type":"product","link":"https:\/\/baldumarket.lt\/lt\/product\/scandi-biurko-3s-zgaszona-zielen-dab-olejowany\/","title":{"rendered":"Scandi \u2013 3S ra\u0161omasis stalas, dulk\u0117ta \u017ealia, alyvuotas \u0105\u017euolas"},"content":{"rendered":"<p>Papuo\u0161kite savo nam\u0173 biuro erdv\u0119 moderniu skandinavi\u0161ku stiliumi su \u201eHelvetia\u201c prislopintos \u017ealios ir alyvuoto \u0105\u017euolo spalvos 3S stalu. \u0160is baldas ne tik pagerins j\u016bs\u0173 interjero estetik\u0105, bet ir suteiks kasdienio jaukumo j\u016bs\u0173 darbui. D\u0117l minimalistinio dizaino stalas harmoningai der\u0117s prie \u012fvairi\u0173 i\u0161d\u0117stym\u0173, suteikdamas gaivumo ir elegancijos. 120 cm plo\u010dio, 80 cm auk\u0161\u010dio ir 50 cm gylio stalas suteikia daug vietos visiems j\u016bs\u0173 biuro reikmenims, ne\u0161iojamam kompiuteriui ir dokumentams. Prislopintos \u017ealios spalvos r\u0117mas ir kojos kartu su nat\u016bralaus \u0105\u017euolo stalvir\u0161iu sukuria unikal\u0173, ak\u012f traukiant\u012f kontrast\u0105. Tai puikus sprendimas tiems, kurie vertina spalv\u0173 harmonij\u0105 ir jauk\u0173 interjer\u0105. Renkantis stal\u0105, svarbu ne tik i\u0161vaizda, bet ir funkcionalumas. Laminuota plok\u0161t\u0117 u\u017etikrina patvarum\u0105 ir lengv\u0105 valym\u0105, tod\u0117l stalas idealiai tinka tiek darbui, tiek mokymuisi. Savaranki\u0161kas surinkimas rei\u0161kia, kad nauju baldu d\u017eiaugsit\u0117s akimirksniu, o visi reikalingi priedai yra komplekte.<\/p>","protected":false},"excerpt":{"rendered":"<p>Plotis (cm): 120<br \/>\n\u016agis (cm): 80<br \/>\nGylis (cm): 50<\/p>","protected":false},"featured_media":156115,"comment_status":"open","ping_status":"open","template":"","meta":[],"product_brand":[],"product_cat":[9430,1312,4105],"product_tag":[],"class_list":{"0":"post-156114","1":"product","2":"type-product","3":"status-publish","4":"has-post-thumbnail","6":"product_cat-furniture-system-scandi","7":"product_cat-desks","8":"product_cat-helvetia","10":"first","11":"instock","12":"purchasable","13":"product-type-simple"},"_links":{"self":[{"href":"https:\/\/baldumarket.lt\/lt\/wp-json\/wp\/v2\/product\/156114","targetHints":{"allow":["GET"]}}],"collection":[{"href":"https:\/\/baldumarket.lt\/lt\/wp-json\/wp\/v2\/product"}],"about":[{"href":"https:\/\/baldumarket.lt\/lt\/wp-json\/wp\/v2\/types\/product"}],"replies":[{"embeddable":true,"href":"https:\/\/baldumarket.lt\/lt\/wp-json\/wp\/v2\/comments?post=156114"}],"wp:featuredmedia":[{"embeddable":true,"href":"https:\/\/baldumarket.lt\/lt\/wp-json\/wp\/v2\/media\/156115"}],"wp:attachment":[{"href":"https:\/\/baldumarket.lt\/lt\/wp-json\/wp\/v2\/media?parent=156114"}],"wp:term":[{"taxonomy":"product_brand","embeddable":true,"href":"https:\/\/baldumarket.lt\/lt\/wp-json\/wp\/v2\/product_brand?post=156114"},{"taxonomy":"product_cat","embeddable":true,"href":"https:\/\/baldumarket.lt\/lt\/wp-json\/wp\/v2\/product_cat?post=156114"},{"taxonomy":"product_tag","embeddable":true,"href":"https:\/\/baldumarket.lt\/lt\/wp-json\/wp\/v2\/product_tag?post=156114"}],"curies":[{"name":"wp","href":"https:\/\/api.w.org\/{rel}","templated":true}]}}