{"id":156108,"date":"2025-12-18T18:22:49","date_gmt":"2025-12-18T15:22:49","guid":{"rendered":"https:\/\/baldumarket.lt\/product\/scandi-biurko-3s-dab-olejowany-ceglany\/"},"modified":"2026-02-05T12:08:57","modified_gmt":"2026-02-05T09:08:57","slug":"scandi-biurko-3s-dab-olejowany-ceglany","status":"publish","type":"product","link":"https:\/\/baldumarket.lt\/lt\/product\/scandi-biurko-3s-dab-olejowany-ceglany\/","title":{"rendered":"Scandi &#8211; 3S ra\u0161omasis stalas, alyvuotas \u0105\u017euolo plyt\u0173 imitacijos"},"content":{"rendered":"<p>Paverskite savo darbo viet\u0105 tikru k\u016brybos centru su \u201eHelvetia\u201c \u201eScandi 3S Brick Oiled Oak\u201c ra\u0161omuoju stalu. \u0160is eleganti\u0161kas 120 x 80 x 50 cm stalas buvo sukurtas moderniam interjerui, derinant funkcionalum\u0105 su minimalistiniu skandinavi\u0161ku stiliumi. Nat\u016bral\u016bs alyvuoto \u0105\u017euolo atspalviai suteikia erdvei \u0161ilumos ir jaukumo, kartu suteikdami unikalaus charakterio, kuris tikrai prad\u017eiugins kiekvien\u0105 sve\u010di\u0105. J\u016bs \u012fvertinsite \u201eScandi\u201c stalo prakti\u0161kum\u0105 kiekvien\u0105 dien\u0105. Trijuose erdviuose stal\u010diuose galite lengvai susitvarkyti dokumentus, biuro reikmenis ir asmeninius daiktus, kad viskas b\u016bt\u0173 po ranka. Tai puikus sprendimas norint palaikyti tvark\u0105 ir tuo pa\u010diu metu sutelkti d\u0117mes\u012f \u012f darb\u0105. D\u0117l \u0161i\u0173 savybi\u0173 j\u016bs\u0173 stalas taps produktyvumo centru j\u016bs\u0173 nam\u0173 biure ar biuro erdv\u0117je. Stalas pagamintas i\u0161 auk\u0161tos kokyb\u0117s med\u017eiag\u0173, u\u017etikrinan\u010di\u0173 ne tik patvarum\u0105, bet ir lengv\u0105 valym\u0105. Tiek korpusui, tiek stalvir\u0161iui naudojama laminuota plok\u0161t\u0117 yra atspari \u012fbr\u0117\u017eimams ir d\u0117m\u0117ms, tod\u0117l idealiai tinka kasdieniam naudojimui. Investuodami \u012f \u201eScandi\u201c stal\u0105, renkat\u0117s gamin\u012f, kuris ne tik puikiai atrodo, bet ir atlaiko intensyvaus naudojimo reikalavimus.<\/p>","protected":false},"excerpt":{"rendered":"<p>Plotis (cm): 120<br \/>\n\u016agis (cm): 80<br \/>\nGylis (cm): 50<\/p>","protected":false},"featured_media":156109,"comment_status":"open","ping_status":"open","template":"","meta":[],"product_brand":[],"product_cat":[9430,1312,4105],"product_tag":[],"class_list":{"0":"post-156108","1":"product","2":"type-product","3":"status-publish","4":"has-post-thumbnail","6":"product_cat-furniture-system-scandi","7":"product_cat-desks","8":"product_cat-helvetia","10":"first","11":"instock","12":"purchasable","13":"product-type-simple"},"_links":{"self":[{"href":"https:\/\/baldumarket.lt\/lt\/wp-json\/wp\/v2\/product\/156108","targetHints":{"allow":["GET"]}}],"collection":[{"href":"https:\/\/baldumarket.lt\/lt\/wp-json\/wp\/v2\/product"}],"about":[{"href":"https:\/\/baldumarket.lt\/lt\/wp-json\/wp\/v2\/types\/product"}],"replies":[{"embeddable":true,"href":"https:\/\/baldumarket.lt\/lt\/wp-json\/wp\/v2\/comments?post=156108"}],"wp:featuredmedia":[{"embeddable":true,"href":"https:\/\/baldumarket.lt\/lt\/wp-json\/wp\/v2\/media\/156109"}],"wp:attachment":[{"href":"https:\/\/baldumarket.lt\/lt\/wp-json\/wp\/v2\/media?parent=156108"}],"wp:term":[{"taxonomy":"product_brand","embeddable":true,"href":"https:\/\/baldumarket.lt\/lt\/wp-json\/wp\/v2\/product_brand?post=156108"},{"taxonomy":"product_cat","embeddable":true,"href":"https:\/\/baldumarket.lt\/lt\/wp-json\/wp\/v2\/product_cat?post=156108"},{"taxonomy":"product_tag","embeddable":true,"href":"https:\/\/baldumarket.lt\/lt\/wp-json\/wp\/v2\/product_tag?post=156108"}],"curies":[{"name":"wp","href":"https:\/\/api.w.org\/{rel}","templated":true}]}}