{"id":156101,"date":"2025-12-18T18:22:34","date_gmt":"2025-12-18T15:22:34","guid":{"rendered":"https:\/\/baldumarket.lt\/product\/scandi-bielizniarka-2d1s-zgaszona-zielen-dab-olejowany\/"},"modified":"2026-02-05T12:09:05","modified_gmt":"2026-02-05T09:09:05","slug":"scandi-bielizniarka-2d1s-zgaszona-zielen-dab-olejowany","status":"publish","type":"product","link":"https:\/\/baldumarket.lt\/lt\/product\/scandi-bielizniarka-2d1s-zgaszona-zielen-dab-olejowany\/","title":{"rendered":"Scandi &#8211; 2D1S komoda, dulk\u0117ta \u017ealia, alyvuotas \u0105\u017euolas"},"content":{"rendered":"<p>Atraskite unikal\u0173 \u201eScandi\u201c patalyn\u0117s spintos \u017eaves\u012f \u2013 prislopintos \u017ealios spalvos su \u0105\u017euolo apdaila, kuri puikiai papildys bet kok\u012f interjer\u0105. Sukurta atsi\u017evelgiant \u012f harmonij\u0105 ir stili\u0173, \u0161i eleganti\u0161ka patalyn\u0117s spinta taps j\u016bs\u0173 miegamojo traukos centru, suteikdama rafinuoto charakterio. Klasikin\u0117 estetika ir prislopintos spalvos puikiai tinka \u012fvairiems interjerams \u2013 nuo modernaus iki skandinavi\u0161ko. \u201eScandi\u201c patalyn\u0117s spinta si\u016blo ne tik estetin\u012f patrauklum\u0105, bet ir prakti\u0161kus sprendimus. Erdvios lentynos ir talpus stal\u010dius leis lengvai susitvarkyti patalyn\u0119 ir aksesuarus. Prakti\u0161kas dizainas ir lengva prieiga prie vidaus leis kasdien tvarkyti daiktus malonumu. Prislopinta \u017ealia bald\u0173 spalva suteiks j\u016bs\u0173 namams ramyb\u0117s ir atsipalaidavimo, idealiai tinka kasdien\u0117ms u\u017eduotims. Pagaminta i\u0161 auk\u0161tos kokyb\u0117s med\u017eiag\u0173, patalyn\u0117s spinta pasi\u017eymi ilgaam\u017ei\u0161kumu. Laminuota korpuso ir priekin\u0117s dalies plok\u0161t\u0117 u\u017etikrina atsparum\u0105 pa\u017eeidimams ir lengv\u0105 prie\u017ei\u016br\u0105. D\u0117l novatori\u0161k\u0173 vyri\u0173 ir kreipian\u010di\u0173j\u0173 baldai veikia tyliai ir skland\u017eiai, tod\u0117l juos patogu naudoti. Be to, savaranki\u0161ko surinkimo galimyb\u0117 leid\u017eia lengvai transportuoti ir surinkti baldus patogioje vietoje.<\/p>","protected":false},"excerpt":{"rendered":"<p>Plotis (cm): 90<br \/>\n\u016agis (cm): 150<br \/>\nGylis (cm): 40<\/p>","protected":false},"featured_media":156102,"comment_status":"open","ping_status":"open","template":"","meta":[],"product_brand":[],"product_cat":[9430,4105,1177],"product_tag":[],"class_list":{"0":"post-156101","1":"product","2":"type-product","3":"status-publish","4":"has-post-thumbnail","6":"product_cat-furniture-system-scandi","7":"product_cat-helvetia","8":"product_cat-wardrobes","10":"first","11":"instock","12":"purchasable","13":"product-type-simple"},"_links":{"self":[{"href":"https:\/\/baldumarket.lt\/lt\/wp-json\/wp\/v2\/product\/156101","targetHints":{"allow":["GET"]}}],"collection":[{"href":"https:\/\/baldumarket.lt\/lt\/wp-json\/wp\/v2\/product"}],"about":[{"href":"https:\/\/baldumarket.lt\/lt\/wp-json\/wp\/v2\/types\/product"}],"replies":[{"embeddable":true,"href":"https:\/\/baldumarket.lt\/lt\/wp-json\/wp\/v2\/comments?post=156101"}],"wp:featuredmedia":[{"embeddable":true,"href":"https:\/\/baldumarket.lt\/lt\/wp-json\/wp\/v2\/media\/156102"}],"wp:attachment":[{"href":"https:\/\/baldumarket.lt\/lt\/wp-json\/wp\/v2\/media?parent=156101"}],"wp:term":[{"taxonomy":"product_brand","embeddable":true,"href":"https:\/\/baldumarket.lt\/lt\/wp-json\/wp\/v2\/product_brand?post=156101"},{"taxonomy":"product_cat","embeddable":true,"href":"https:\/\/baldumarket.lt\/lt\/wp-json\/wp\/v2\/product_cat?post=156101"},{"taxonomy":"product_tag","embeddable":true,"href":"https:\/\/baldumarket.lt\/lt\/wp-json\/wp\/v2\/product_tag?post=156101"}],"curies":[{"name":"wp","href":"https:\/\/api.w.org\/{rel}","templated":true}]}}