{"id":156095,"date":"2025-12-18T18:22:22","date_gmt":"2025-12-18T15:22:22","guid":{"rendered":"https:\/\/baldumarket.lt\/product\/scandi-bielizniarka-2d1s-dab-olejowany-ceglany\/"},"modified":"2026-02-05T12:09:05","modified_gmt":"2026-02-05T09:09:05","slug":"scandi-bielizniarka-2d1s-dab-olejowany-ceglany","status":"publish","type":"product","link":"https:\/\/baldumarket.lt\/lt\/product\/scandi-bielizniarka-2d1s-dab-olejowany-ceglany\/","title":{"rendered":"Scandi &#8211; 2D1S linin\u0117 spinta i\u0161 alyvuoto plyt\u0173 \u0105\u017euolo"},"content":{"rendered":"<p>Atraskite unikal\u0173 \u201eScandi 2D1S\u201c patalyn\u0117s spintos, pagamintos i\u0161 alyvuoto plyt\u0173 \u0105\u017euolo, \u017eaves\u012f i\u0161 garsaus \u201eHelvetia\u201c prek\u0117s \u017eenklo. \u0160is baldas puikiai der\u0117s prie bet kokio modernaus ir skandinavi\u0161ko interjero. Prislopintos, nat\u016bralios spalvos kartu su eleganti\u0161ku paprastumu sukuria harmoning\u0105 visum\u0105, kuri pagerins j\u016bs\u0173 gyvenim\u0105 kiekvien\u0105 dien\u0105. Pamatykite, kiek daug jis papildys j\u016bs\u0173 namus. \u201e2D1S\u201c patalyn\u0117s spinta yra ne tik esteti\u0161kai patraukli, bet ir i\u0161skirtinai funkcionali. D\u0117l erdvi\u0173 stal\u010di\u0173 ir erdvi\u0173 lentyn\u0173 galite lengvai susisteminti savo lobius \u2013 nuo drabu\u017ei\u0173 iki apatini\u0173 drabu\u017ei\u0173 ir aksesuar\u0173. Pagaliau viskas turi savo viet\u0105 ir jums nebereikia ie\u0161koti chaoti\u0161kose lentynose. Tai puikus sprendimas tiems, kurie kasdieniame gyvenime vertina tvark\u0105 ir komfort\u0105. Pagaminta i\u0161 auk\u0161tos kokyb\u0117s laminuotos plok\u0161t\u0117s, \u201e2D1S\u201c patalyn\u0117s spinta pasi\u017eymi ne tik estetine i\u0161vaizda, bet ir patvarumu. D\u0117l alyvuoto pavir\u0161iaus baldai yra atspar\u016bs \u012fbr\u0117\u017eimams ir pa\u017eeidimams, u\u017etikrinant ilgalaik\u012f malonum\u0105. Be to, paprastas dizainas leid\u017eia juos lengvai valyti, o tai ne\u012fkainojamas privalumas da\u017enai naudojamose erdv\u0117se.<\/p>","protected":false},"excerpt":{"rendered":"<p>Plotis (cm): 90<br \/>\n\u016agis (cm): 150<br \/>\nGylis (cm): 40<\/p>","protected":false},"featured_media":156096,"comment_status":"open","ping_status":"open","template":"","meta":[],"product_brand":[],"product_cat":[9430,4105,1177],"product_tag":[],"class_list":{"0":"post-156095","1":"product","2":"type-product","3":"status-publish","4":"has-post-thumbnail","6":"product_cat-furniture-system-scandi","7":"product_cat-helvetia","8":"product_cat-wardrobes","10":"first","11":"instock","12":"purchasable","13":"product-type-simple"},"_links":{"self":[{"href":"https:\/\/baldumarket.lt\/lt\/wp-json\/wp\/v2\/product\/156095","targetHints":{"allow":["GET"]}}],"collection":[{"href":"https:\/\/baldumarket.lt\/lt\/wp-json\/wp\/v2\/product"}],"about":[{"href":"https:\/\/baldumarket.lt\/lt\/wp-json\/wp\/v2\/types\/product"}],"replies":[{"embeddable":true,"href":"https:\/\/baldumarket.lt\/lt\/wp-json\/wp\/v2\/comments?post=156095"}],"wp:featuredmedia":[{"embeddable":true,"href":"https:\/\/baldumarket.lt\/lt\/wp-json\/wp\/v2\/media\/156096"}],"wp:attachment":[{"href":"https:\/\/baldumarket.lt\/lt\/wp-json\/wp\/v2\/media?parent=156095"}],"wp:term":[{"taxonomy":"product_brand","embeddable":true,"href":"https:\/\/baldumarket.lt\/lt\/wp-json\/wp\/v2\/product_brand?post=156095"},{"taxonomy":"product_cat","embeddable":true,"href":"https:\/\/baldumarket.lt\/lt\/wp-json\/wp\/v2\/product_cat?post=156095"},{"taxonomy":"product_tag","embeddable":true,"href":"https:\/\/baldumarket.lt\/lt\/wp-json\/wp\/v2\/product_tag?post=156095"}],"curies":[{"name":"wp","href":"https:\/\/api.w.org\/{rel}","templated":true}]}}