{"id":156089,"date":"2025-12-18T18:22:09","date_gmt":"2025-12-18T15:22:09","guid":{"rendered":"https:\/\/baldumarket.lt\/product\/rosa-zabudowa-pralki-lub-suszarki-1s-congo-dab-olejowany\/"},"modified":"2026-02-05T12:05:51","modified_gmt":"2026-02-05T09:05:51","slug":"rosa-zabudowa-pralki-lub-suszarki-1s-congo-dab-olejowany","status":"publish","type":"product","link":"https:\/\/baldumarket.lt\/lt\/product\/rosa-zabudowa-pralki-lub-suszarki-1s-congo-dab-olejowany\/","title":{"rendered":"Rosa &#8211; Skalbimo ma\u0161inos arba d\u017eiovykl\u0117s spintel\u0117 1S, Kongo alyvuotas \u0105\u017euolas"},"content":{"rendered":"<p>\u201eRosa\u201c \u2013 eleganti\u0161kas ir funkcionalus baldas, puikiai derantis prie bet kokio interjero, derinantis prakti\u0161kum\u0105 su estetika. Kongo alyvuoto \u0105\u017euolo spalva suteikia \u0161ilumos ir nat\u016bralaus \u017eavesio, tod\u0117l lengvai \u012fsilieja tiek \u012f modern\u0173, tiek \u012f klasikin\u012f interjer\u0105. Siekianti harmonijos interjero dizaine, \u201eRosa\u201c pavers j\u016bs\u0173 vonios kambar\u012f ar skalbykl\u0105 ne tik darbo, bet ir poilsio erdve. Be patrauklaus dizaino, \u201eRosa\u201c baldas buvo sukurtas atsi\u017evelgiant \u012f kasdien\u012f naudojim\u0105. Erdvi konstrukcija leid\u017eia patogiai pastatyti skalbimo ma\u0161in\u0105 ar d\u017eiovykl\u0119, tod\u0117l daug lengviau laikyti \u012fvairius skalbimo reikmenis. D\u0117l auk\u0161\u010dio reguliatoriaus galite j\u012f pritaikyti savo poreikiams, tod\u0117l tai tampa baldu, kuris auga kartu su jumis. Prakti\u0161kos lentynos ir metalin\u0117s rankenos ne tik suteikia funkcionalumo, bet ir pabr\u0117\u017eia modern\u0173 baldo charakter\u012f. Galite lengvai susitvarkyti skalbimo priemones, rank\u0161luos\u010dius ir kitus priedus, sukurdami visada tvarking\u0105 erdv\u0119. \u201eRosa\u201c \u2013 tai ne tik baldas; tai gyvenimo b\u016bdas, u\u017etikrinantis komfort\u0105 ir tvark\u0105.<\/p>","protected":false},"excerpt":{"rendered":"<p>Plotis (cm): 67<br \/>\n\u016agis (cm): 117<br \/>\nGylis (cm): 67<\/p>","protected":false},"featured_media":156090,"comment_status":"open","ping_status":"open","template":"","meta":[],"product_brand":[],"product_cat":[9429,4105,1987],"product_tag":[],"class_list":{"0":"post-156089","1":"product","2":"type-product","3":"status-publish","4":"has-post-thumbnail","6":"product_cat-bathroom-furniture-rosa","7":"product_cat-helvetia","8":"product_cat-shelving-units","10":"first","11":"instock","12":"purchasable","13":"product-type-simple"},"_links":{"self":[{"href":"https:\/\/baldumarket.lt\/lt\/wp-json\/wp\/v2\/product\/156089","targetHints":{"allow":["GET"]}}],"collection":[{"href":"https:\/\/baldumarket.lt\/lt\/wp-json\/wp\/v2\/product"}],"about":[{"href":"https:\/\/baldumarket.lt\/lt\/wp-json\/wp\/v2\/types\/product"}],"replies":[{"embeddable":true,"href":"https:\/\/baldumarket.lt\/lt\/wp-json\/wp\/v2\/comments?post=156089"}],"wp:featuredmedia":[{"embeddable":true,"href":"https:\/\/baldumarket.lt\/lt\/wp-json\/wp\/v2\/media\/156090"}],"wp:attachment":[{"href":"https:\/\/baldumarket.lt\/lt\/wp-json\/wp\/v2\/media?parent=156089"}],"wp:term":[{"taxonomy":"product_brand","embeddable":true,"href":"https:\/\/baldumarket.lt\/lt\/wp-json\/wp\/v2\/product_brand?post=156089"},{"taxonomy":"product_cat","embeddable":true,"href":"https:\/\/baldumarket.lt\/lt\/wp-json\/wp\/v2\/product_cat?post=156089"},{"taxonomy":"product_tag","embeddable":true,"href":"https:\/\/baldumarket.lt\/lt\/wp-json\/wp\/v2\/product_tag?post=156089"}],"curies":[{"name":"wp","href":"https:\/\/api.w.org\/{rel}","templated":true}]}}