{"id":156083,"date":"2025-12-18T18:21:55","date_gmt":"2025-12-18T15:21:55","guid":{"rendered":"https:\/\/baldumarket.lt\/product\/rosa-zabudowa-pralki-i-suszarki-2s-congo-dab-olejowany\/"},"modified":"2026-02-05T12:05:51","modified_gmt":"2026-02-05T09:05:51","slug":"rosa-zabudowa-pralki-i-suszarki-2s-congo-dab-olejowany","status":"publish","type":"product","link":"https:\/\/baldumarket.lt\/lt\/product\/rosa-zabudowa-pralki-i-suszarki-2s-congo-dab-olejowany\/","title":{"rendered":"Rosa \u2013 skalbimo ma\u0161ina ir d\u017eiovykl\u0117 2S, Kongo alyvuotas \u0105\u017euolas"},"content":{"rendered":"<p>Atraskite funkcionalumo gro\u017e\u012f su \u012fmontuojama skalbimo ma\u0161ina ir d\u017eiovykle \u201eRosa\u201c. \u0160is ak\u012f traukiantis Kongo alyvuoto \u0105\u017euolo medienos spintel\u0117 \u2013 tobulas estetikos ir prakti\u0161kumo derinys. D\u0117l universalios spalv\u0173 gamos ji papildys \u012fvairius interjero dizainus, i\u0161laikydama modern\u0173 vaizd\u0105. \u0160is spintel\u0117 ne tik suteikia viet\u0105 buitinei technikai, bet ir yra stilingas j\u016bs\u0173 vonios kambario ar \u016bkin\u0117s patalpos papildymas. \u201eRosa\u201c i\u0161siskiria gerai apgalvotomis proporcijomis, puikiai tinkan\u010diomis bet kokiam interjerui, o 132 cm plo\u010dio ir 117 cm auk\u0161\u010dio d\u0117ka jai rasite viet\u0105 bet kuriame kambaryje. Naudotos med\u017eiagos, tokios kaip laminuota plok\u0161t\u0117, u\u017etikrina patvarum\u0105 ir lengv\u0105 prie\u017ei\u016br\u0105. Be to, metalin\u0117s rankenos ir reguliuojamos kojel\u0117s garantuoja stabilum\u0105 ir patogum\u0105. \u0160i \u012fmontuojama spintel\u0117 \u2013 tai sprendimas, kuris neabejotinai supaprastins kasdien\u012f gyvenim\u0105. Pagrindinis \u012fmontuojamos \u201eRosa\u201c spintel\u0117s privalumas \u2013 jos funkcionalumas. Ji pasi\u017eymi erdviu i\u0161planavimu, kuriame telpa ne tik skalbimo ma\u0161ina ir d\u017eiovykl\u0117, bet ir lentynos skalbimo priemon\u0117ms bei skalbimo priedams laikyti. Tokiu b\u016bdu viskas yra po ranka, tod\u0117l skalbti bus daug maloniau. Tvarkinga erdv\u0117 kartu su eleganti\u0161ku dizainu yra harmoningo interjero raktas.<\/p>","protected":false},"excerpt":{"rendered":"<p>Plotis (cm): 132<br \/>\n\u016agis (cm): 117<br \/>\nGylis (cm): 67<\/p>","protected":false},"featured_media":156084,"comment_status":"open","ping_status":"open","template":"","meta":[],"product_brand":[],"product_cat":[9429,4105,1987],"product_tag":[],"class_list":{"0":"post-156083","1":"product","2":"type-product","3":"status-publish","4":"has-post-thumbnail","6":"product_cat-bathroom-furniture-rosa","7":"product_cat-helvetia","8":"product_cat-shelving-units","10":"first","11":"instock","12":"purchasable","13":"product-type-simple"},"_links":{"self":[{"href":"https:\/\/baldumarket.lt\/lt\/wp-json\/wp\/v2\/product\/156083","targetHints":{"allow":["GET"]}}],"collection":[{"href":"https:\/\/baldumarket.lt\/lt\/wp-json\/wp\/v2\/product"}],"about":[{"href":"https:\/\/baldumarket.lt\/lt\/wp-json\/wp\/v2\/types\/product"}],"replies":[{"embeddable":true,"href":"https:\/\/baldumarket.lt\/lt\/wp-json\/wp\/v2\/comments?post=156083"}],"wp:featuredmedia":[{"embeddable":true,"href":"https:\/\/baldumarket.lt\/lt\/wp-json\/wp\/v2\/media\/156084"}],"wp:attachment":[{"href":"https:\/\/baldumarket.lt\/lt\/wp-json\/wp\/v2\/media?parent=156083"}],"wp:term":[{"taxonomy":"product_brand","embeddable":true,"href":"https:\/\/baldumarket.lt\/lt\/wp-json\/wp\/v2\/product_brand?post=156083"},{"taxonomy":"product_cat","embeddable":true,"href":"https:\/\/baldumarket.lt\/lt\/wp-json\/wp\/v2\/product_cat?post=156083"},{"taxonomy":"product_tag","embeddable":true,"href":"https:\/\/baldumarket.lt\/lt\/wp-json\/wp\/v2\/product_tag?post=156083"}],"curies":[{"name":"wp","href":"https:\/\/api.w.org\/{rel}","templated":true}]}}