{"id":156076,"date":"2025-12-18T18:21:40","date_gmt":"2025-12-18T15:21:40","guid":{"rendered":"https:\/\/baldumarket.lt\/product\/rosa-zabudowa-na-pralke-i-suszarke-2s-czarny-onyx\/"},"modified":"2026-02-05T12:05:51","modified_gmt":"2026-02-05T09:05:51","slug":"rosa-zabudowa-na-pralke-i-suszarke-2s-czarny-onyx","status":"publish","type":"product","link":"https:\/\/baldumarket.lt\/lt\/product\/rosa-zabudowa-na-pralke-i-suszarke-2s-czarny-onyx\/","title":{"rendered":"Rosa \u2013 2S skalbimo ma\u0161inos ir d\u017eiovykl\u0117s spintel\u0117, juodo onikso spalvos"},"content":{"rendered":"<p>Atraskite \u201eRosa \u2013 2S\u201c skalbimo ma\u0161in\u0105 ir d\u017eiovykl\u0119 \u2013 tobul\u0105 sprendim\u0105 j\u016bs\u0173 vonios kambariui ar pagalbinei patalpai. Eleganti\u0161ka juodo onikso apdaila, \u0161is unikalus baldas derina modern\u0173 dizain\u0105 su prakti\u0161kumu, sukurdamas harmoning\u0105 estetikos ir funkcionalumo derin\u012f. \u201eRosa\u201c si\u016blo i\u0161skirtines dizaino galimybes, kurios neabejotinai papuo\u0161 bet kok\u012f interjer\u0105. Minimalistin\u0117 forma \u2013 132 cm plo\u010dio, 117 cm auk\u0161\u010dio ir 67 cm gylio \u2013 leid\u017eia j\u012f lengvai pritaikyti \u012fvairiose erdv\u0117se. Juoda apdaila suteikia elegancijos ir yra pakankamai universali, kad skland\u017eiai der\u0117t\u0173 su kitais kambario baldais ir aksesuarais. Funkcionalumas yra pagrindinis \u201eRosa\u201c baldo bruo\u017eas. Laminuotos plok\u0161t\u0117s naudojimas tiek korpuse, tiek priekin\u0117se dalyse u\u017etikrina ne tik patvarum\u0105, bet ir lengv\u0105 valym\u0105. D\u0117l ergonomi\u0161ko i\u0161d\u0117stymo galite tvarkingai laikyti savo prietaisus, o tai tikrai supaprastins kasdienius darbus. Kiekvienoje spintel\u0117je taip pat rasite tinkamas lentynas, kurios leis greitai pasiekti skalbimo priemones ir skalbimo priedus.<\/p>","protected":false},"excerpt":{"rendered":"<p>Plotis (cm): 132<br \/>\n\u016agis (cm): 117<br \/>\nGylis (cm): 67<\/p>","protected":false},"featured_media":156077,"comment_status":"open","ping_status":"open","template":"","meta":[],"product_brand":[],"product_cat":[9429,4105,1987],"product_tag":[],"class_list":{"0":"post-156076","1":"product","2":"type-product","3":"status-publish","4":"has-post-thumbnail","6":"product_cat-bathroom-furniture-rosa","7":"product_cat-helvetia","8":"product_cat-shelving-units","10":"first","11":"instock","12":"purchasable","13":"product-type-simple"},"_links":{"self":[{"href":"https:\/\/baldumarket.lt\/lt\/wp-json\/wp\/v2\/product\/156076","targetHints":{"allow":["GET"]}}],"collection":[{"href":"https:\/\/baldumarket.lt\/lt\/wp-json\/wp\/v2\/product"}],"about":[{"href":"https:\/\/baldumarket.lt\/lt\/wp-json\/wp\/v2\/types\/product"}],"replies":[{"embeddable":true,"href":"https:\/\/baldumarket.lt\/lt\/wp-json\/wp\/v2\/comments?post=156076"}],"wp:featuredmedia":[{"embeddable":true,"href":"https:\/\/baldumarket.lt\/lt\/wp-json\/wp\/v2\/media\/156077"}],"wp:attachment":[{"href":"https:\/\/baldumarket.lt\/lt\/wp-json\/wp\/v2\/media?parent=156076"}],"wp:term":[{"taxonomy":"product_brand","embeddable":true,"href":"https:\/\/baldumarket.lt\/lt\/wp-json\/wp\/v2\/product_brand?post=156076"},{"taxonomy":"product_cat","embeddable":true,"href":"https:\/\/baldumarket.lt\/lt\/wp-json\/wp\/v2\/product_cat?post=156076"},{"taxonomy":"product_tag","embeddable":true,"href":"https:\/\/baldumarket.lt\/lt\/wp-json\/wp\/v2\/product_tag?post=156076"}],"curies":[{"name":"wp","href":"https:\/\/api.w.org\/{rel}","templated":true}]}}