{"id":156069,"date":"2025-12-18T18:21:25","date_gmt":"2025-12-18T15:21:25","guid":{"rendered":"https:\/\/baldumarket.lt\/product\/rosa-slupek-wysoki-1d1s-congo-dab-olejowany\/"},"modified":"2026-02-05T12:05:51","modified_gmt":"2026-02-05T09:05:51","slug":"rosa-slupek-wysoki-1d1s-congo-dab-olejowany","status":"publish","type":"product","link":"https:\/\/baldumarket.lt\/lt\/product\/rosa-slupek-wysoki-1d1s-congo-dab-olejowany\/","title":{"rendered":"Rosa \u2013 Auk\u0161tas stulpas 1D1S Kongo alyvuotas \u0105\u017euolas"},"content":{"rendered":"<p>Paverskite savo erdv\u0119 elegancijos ir stiliaus oaze su auk\u0161ta kolona \u201eRosa 1D1S\u201c i\u0161 Kongo alyvuoto \u0105\u017euolo. \u0160is unikalus \u201eHelvetia\u201c baldas \u2013 tai tobulas modernaus dizaino ir funkcionalumo derinys, suteikiantis charakterio bet kokiam interjerui. Auk\u0161tos kokyb\u0117s forma, nat\u016bral\u016bs med\u017eio atspalviai ir kruop\u0161\u010diai atrinktos detal\u0117s sukuria harmoning\u0105 atmosfer\u0105, kurioje kiekviena detal\u0117 yra kruop\u0161\u010diai apgalvota. Kongo alyvuoto \u0105\u017euolo spalva suteikia kolonai i\u0161skirtin\u0117s elegancijos, o minimalistinis siluetas puikiai tinka tiek moderniam, tiek klasikiniam interjerui. Vienodo atspalvio spintel\u0117s ir lentynos pagerina baldo estetik\u0105 ir yra puiki vieta laikyti ir eksponuoti m\u0117gstamas dekoracijas, knygas ar buitinius prietaisus. Be unikalios i\u0161vaizdos, \u201eRosa\u201c kolona taip pat yra prakti\u0161ka. D\u0117l gerai apgalvoto dizaino ji suteikia daug vietos viskam, ko jums reikia, kad ji b\u016bt\u0173 po ranka. U\u017elenkiami vyriai ir ritininiai kreiptuvai garantuoja skland\u0173 dur\u0173 atidarym\u0105 ir lengv\u0105 prieig\u0105 prie vidaus. Nesvarbu, ar j\u0105 naudosite vonios kambaryje, svetain\u0117je, miegamajame ar biure, \u201eRosa\u201c prisitaikys prie j\u016bs\u0173 poreiki\u0173, derindama estetik\u0105 su kasdieniu funkcionalumu.<\/p>","protected":false},"excerpt":{"rendered":"<p>Plotis (cm): 40<br \/>\n\u016agis (cm): 197<br \/>\nGylis (cm): 40<\/p>","protected":false},"featured_media":156070,"comment_status":"open","ping_status":"open","template":"","meta":[],"product_brand":[],"product_cat":[9429,4105,1987],"product_tag":[],"class_list":{"0":"post-156069","1":"product","2":"type-product","3":"status-publish","4":"has-post-thumbnail","6":"product_cat-bathroom-furniture-rosa","7":"product_cat-helvetia","8":"product_cat-shelving-units","10":"first","11":"instock","12":"purchasable","13":"product-type-simple"},"_links":{"self":[{"href":"https:\/\/baldumarket.lt\/lt\/wp-json\/wp\/v2\/product\/156069","targetHints":{"allow":["GET"]}}],"collection":[{"href":"https:\/\/baldumarket.lt\/lt\/wp-json\/wp\/v2\/product"}],"about":[{"href":"https:\/\/baldumarket.lt\/lt\/wp-json\/wp\/v2\/types\/product"}],"replies":[{"embeddable":true,"href":"https:\/\/baldumarket.lt\/lt\/wp-json\/wp\/v2\/comments?post=156069"}],"wp:featuredmedia":[{"embeddable":true,"href":"https:\/\/baldumarket.lt\/lt\/wp-json\/wp\/v2\/media\/156070"}],"wp:attachment":[{"href":"https:\/\/baldumarket.lt\/lt\/wp-json\/wp\/v2\/media?parent=156069"}],"wp:term":[{"taxonomy":"product_brand","embeddable":true,"href":"https:\/\/baldumarket.lt\/lt\/wp-json\/wp\/v2\/product_brand?post=156069"},{"taxonomy":"product_cat","embeddable":true,"href":"https:\/\/baldumarket.lt\/lt\/wp-json\/wp\/v2\/product_cat?post=156069"},{"taxonomy":"product_tag","embeddable":true,"href":"https:\/\/baldumarket.lt\/lt\/wp-json\/wp\/v2\/product_tag?post=156069"}],"curies":[{"name":"wp","href":"https:\/\/api.w.org\/{rel}","templated":true}]}}