{"id":156066,"date":"2025-12-18T18:21:19","date_gmt":"2025-12-18T15:21:19","guid":{"rendered":"https:\/\/baldumarket.lt\/product\/rino-biurko-narozne-sonoma-eiche\/"},"modified":"2026-02-03T23:33:01","modified_gmt":"2026-02-03T20:33:01","slug":"rino-biurko-narozne-sonoma-eiche","status":"publish","type":"product","link":"https:\/\/baldumarket.lt\/lt\/product\/rino-biurko-narozne-sonoma-eiche\/","title":{"rendered":"Rino \u2013 Sonoma Eiche kampinis ra\u0161omasis stalas"},"content":{"rendered":"<p>\u201eRino\u201c \u2013 eleganti\u0161kas kampinis ra\u0161omasis stalas i\u0161 \u201eHelvetia\u201c, puikiai tinkantis moderniam interjerui. Jo funkcionalumas leid\u017eia patogiai dirbti tiek mokantis, tiek dirbant. Stalas pagamintas i\u0161 auk\u0161tos kokyb\u0117s laminuotos plok\u0161t\u0117s, u\u017etikrinan\u010dios patvarum\u0105 ir atsparum\u0105 dilimui. \u201eSonoma Eiche\u201c \u0105\u017euolo spalvos lenta suteikia \u0161ilumos ir nat\u016bralumo bet kokiam kambariui, nepriklausomai nuo jo stiliaus.<br \/>\n\u201eRino\u201c pasi\u017eymi ne tik tvirta konstrukcija, bet ir estetika bei elegancija, pad\u0117dami sukurti \u012fkvepian\u010di\u0105 darbo viet\u0105. D\u0117l 80 cm plo\u010dio ir vienodo gylio stalas puikiai tinka net ank\u0161tose erdv\u0117se ir yra patogus. Papildomas privalumas \u2013 lengvas valymas ir prie\u017ei\u016bra \u2013 dr\u0117gna \u0161luoste stalas atkuria pirmin\u012f blizges\u012f.<br \/>\nSukurkite patogi\u0105 ir funkcionali\u0105 darbo viet\u0105 su kampiniu stalu \u201eRino\u201c \u2013 nepakei\u010diamu baldu, kuris papildys bet kok\u012f nam\u0173 ar biuro interjer\u0105.<\/p>","protected":false},"excerpt":{"rendered":"<p>Plotis (cm): 80<br \/>\n\u016agis (cm): 73<br \/>\nGylis (cm): 80<\/p>","protected":false},"featured_media":156067,"comment_status":"open","ping_status":"open","template":"","meta":[],"product_brand":[],"product_cat":[1312,4105],"product_tag":[],"class_list":{"0":"post-156066","1":"product","2":"type-product","3":"status-publish","4":"has-post-thumbnail","6":"product_cat-desks","7":"product_cat-helvetia","9":"first","10":"instock","11":"purchasable","12":"product-type-simple"},"_links":{"self":[{"href":"https:\/\/baldumarket.lt\/lt\/wp-json\/wp\/v2\/product\/156066","targetHints":{"allow":["GET"]}}],"collection":[{"href":"https:\/\/baldumarket.lt\/lt\/wp-json\/wp\/v2\/product"}],"about":[{"href":"https:\/\/baldumarket.lt\/lt\/wp-json\/wp\/v2\/types\/product"}],"replies":[{"embeddable":true,"href":"https:\/\/baldumarket.lt\/lt\/wp-json\/wp\/v2\/comments?post=156066"}],"wp:featuredmedia":[{"embeddable":true,"href":"https:\/\/baldumarket.lt\/lt\/wp-json\/wp\/v2\/media\/156067"}],"wp:attachment":[{"href":"https:\/\/baldumarket.lt\/lt\/wp-json\/wp\/v2\/media?parent=156066"}],"wp:term":[{"taxonomy":"product_brand","embeddable":true,"href":"https:\/\/baldumarket.lt\/lt\/wp-json\/wp\/v2\/product_brand?post=156066"},{"taxonomy":"product_cat","embeddable":true,"href":"https:\/\/baldumarket.lt\/lt\/wp-json\/wp\/v2\/product_cat?post=156066"},{"taxonomy":"product_tag","embeddable":true,"href":"https:\/\/baldumarket.lt\/lt\/wp-json\/wp\/v2\/product_tag?post=156066"}],"curies":[{"name":"wp","href":"https:\/\/api.w.org\/{rel}","templated":true}]}}