{"id":156063,"date":"2025-12-18T18:21:14","date_gmt":"2025-12-18T15:21:14","guid":{"rendered":"https:\/\/baldumarket.lt\/product\/rino-biurko-narozne-czarny-onyks\/"},"modified":"2026-02-03T23:33:01","modified_gmt":"2026-02-03T20:33:01","slug":"rino-biurko-narozne-czarny-onyks","status":"publish","type":"product","link":"https:\/\/baldumarket.lt\/lt\/product\/rino-biurko-narozne-czarny-onyks\/","title":{"rendered":"Rino \u2013 juodo onikso kampinis ra\u0161omasis stalas"},"content":{"rendered":"<p>Atraskite juodo onikso spalvos \u201eRino\u201c kampinio stalo funkcionalum\u0105 ir geometrin\u012f \u017eaves\u012f. \u0160is stilingas ir modernus \u201eHelvetia\u201c gaminys yra puikus sprendimas tiems, kurie vertina eleganti\u0161k\u0105 minimalizmo ir maksimalaus prakti\u0161kumo derin\u012f. \u201eRino\u201c stalas sukurtas siekiant palengvinti darbo organizavim\u0105, si\u016blydamas patog\u0173, lengvai valom\u0105 ir kasdieniam naudojimui atspar\u0173 darbo pavir\u0161i\u0173.<br \/>\n\u201eHelvetia Rino\u201c stalo technin\u0117s specifikacijos apima optimalius matmenis: plotis 80 cm, gylis 80 cm ir auk\u0161tis 73 cm \u2013 idealiai tinka \u012fvairioms erdv\u0117ms \u2013 nuo biur\u0173 iki ma\u017e\u0173 nam\u0173 kampeli\u0173. Juoda onikso spalva suteikia stalui rafinuot\u0105, grie\u017et\u0105 i\u0161vaizd\u0105, tod\u0117l jis atrodo i\u0161skirtinai eleganti\u0161kai ir tinka \u012fvairiems interjero dizainams.<br \/>\nLaminuotos plok\u0161t\u0117s konstrukcija garantuoja atsparum\u0105 \u012fbr\u0117\u017eimams ir leid\u017eia lengvai palaikyti nepriekai\u0161ting\u0105 stalo \u0161var\u0105. Tiek korpusas, tiek priekin\u0117 dalis pagaminti i\u0161 auk\u0161tos kokyb\u0117s laminuotos bald\u0173 plok\u0161t\u0117s, u\u017etikrinan\u010dios ilgalaik\u012f naudojim\u0105 ir pasitenkinim\u0105 pasirinkimu. Dizainas yra ne tik tvirtas, bet ir \u017eaviai paprastas, tod\u0117l \u201eRino\u201c puikiai atitinka \u0161iuolaikini\u0173 vartotoj\u0173 poreikius.<br \/>\n\u0160is stalas pasi\u017eymi prakti\u0161kumu ir universalumu, o juoda, oniks\u0105 primenanti spalva sukuria susikaupimo ir profesionalumo atmosfer\u0105. \u201eRino\u201c \u2013 puikus pasirinkimas ie\u0161kantiems bald\u0173, kurie derint\u0173 estetin\u012f patrauklum\u0105 ir funkcionalum\u0105. Jis puikiai tiks ne tik nam\u0173 erdv\u0117se, bet ir biuruose, u\u017etikrindamas tinkam\u0105 darbo organizavim\u0105 ir komfort\u0105.<br \/>\n\u201eRino\u201c ra\u0161omasis stalas yra unikalus baldas, kuris d\u0117l savo nesenstumo ir patvarumo lyd\u0117s jus ilgus metus. Priimkite i\u0161\u0161\u016bk\u012f ir susikurkite darbo viet\u0105, kuri jus \u012fkv\u0117ps ir motyvuos kiekvien\u0105 dien\u0105. I\u0161sirinkite \u201eHelvetia\u201c \u201eRino\u201c stal\u0105 ir pamatykite, kaip dera estetika ir funkcionalumas.<\/p>","protected":false},"excerpt":{"rendered":"<p>Plotis (cm): 80<br \/>\n\u016agis (cm): 73<br \/>\nGylis (cm): 80<\/p>","protected":false},"featured_media":156064,"comment_status":"open","ping_status":"open","template":"","meta":[],"product_brand":[],"product_cat":[1312,4105],"product_tag":[],"class_list":{"0":"post-156063","1":"product","2":"type-product","3":"status-publish","4":"has-post-thumbnail","6":"product_cat-desks","7":"product_cat-helvetia","9":"first","10":"instock","11":"purchasable","12":"product-type-simple"},"_links":{"self":[{"href":"https:\/\/baldumarket.lt\/lt\/wp-json\/wp\/v2\/product\/156063","targetHints":{"allow":["GET"]}}],"collection":[{"href":"https:\/\/baldumarket.lt\/lt\/wp-json\/wp\/v2\/product"}],"about":[{"href":"https:\/\/baldumarket.lt\/lt\/wp-json\/wp\/v2\/types\/product"}],"replies":[{"embeddable":true,"href":"https:\/\/baldumarket.lt\/lt\/wp-json\/wp\/v2\/comments?post=156063"}],"wp:featuredmedia":[{"embeddable":true,"href":"https:\/\/baldumarket.lt\/lt\/wp-json\/wp\/v2\/media\/156064"}],"wp:attachment":[{"href":"https:\/\/baldumarket.lt\/lt\/wp-json\/wp\/v2\/media?parent=156063"}],"wp:term":[{"taxonomy":"product_brand","embeddable":true,"href":"https:\/\/baldumarket.lt\/lt\/wp-json\/wp\/v2\/product_brand?post=156063"},{"taxonomy":"product_cat","embeddable":true,"href":"https:\/\/baldumarket.lt\/lt\/wp-json\/wp\/v2\/product_cat?post=156063"},{"taxonomy":"product_tag","embeddable":true,"href":"https:\/\/baldumarket.lt\/lt\/wp-json\/wp\/v2\/product_tag?post=156063"}],"curies":[{"name":"wp","href":"https:\/\/api.w.org\/{rel}","templated":true}]}}