{"id":156058,"date":"2025-12-18T18:21:04","date_gmt":"2025-12-18T15:21:04","guid":{"rendered":"https:\/\/baldumarket.lt\/product\/oswietlenie-led-helvetia-12-w-6500k-barwa-zimna\/"},"modified":"2026-02-05T10:03:52","modified_gmt":"2026-02-05T07:03:52","slug":"oswietlenie-led-helvetia-12-w-6500k-barwa-zimna","status":"publish","type":"product","link":"https:\/\/baldumarket.lt\/lt\/product\/oswietlenie-led-helvetia-12-w-6500k-barwa-zimna\/","title":{"rendered":"\u201eHelvetia\u201c LED ap\u0161vietimas 1,2 W 6500 K \u0161altos spalvos"},"content":{"rendered":"<p>LED ap\u0161vietimas, sukurtas \u201eHelvetia\u201c baldams. Ap\u0161vietimas papildo \u201eSilke\u201c kolekcij\u0105.<\/p>","protected":false},"excerpt":{"rendered":"<p>LED ap\u0161vietimas, sukurtas \u201eHelvetia\u201c baldams. Ap\u0161vietimas papildo \u201eSilke\u201c kolekcij\u0105.<\/p>","protected":false},"featured_media":156059,"comment_status":"open","ping_status":"open","template":"","meta":[],"product_brand":[],"product_cat":[9406,1043,4105],"product_tag":[],"class_list":{"0":"post-156058","1":"product","2":"type-product","3":"status-publish","4":"has-post-thumbnail","6":"product_cat-lighting-led","7":"product_cat-extras","8":"product_cat-helvetia","10":"first","11":"instock","12":"purchasable","13":"product-type-simple"},"_links":{"self":[{"href":"https:\/\/baldumarket.lt\/lt\/wp-json\/wp\/v2\/product\/156058","targetHints":{"allow":["GET"]}}],"collection":[{"href":"https:\/\/baldumarket.lt\/lt\/wp-json\/wp\/v2\/product"}],"about":[{"href":"https:\/\/baldumarket.lt\/lt\/wp-json\/wp\/v2\/types\/product"}],"replies":[{"embeddable":true,"href":"https:\/\/baldumarket.lt\/lt\/wp-json\/wp\/v2\/comments?post=156058"}],"wp:featuredmedia":[{"embeddable":true,"href":"https:\/\/baldumarket.lt\/lt\/wp-json\/wp\/v2\/media\/156059"}],"wp:attachment":[{"href":"https:\/\/baldumarket.lt\/lt\/wp-json\/wp\/v2\/media?parent=156058"}],"wp:term":[{"taxonomy":"product_brand","embeddable":true,"href":"https:\/\/baldumarket.lt\/lt\/wp-json\/wp\/v2\/product_brand?post=156058"},{"taxonomy":"product_cat","embeddable":true,"href":"https:\/\/baldumarket.lt\/lt\/wp-json\/wp\/v2\/product_cat?post=156058"},{"taxonomy":"product_tag","embeddable":true,"href":"https:\/\/baldumarket.lt\/lt\/wp-json\/wp\/v2\/product_tag?post=156058"}],"curies":[{"name":"wp","href":"https:\/\/api.w.org\/{rel}","templated":true}]}}