{"id":156042,"date":"2025-12-18T18:20:30","date_gmt":"2025-12-18T15:20:30","guid":{"rendered":"https:\/\/baldumarket.lt\/product\/optima-szafa-2d3s-bialy-bialy-polysk\/"},"modified":"2026-02-05T10:10:02","modified_gmt":"2026-02-05T07:10:02","slug":"optima-szafa-2d3s-bialy-bialy-polysk","status":"publish","type":"product","link":"https:\/\/baldumarket.lt\/lt\/product\/optima-szafa-2d3s-bialy-bialy-polysk\/","title":{"rendered":"\u201eOptima\u201c spinta 2D3S, balta \/ blizgi balta"},"content":{"rendered":"<p>Pristatome eleganti\u0161k\u0105 ir funkcionali\u0105 garsaus \u201eHelvetia\u201c prek\u0117s \u017eenklo \u201eOptima\u201c spint\u0105 \u2013 ideal\u0173 pasirinkim\u0105 tiek moderniam, tiek klasikiniam interjerui. Paprasto dizaino ir blizgios baltos spalvos spinta ne tik patenkins visus daikt\u0173 laikymo poreikius, bet ir taps rafinuotu bet kurio kambario elementu. Pagaminta i\u0161 auk\u0161\u010diausios kokyb\u0117s laminuotos bald\u0173 plok\u0161t\u0117s, ji garantuoja patvarum\u0105 ir atsparum\u0105 \u012fbr\u0117\u017eimams bei kitiems kasdienio naudojimo pa\u017eeidimams. Dviej\u0173 dur\u0173 modelis su trimis erdviais stal\u010diais \u2013 tai apgalvotas sprendimas, leid\u017eiantis patogiai r\u016b\u0161iuoti ir organizuoti spintos daiktus. Tiksl\u016bs spintos matmenys \u2013 80 cm plo\u010dio, 217 cm auk\u0161\u010dio ir 63 cm gylio \u2013 suteikia optimali\u0105 erdv\u0119 viskam, ko jums reikia, i\u0161laikant kompakti\u0161k\u0105 pagrind\u0105, idealiai tinkant\u012f ma\u017eesn\u0117ms erdv\u0117ms. Be to, j\u0105 galima papildyti moderniu LED ap\u0161vietimu, kuris ne tik pagerina spintos estetik\u0105, bet ir palengvina reikaling\u0173 daikt\u0173 paie\u0161k\u0105. Visas blokas sukurtas taip, kad j\u012f b\u016bt\u0173 galima surinkti savaranki\u0161kai \u2013 tai intuityvus procesas, nereikalaujantis joki\u0173 speciali\u0173 \u012fg\u016bd\u017ei\u0173.<\/p>","protected":false},"excerpt":{"rendered":"<p>Plotis (cm): 80<br \/>\n\u016agis (cm): 217<br \/>\nGylis (cm): 63<\/p>","protected":false},"featured_media":156043,"comment_status":"open","ping_status":"open","template":"","meta":[],"product_brand":[],"product_cat":[9408,4105,1177],"product_tag":[],"class_list":{"0":"post-156042","1":"product","2":"type-product","3":"status-publish","4":"has-post-thumbnail","6":"product_cat-furniture-system-optima","7":"product_cat-helvetia","8":"product_cat-wardrobes","10":"first","11":"instock","12":"purchasable","13":"product-type-simple"},"_links":{"self":[{"href":"https:\/\/baldumarket.lt\/lt\/wp-json\/wp\/v2\/product\/156042","targetHints":{"allow":["GET"]}}],"collection":[{"href":"https:\/\/baldumarket.lt\/lt\/wp-json\/wp\/v2\/product"}],"about":[{"href":"https:\/\/baldumarket.lt\/lt\/wp-json\/wp\/v2\/types\/product"}],"replies":[{"embeddable":true,"href":"https:\/\/baldumarket.lt\/lt\/wp-json\/wp\/v2\/comments?post=156042"}],"wp:featuredmedia":[{"embeddable":true,"href":"https:\/\/baldumarket.lt\/lt\/wp-json\/wp\/v2\/media\/156043"}],"wp:attachment":[{"href":"https:\/\/baldumarket.lt\/lt\/wp-json\/wp\/v2\/media?parent=156042"}],"wp:term":[{"taxonomy":"product_brand","embeddable":true,"href":"https:\/\/baldumarket.lt\/lt\/wp-json\/wp\/v2\/product_brand?post=156042"},{"taxonomy":"product_cat","embeddable":true,"href":"https:\/\/baldumarket.lt\/lt\/wp-json\/wp\/v2\/product_cat?post=156042"},{"taxonomy":"product_tag","embeddable":true,"href":"https:\/\/baldumarket.lt\/lt\/wp-json\/wp\/v2\/product_tag?post=156042"}],"curies":[{"name":"wp","href":"https:\/\/api.w.org\/{rel}","templated":true}]}}