{"id":156028,"date":"2025-12-18T18:20:00","date_gmt":"2025-12-18T15:20:00","guid":{"rendered":"https:\/\/baldumarket.lt\/product\/optima-szafa-2-drzwiowa-bialy-bialy-polysk\/"},"modified":"2026-02-05T10:10:02","modified_gmt":"2026-02-05T07:10:02","slug":"optima-szafa-2-drzwiowa-bialy-bialy-polysk","status":"publish","type":"product","link":"https:\/\/baldumarket.lt\/lt\/product\/optima-szafa-2-drzwiowa-bialy-bialy-polysk\/","title":{"rendered":"Optima 2 dur\u0173 spinta, balta \/ blizgi balta"},"content":{"rendered":"<p>Stulbinanti savo paprastumu ir elegancija, \u201eHelvetia\u201c \u201eOptima\u201c spinta yra i\u0161skirtinai funkcionalus ir stilingas sprendimas tiek moderniam, tiek klasikiniam interjerui. Dviej\u0173 dur\u0173 modelis su blizgia balta apdaila \u2013 tai puikus estetikos ir prakti\u0161kumo derinys. 90 cm plo\u010dio, 217 cm auk\u0161\u010dio ir 63 cm gylio spinta sukurta optimaliam erdv\u0117s i\u0161naudojimui, si\u016blant maksimali\u0105 talp\u0105 j\u016bs\u0173 drabu\u017eiams ir aksesuarams. Priekin\u0117s dalys, pagamintos i\u0161 auk\u0161tos kokyb\u0117s laminuotos baldin\u0117s plok\u0161t\u0117s, yra atsparios \u012fbr\u0117\u017eimams ir lengvai valomos, tod\u0117l baldai daugel\u012f met\u0173 i\u0161laikys unikali\u0105 i\u0161vaizd\u0105. Spintos r\u0117mas, taip pat pagamintas i\u0161 laminuotos baldin\u0117s plok\u0161t\u0117s, ne tik u\u017etikrina konstrukcijos tvirtum\u0105, bet ir harmoningai papildo eleganti\u0161k\u0105 priekin\u0119 dal\u012f. Suprojektuotas dureli\u0173 skai\u010dius leid\u017eia patogiai pasiekti drabu\u017eius, o papildoma lentyna leid\u017eia patogiai laikyti daiktus, kuriems reikia daugiau vietos, pavyzd\u017eiui, apatinius ar aksesuarus. Spint\u0105 galima papildomai apr\u016bpinti LED ap\u0161vietimu, kuris ne tik palengvins jos turinio organizavim\u0105, bet ir sukurs unikali\u0105 atmosfer\u0105 kambaryje.<\/p>","protected":false},"excerpt":{"rendered":"<p>Plotis (cm): 90<br \/>\n\u016agis (cm): 217<br \/>\nGylis (cm): 63<\/p>","protected":false},"featured_media":156029,"comment_status":"open","ping_status":"open","template":"","meta":[],"product_brand":[],"product_cat":[9408,4105,1177],"product_tag":[],"class_list":{"0":"post-156028","1":"product","2":"type-product","3":"status-publish","4":"has-post-thumbnail","6":"product_cat-furniture-system-optima","7":"product_cat-helvetia","8":"product_cat-wardrobes","10":"first","11":"instock","12":"purchasable","13":"product-type-simple"},"_links":{"self":[{"href":"https:\/\/baldumarket.lt\/lt\/wp-json\/wp\/v2\/product\/156028","targetHints":{"allow":["GET"]}}],"collection":[{"href":"https:\/\/baldumarket.lt\/lt\/wp-json\/wp\/v2\/product"}],"about":[{"href":"https:\/\/baldumarket.lt\/lt\/wp-json\/wp\/v2\/types\/product"}],"replies":[{"embeddable":true,"href":"https:\/\/baldumarket.lt\/lt\/wp-json\/wp\/v2\/comments?post=156028"}],"wp:featuredmedia":[{"embeddable":true,"href":"https:\/\/baldumarket.lt\/lt\/wp-json\/wp\/v2\/media\/156029"}],"wp:attachment":[{"href":"https:\/\/baldumarket.lt\/lt\/wp-json\/wp\/v2\/media?parent=156028"}],"wp:term":[{"taxonomy":"product_brand","embeddable":true,"href":"https:\/\/baldumarket.lt\/lt\/wp-json\/wp\/v2\/product_brand?post=156028"},{"taxonomy":"product_cat","embeddable":true,"href":"https:\/\/baldumarket.lt\/lt\/wp-json\/wp\/v2\/product_cat?post=156028"},{"taxonomy":"product_tag","embeddable":true,"href":"https:\/\/baldumarket.lt\/lt\/wp-json\/wp\/v2\/product_tag?post=156028"}],"curies":[{"name":"wp","href":"https:\/\/api.w.org\/{rel}","templated":true}]}}