{"id":156021,"date":"2025-12-18T18:19:45","date_gmt":"2025-12-18T15:19:45","guid":{"rendered":"https:\/\/baldumarket.lt\/product\/optima-szafa-1-drzwiowa-z-lustrem-bialy-lustro\/"},"modified":"2026-02-05T10:10:02","modified_gmt":"2026-02-05T07:10:02","slug":"optima-szafa-1-drzwiowa-z-lustrem-bialy-lustro","status":"publish","type":"product","link":"https:\/\/baldumarket.lt\/lt\/product\/optima-szafa-1-drzwiowa-z-lustrem-bialy-lustro\/","title":{"rendered":"Optima 1 dur\u0173 spinta su veidrod\u017eiu, balta\/veidrodinis"},"content":{"rendered":"<p>Pristatome i\u0161skirtinai eleganti\u0161k\u0105 ir funkcionali\u0105 \u201eOptima\u201c vien\u0173 dur\u0173 veidrodin\u0119 spint\u0105, sukurt\u0105 galvojant apie i\u0161rankiausius vartotojus. Klasikin\u0117 balta spalva puikiai dera tiek su moderniu, tiek su klasikiniu interjeru. Be to, didelis veidrodis ne tik vizualiai padidina erdv\u0119, bet ir yra prakti\u0161kas bet kurio miegamojo ar prie\u0161kambario papildymas. Spintos matmenys \u2013 45 cm plo\u010dio, 217 cm auk\u0161\u010dio ir 63 cm gylio \u2013 yra puikiai subalansuoti, kad b\u016bt\u0173 u\u017etikrinta maksimali daikt\u0173 laikymo vieta, i\u0161laikant kompakti\u0161k\u0105 dyd\u012f, tod\u0117l ji puikiai tinka net ir ma\u017eose erdv\u0117se. Jos apgalvotas dizainas turi keturias lentynas, skirtas efektyviam drabu\u017ei\u0173 ir kit\u0173 daikt\u0173 organizavimui. Komfortas dera su auk\u0161ta meistri\u0161kumo kokybe. Tiek spintos priekis, tiek korpusas pagaminti i\u0161 laminuotos baldin\u0117s plok\u0161t\u0117s, u\u017etikrinan\u010dios patvarum\u0105 kasdieniam naudojimui ir lengv\u0105 valym\u0105. Tvirta konstrukcija dera su estetiniu patrauklumu \u2013 balta laminuota plok\u0161t\u0117 si\u016blo ne tik funkcionalum\u0105, bet ir ilgaam\u017ei\u0161kum\u0105.<\/p>","protected":false},"excerpt":{"rendered":"<p>Plotis (cm): 45<br \/>\n\u016agis (cm): 217<br \/>\nGylis (cm): 63<\/p>","protected":false},"featured_media":156022,"comment_status":"open","ping_status":"open","template":"","meta":[],"product_brand":[],"product_cat":[9408,4105,1177],"product_tag":[],"class_list":{"0":"post-156021","1":"product","2":"type-product","3":"status-publish","4":"has-post-thumbnail","6":"product_cat-furniture-system-optima","7":"product_cat-helvetia","8":"product_cat-wardrobes","10":"first","11":"instock","12":"purchasable","13":"product-type-simple"},"_links":{"self":[{"href":"https:\/\/baldumarket.lt\/lt\/wp-json\/wp\/v2\/product\/156021","targetHints":{"allow":["GET"]}}],"collection":[{"href":"https:\/\/baldumarket.lt\/lt\/wp-json\/wp\/v2\/product"}],"about":[{"href":"https:\/\/baldumarket.lt\/lt\/wp-json\/wp\/v2\/types\/product"}],"replies":[{"embeddable":true,"href":"https:\/\/baldumarket.lt\/lt\/wp-json\/wp\/v2\/comments?post=156021"}],"wp:featuredmedia":[{"embeddable":true,"href":"https:\/\/baldumarket.lt\/lt\/wp-json\/wp\/v2\/media\/156022"}],"wp:attachment":[{"href":"https:\/\/baldumarket.lt\/lt\/wp-json\/wp\/v2\/media?parent=156021"}],"wp:term":[{"taxonomy":"product_brand","embeddable":true,"href":"https:\/\/baldumarket.lt\/lt\/wp-json\/wp\/v2\/product_brand?post=156021"},{"taxonomy":"product_cat","embeddable":true,"href":"https:\/\/baldumarket.lt\/lt\/wp-json\/wp\/v2\/product_cat?post=156021"},{"taxonomy":"product_tag","embeddable":true,"href":"https:\/\/baldumarket.lt\/lt\/wp-json\/wp\/v2\/product_tag?post=156021"}],"curies":[{"name":"wp","href":"https:\/\/api.w.org\/{rel}","templated":true}]}}