{"id":156015,"date":"2025-12-18T18:19:32","date_gmt":"2025-12-18T15:19:32","guid":{"rendered":"https:\/\/baldumarket.lt\/product\/optima-szafa-1-drzwiowa-bialy-bialy-polysk\/"},"modified":"2026-02-05T10:10:02","modified_gmt":"2026-02-05T07:10:02","slug":"optima-szafa-1-drzwiowa-bialy-bialy-polysk","status":"publish","type":"product","link":"https:\/\/baldumarket.lt\/lt\/product\/optima-szafa-1-drzwiowa-bialy-bialy-polysk\/","title":{"rendered":"Optima 1 dur\u0173 spinta, balta \/ blizgi balta"},"content":{"rendered":"<p>Balta\/blizgi balta vienv\u0117r\u0117 spinta \u201eOptima\u201c \u2013 puikus pasirinkimas ie\u0161kantiems modernaus, funkcionalaus ir stilingo sprendimo drabu\u017eiams ir nam\u0173 tekstilei laikyti. \u0160is dizainerio sukurtas gaminys yra i\u0161 \u017einomo gamintojo \u201eHelvetia\u201c, \u017einomo d\u0117l auk\u0161tos kokyb\u0117s meistri\u0161kumo ir d\u0117mesio detal\u0117ms, tod\u0117l \u201eOptima\u201c spinta tampa i\u0161skirtiniu bet kokio interjero elementu. Gaminio parametrai buvo kruop\u0161\u010diai apgalvoti, siekiant u\u017etikrinti optimal\u0173 erdv\u0117s i\u0161naudojim\u0105 ir palengvinti organizavim\u0105. Spinta yra 45 cm plo\u010dio, 217 cm auk\u0161\u010dio ir 63 cm gylio, tod\u0117l tilps net ir ma\u017eesn\u0117se erdv\u0117se. Korpusas ir priekin\u0117 dalis pagaminti i\u0161 laminuotos baldin\u0117s plok\u0161t\u0117s, u\u017etikrinan\u010dios patvarum\u0105 ir lengv\u0105 valym\u0105. Blizgi balta apdaila suteikia interjerui gaivumo ir elegancijos, harmoningai dera su \u012fvairiais dekoravimo stiliais. Patogus \u201epasidaryk pats\u201c surinkimo sprendimas leid\u017eia greitai ir lengvai sumontuoti spint\u0105 jums patogioje vietoje.<\/p>","protected":false},"excerpt":{"rendered":"<p>Plotis (cm): 45<br \/>\n\u016agis (cm): 217<br \/>\nGylis (cm): 63<\/p>","protected":false},"featured_media":156016,"comment_status":"open","ping_status":"open","template":"","meta":[],"product_brand":[],"product_cat":[9408,4105,1177],"product_tag":[],"class_list":{"0":"post-156015","1":"product","2":"type-product","3":"status-publish","4":"has-post-thumbnail","6":"product_cat-furniture-system-optima","7":"product_cat-helvetia","8":"product_cat-wardrobes","10":"first","11":"instock","12":"purchasable","13":"product-type-simple"},"_links":{"self":[{"href":"https:\/\/baldumarket.lt\/lt\/wp-json\/wp\/v2\/product\/156015","targetHints":{"allow":["GET"]}}],"collection":[{"href":"https:\/\/baldumarket.lt\/lt\/wp-json\/wp\/v2\/product"}],"about":[{"href":"https:\/\/baldumarket.lt\/lt\/wp-json\/wp\/v2\/types\/product"}],"replies":[{"embeddable":true,"href":"https:\/\/baldumarket.lt\/lt\/wp-json\/wp\/v2\/comments?post=156015"}],"wp:featuredmedia":[{"embeddable":true,"href":"https:\/\/baldumarket.lt\/lt\/wp-json\/wp\/v2\/media\/156016"}],"wp:attachment":[{"href":"https:\/\/baldumarket.lt\/lt\/wp-json\/wp\/v2\/media?parent=156015"}],"wp:term":[{"taxonomy":"product_brand","embeddable":true,"href":"https:\/\/baldumarket.lt\/lt\/wp-json\/wp\/v2\/product_brand?post=156015"},{"taxonomy":"product_cat","embeddable":true,"href":"https:\/\/baldumarket.lt\/lt\/wp-json\/wp\/v2\/product_cat?post=156015"},{"taxonomy":"product_tag","embeddable":true,"href":"https:\/\/baldumarket.lt\/lt\/wp-json\/wp\/v2\/product_tag?post=156015"}],"curies":[{"name":"wp","href":"https:\/\/api.w.org\/{rel}","templated":true}]}}