{"id":156006,"date":"2025-12-18T18:19:14","date_gmt":"2025-12-18T15:19:14","guid":{"rendered":"https:\/\/baldumarket.lt\/product\/optima-polki-do-szafy-3-sztuki-do-68-bialy\/"},"modified":"2026-02-05T10:10:55","modified_gmt":"2026-02-05T07:10:55","slug":"optima-polki-do-szafy-3-sztuki-do-68-bialy","status":"publish","type":"product","link":"https:\/\/baldumarket.lt\/lt\/product\/optima-polki-do-szafy-3-sztuki-do-68-bialy\/","title":{"rendered":"\u201eOptima\u201c spintos lentynos, 3 dalys, iki 68 vnt., baltos"},"content":{"rendered":"<p>\u201eOptima\u201c spintos lentynos, 3 vnt. pakuot\u0117 \u2013 suteikite savo spintai daugiau erdv\u0117s su \u0161iuo prakti\u0161k\u0173 lentyn\u0173 komplektu!<br \/>\n\u0160ios trys papildomos lentynos i\u0161 garsaus prek\u0117s \u017eenklo \u201eHelvetia\u201c sukurtos atsi\u017evelgiant \u012f maksimal\u0173 funkcionalum\u0105 ir harmoning\u0105 balt\u0105 dizain\u0105, suteiks j\u016bs\u0173 spintai naujos vietos \u012fvairiems daiktams laikyti. Nesvarbu, ar jums reikia vietos drabu\u017eiams, patalynei ar smulkiems aksesuarams, \u0161ios lentynos puikiai papildys j\u016bs\u0173 spintos interjer\u0105.<br \/>\nLentyn\u0173 konstrukcija pagaminta i\u0161 auk\u0161tos kokyb\u0117s laminuotos bald\u0173 plok\u0161t\u0117s, kuri yra atspari \u012fbr\u0117\u017eimams ir lengvai valoma. Patvari med\u017eiaga u\u017etikrina, kad lentynos tarnaus ilgai ir i\u0161laikys estetin\u012f patrauklum\u0105.<br \/>\nSi\u016blomi matmenys: plotis 77 cm, auk\u0161tis 2 cm ir gylis 56 cm, leid\u017eia jiems tilpti \u012f daugum\u0105 standartini\u0173 spint\u0173. Surinkimas yra intuityvus ir nesud\u0117tingas, tod\u0117l galite greitai ir lengvai jas sumontuoti patys, atnaujindami savo spintos i\u0161vaizd\u0105 ir funkcionalum\u0105. Gaminys yra eleganti\u0161kos ir universalios baltos spalvos, kuri dera prie \u012fvairi\u0173 interjero dizain\u0173 ir stili\u0173 \u2013 nuo modernaus iki klasikinio.<\/p>\n<p>Nelaukite, kol pritr\u016bks vietos \u2013 investuokite \u012f \u201eHelvetia\u201c \u201eOptima\u201c spint\u0173 lentynas ir jau \u0161iandien m\u0117gaukit\u0117s papildoma daikt\u0173 saugojimo vieta!<\/p>","protected":false},"excerpt":{"rendered":"<p>Plotis (cm): 77<br \/>\nAuk\u0161tis (cm): 2<br \/>\nGylis (cm): 56<\/p>","protected":false},"featured_media":156007,"comment_status":"open","ping_status":"open","template":"","meta":[],"product_brand":[],"product_cat":[9408,9251,4105],"product_tag":[],"class_list":{"0":"post-156006","1":"product","2":"type-product","3":"status-publish","4":"has-post-thumbnail","6":"product_cat-furniture-system-optima","7":"product_cat-musor","8":"product_cat-helvetia","10":"first","11":"instock","12":"purchasable","13":"product-type-simple"},"_links":{"self":[{"href":"https:\/\/baldumarket.lt\/lt\/wp-json\/wp\/v2\/product\/156006","targetHints":{"allow":["GET"]}}],"collection":[{"href":"https:\/\/baldumarket.lt\/lt\/wp-json\/wp\/v2\/product"}],"about":[{"href":"https:\/\/baldumarket.lt\/lt\/wp-json\/wp\/v2\/types\/product"}],"replies":[{"embeddable":true,"href":"https:\/\/baldumarket.lt\/lt\/wp-json\/wp\/v2\/comments?post=156006"}],"wp:featuredmedia":[{"embeddable":true,"href":"https:\/\/baldumarket.lt\/lt\/wp-json\/wp\/v2\/media\/156007"}],"wp:attachment":[{"href":"https:\/\/baldumarket.lt\/lt\/wp-json\/wp\/v2\/media?parent=156006"}],"wp:term":[{"taxonomy":"product_brand","embeddable":true,"href":"https:\/\/baldumarket.lt\/lt\/wp-json\/wp\/v2\/product_brand?post=156006"},{"taxonomy":"product_cat","embeddable":true,"href":"https:\/\/baldumarket.lt\/lt\/wp-json\/wp\/v2\/product_cat?post=156006"},{"taxonomy":"product_tag","embeddable":true,"href":"https:\/\/baldumarket.lt\/lt\/wp-json\/wp\/v2\/product_tag?post=156006"}],"curies":[{"name":"wp","href":"https:\/\/api.w.org\/{rel}","templated":true}]}}