{"id":156002,"date":"2025-12-18T18:19:06","date_gmt":"2025-12-18T15:19:06","guid":{"rendered":"https:\/\/baldumarket.lt\/product\/optima-polki-do-szafy-3-sztuki-do-18-58-bialy\/"},"modified":"2026-02-05T10:10:55","modified_gmt":"2026-02-05T07:10:55","slug":"optima-polki-do-szafy-3-sztuki-do-18-58-bialy","status":"publish","type":"product","link":"https:\/\/baldumarket.lt\/lt\/product\/optima-polki-do-szafy-3-sztuki-do-18-58-bialy\/","title":{"rendered":"\u201eOptima\u201c spintos lentynos, 3 dalys, iki 18\/58, baltos"},"content":{"rendered":"<p>Atraskite unikalias \u201eHelvetia\u201c \u201eOptima\u201c lentynas, kurios pakeis j\u016bs\u0173 garderob\u0105 ir sutvarkys erdv\u0119 kaip niekad anks\u010diau. \u0160is trij\u0173 balt\u0173 lentyn\u0173 komplektas yra ne tik i\u0161skirtinai funkcionalus, bet ir esteti\u0161kai patrauklus, tod\u0117l puikiai dera tiek prie modernaus, tiek prie tradicinio interjero.<br \/>\n\u0160is \u201eOptima\u201c gaminys buvo kruop\u0161\u010diai sukurtas taip, kad tikt\u0173 18 \u00d7 58 cm dyd\u017eio spintoms, u\u017etikrinant eleganti\u0161k\u0105 i\u0161vaizd\u0105 ir patog\u0173 naudojim\u0105. Jos pagamintos i\u0161 auk\u0161tos kokyb\u0117s laminuotos baldin\u0117s plok\u0161t\u0117s, tod\u0117l yra ilgaam\u017e\u0117s ir lengvai valomos.<br \/>\nLentyn\u0173 techniniai parametrai yra gerai apgalvoti: 87 cm plo\u010dio, 2 cm auk\u0161\u010dio ir 56 cm gylio, tod\u0117l galima optimaliai i\u0161naudoti spintos erdv\u0119. Balta spalva suteikia interjerui lengvumo ir gaivos poj\u016bt\u012f, der\u0117dama prie \u012fvairi\u0173 spalv\u0173 paleti\u0173 j\u016bs\u0173 namuose.<br \/>\n\u0160ias lentynas taip pat i\u0161skiria tvirta konstrukcija. Priekin\u0117 dalis ir korpusas pagaminti i\u0161 auk\u0161tos kokyb\u0117s laminuotos bald\u0173 plok\u0161t\u0117s, kuri yra atspari trin\u010diai ir dr\u0117gmei, ir nereikalauja ypatingos prie\u017ei\u016bros. Be to, lentynas nepaprastai lengva surinkti, tod\u0117l galite tai padaryti patys ir akimirksniu m\u0117gautis nauja, sutvarkyta erdve.<\/p>\n<p>Atraskite nauj\u0105 prakti\u0161kumo dimensij\u0105 su \u201eHelvetia\u201c \u201eOptima\u201c lentynomis, kurios puikiai tinka bet kokiai saugojimo sistemai. Pridedamos i\u0161samios surinkimo instrukcijos ir visi reikalingi komponentai, tod\u0117l tai puikus sprendimas j\u016bs\u0173 spintos funkcionalumui pagerinti. Nedelskite, u\u017esisakykite \u0161iandien ir m\u0117gaukit\u0117s tvarka, kuri jus supa!<\/p>\n<p>Pasirinkdami \u201eHelvetia\u201c, j\u016bs renkat\u0117s patikrintus sprendimus, kurie jau daugel\u012f met\u0173 d\u017eiugina vartotojus visame pasaulyje.<\/p>","protected":false},"excerpt":{"rendered":"<p>Plotis (cm): 87<br \/>\nAuk\u0161tis (cm): 2<br \/>\nGylis (cm): 56<\/p>","protected":false},"featured_media":156003,"comment_status":"open","ping_status":"open","template":"","meta":[],"product_brand":[],"product_cat":[9408,9251,4105],"product_tag":[],"class_list":{"0":"post-156002","1":"product","2":"type-product","3":"status-publish","4":"has-post-thumbnail","6":"product_cat-furniture-system-optima","7":"product_cat-musor","8":"product_cat-helvetia","10":"first","11":"instock","12":"purchasable","13":"product-type-simple"},"_links":{"self":[{"href":"https:\/\/baldumarket.lt\/lt\/wp-json\/wp\/v2\/product\/156002","targetHints":{"allow":["GET"]}}],"collection":[{"href":"https:\/\/baldumarket.lt\/lt\/wp-json\/wp\/v2\/product"}],"about":[{"href":"https:\/\/baldumarket.lt\/lt\/wp-json\/wp\/v2\/types\/product"}],"replies":[{"embeddable":true,"href":"https:\/\/baldumarket.lt\/lt\/wp-json\/wp\/v2\/comments?post=156002"}],"wp:featuredmedia":[{"embeddable":true,"href":"https:\/\/baldumarket.lt\/lt\/wp-json\/wp\/v2\/media\/156003"}],"wp:attachment":[{"href":"https:\/\/baldumarket.lt\/lt\/wp-json\/wp\/v2\/media?parent=156002"}],"wp:term":[{"taxonomy":"product_brand","embeddable":true,"href":"https:\/\/baldumarket.lt\/lt\/wp-json\/wp\/v2\/product_brand?post=156002"},{"taxonomy":"product_cat","embeddable":true,"href":"https:\/\/baldumarket.lt\/lt\/wp-json\/wp\/v2\/product_cat?post=156002"},{"taxonomy":"product_tag","embeddable":true,"href":"https:\/\/baldumarket.lt\/lt\/wp-json\/wp\/v2\/product_tag?post=156002"}],"curies":[{"name":"wp","href":"https:\/\/api.w.org\/{rel}","templated":true}]}}