{"id":155990,"date":"2025-12-18T18:18:38","date_gmt":"2025-12-18T15:18:38","guid":{"rendered":"https:\/\/baldumarket.lt\/product\/olin-wm-witryna-3d3s-swierk-appenzell-czarny-mat\/"},"modified":"2026-02-05T11:54:25","modified_gmt":"2026-02-05T08:54:25","slug":"olin-wm-witryna-3d3s-swierk-appenzell-czarny-mat","status":"publish","type":"product","link":"https:\/\/baldumarket.lt\/lt\/product\/olin-wm-witryna-3d3s-swierk-appenzell-czarny-mat\/","title":{"rendered":"Olin WM 3D3S vitrinin\u0117 spintel\u0117 Appenzell egl\u0117 \/ matin\u0117 juoda"},"content":{"rendered":"<p>Pristatome \u201eOlin WM 3D 3S\u201c vitrin\u0105 su nepaprastai madinga nat\u016bralaus did\u017eiojo \u0105\u017euolo ir matin\u0117s juodos spalv\u0173 deriniu \u2013 i\u0161skirtinis sprendimas i\u0161rankiems interjerams. \u201eOlin\u201c kolekcija pasi\u017eymi unikaliu dizainu ir funkcionalumu. Tai pasi\u016blymas tiems, kurie vertina minimalizm\u0105, derinant\u012f su industriniu charakteriu. Esame \u012fsitikin\u0119, kad \u0161is baldas puikiai der\u0117s prie lofto ar modernaus buto estetikos, suteikdamas jam gaivumo ir unikalaus stiliaus. Vitrinos pagrindas \u2013 auk\u0161tos kokyb\u0117s laminuota bald\u0173 plok\u0161t\u0117, atspari kasdieniam naudojimui. Eleganti\u0161ki fasadai taip pat pagaminti i\u0161 tos pa\u010dios patvarios med\u017eiagos, padengtos nat\u016bralaus did\u017eiojo \u0105\u017euolo ir juodos spalvos folija, sukurian\u010dia stulbinant\u012f kontrast\u0105. Modernios, paprastos plastikin\u0117s ranken\u0117l\u0117s ir itin matin\u0117s juodos MDF kojel\u0117s (\u0161onin\u0117s juostel\u0117s) pabr\u0117\u017eia eleganti\u0161k\u0105 vitrinos i\u0161vaizd\u0105. \u201eOlin WM\u201c yra ne tik gra\u017eus, bet ir prakti\u0161kas baldas. Joje yra trys stiklin\u0117s ir laminuotos durys, apsaugan\u010dios keturias patogias lentynas, ir trys stal\u010diai \u2013 puikiai tinkantys laikyti visus b\u016btiniausius daiktus ir dekoracijas. Be to, galite prid\u0117ti atskirai parduodam\u0105 LED ap\u0161vietimo sistem\u0105 (25PCBI15), kuri u\u017etikrins efektyv\u0173 ekrano turinio rodym\u0105 ir dar labiau pagerins kambario atmosfer\u0105.<\/p>","protected":false},"excerpt":{"rendered":"<p>Plotis (cm): 101<br \/>\n\u016agis (cm): 146<br \/>\nGylis (cm): 43<\/p>","protected":false},"featured_media":155991,"comment_status":"open","ping_status":"open","template":"","meta":[],"product_brand":[],"product_cat":[9427,4105,2006],"product_tag":[],"class_list":{"0":"post-155990","1":"product","2":"type-product","3":"status-publish","4":"has-post-thumbnail","6":"product_cat-furniture-system-olin","7":"product_cat-helvetia","8":"product_cat-vitrines","10":"first","11":"instock","12":"purchasable","13":"product-type-simple"},"_links":{"self":[{"href":"https:\/\/baldumarket.lt\/lt\/wp-json\/wp\/v2\/product\/155990","targetHints":{"allow":["GET"]}}],"collection":[{"href":"https:\/\/baldumarket.lt\/lt\/wp-json\/wp\/v2\/product"}],"about":[{"href":"https:\/\/baldumarket.lt\/lt\/wp-json\/wp\/v2\/types\/product"}],"replies":[{"embeddable":true,"href":"https:\/\/baldumarket.lt\/lt\/wp-json\/wp\/v2\/comments?post=155990"}],"wp:featuredmedia":[{"embeddable":true,"href":"https:\/\/baldumarket.lt\/lt\/wp-json\/wp\/v2\/media\/155991"}],"wp:attachment":[{"href":"https:\/\/baldumarket.lt\/lt\/wp-json\/wp\/v2\/media?parent=155990"}],"wp:term":[{"taxonomy":"product_brand","embeddable":true,"href":"https:\/\/baldumarket.lt\/lt\/wp-json\/wp\/v2\/product_brand?post=155990"},{"taxonomy":"product_cat","embeddable":true,"href":"https:\/\/baldumarket.lt\/lt\/wp-json\/wp\/v2\/product_cat?post=155990"},{"taxonomy":"product_tag","embeddable":true,"href":"https:\/\/baldumarket.lt\/lt\/wp-json\/wp\/v2\/product_tag?post=155990"}],"curies":[{"name":"wp","href":"https:\/\/api.w.org\/{rel}","templated":true}]}}