{"id":155982,"date":"2025-12-18T18:18:21","date_gmt":"2025-12-18T15:18:21","guid":{"rendered":"https:\/\/baldumarket.lt\/product\/olin-wm-witryna-2d3s-swierk-appenzell-czarny-mat\/"},"modified":"2026-02-05T11:54:25","modified_gmt":"2026-02-05T08:54:25","slug":"olin-wm-witryna-2d3s-swierk-appenzell-czarny-mat","status":"publish","type":"product","link":"https:\/\/baldumarket.lt\/lt\/product\/olin-wm-witryna-2d3s-swierk-appenzell-czarny-mat\/","title":{"rendered":"Olin WM ekrano spintel\u0117 2D3S Appenzell egl\u0117 \/ matin\u0117 juoda"},"content":{"rendered":"<p>Pristatome unikali\u0105 \u201eOlin WM 2D3S\u201c vitrin\u0105 nat\u016bralaus did\u017eiojo \u0105\u017euolo \/ matin\u0117s juodos spalvos \u2013 elegancijos ir modernumo sinonim\u0105. Sukurta rafinuotiems, ta\u010diau prakti\u0161kiems interjerams, ji puikiai dera su industrin\u0117mis tendencijomis, lofto stiliaus interjerais ir bet kokiu kitu stiliumi, kuriame svarbiausia unikalus charakteris ir maksimalus funkcionalumas. \u201eOlin\u201c kolekcijai b\u016bdingi kontrastingi, dviej\u0173 spalv\u0173 fasadai ir geometrin\u0117s formos, suteikian\u010dios spintel\u0117ms rafinuot\u0105 ir minimalistin\u012f dizain\u0105. Matin\u0117s juodos spalvos element\u0173 naudojimas kartu su nat\u016braliu \u0105\u017euolo atspalvi\u0173 \u017eavesiu sukuria raminan\u010di\u0105, ta\u010diau jauki\u0105 atmosfer\u0105. Papildomas LED ap\u0161vietimas (parduodamas atskirai, prek\u0117s kodas 25PCBI15) suteikia vitrinai papildomo funkcionalumo, sukurdamas magi\u0161k\u0105 atmosfer\u0105 kambaryje. Paprastumas ir minimalizmas dera su prakti\u0161kumu \u2013 \u201eOlin WM 2D3S\u201c vitrinoje yra \u0161e\u0161ios lentynos ir trys erdv\u016bs stal\u010diai, kuriuose tilps visi reikalingi daiktai. Dvi durys, vienos stiklin\u0117s, o kitos tvirtos, leid\u017eia eleganti\u0161kai eksponuoti m\u0117gstamus papuo\u0161alus ar knygas, kartu apsaugant juos nuo dulki\u0173. Plastikin\u0117s rankenos ir \u0161onin\u0117s panel\u0117s (kojel\u0117s) pagamintos i\u0161 MDF plok\u0161t\u0117s su itin matin\u0117s juodos spalvos apdaila, tod\u0117l yra patvarios ir esteti\u0161kos.<\/p>","protected":false},"excerpt":{"rendered":"<p>Plotis (cm): 101<br \/>\n\u016agis (cm): 191<br \/>\nGylis (cm): 43<\/p>","protected":false},"featured_media":155983,"comment_status":"open","ping_status":"open","template":"","meta":[],"product_brand":[],"product_cat":[9427,4105,2006],"product_tag":[],"class_list":{"0":"post-155982","1":"product","2":"type-product","3":"status-publish","4":"has-post-thumbnail","6":"product_cat-furniture-system-olin","7":"product_cat-helvetia","8":"product_cat-vitrines","10":"first","11":"instock","12":"purchasable","13":"product-type-simple"},"_links":{"self":[{"href":"https:\/\/baldumarket.lt\/lt\/wp-json\/wp\/v2\/product\/155982","targetHints":{"allow":["GET"]}}],"collection":[{"href":"https:\/\/baldumarket.lt\/lt\/wp-json\/wp\/v2\/product"}],"about":[{"href":"https:\/\/baldumarket.lt\/lt\/wp-json\/wp\/v2\/types\/product"}],"replies":[{"embeddable":true,"href":"https:\/\/baldumarket.lt\/lt\/wp-json\/wp\/v2\/comments?post=155982"}],"wp:featuredmedia":[{"embeddable":true,"href":"https:\/\/baldumarket.lt\/lt\/wp-json\/wp\/v2\/media\/155983"}],"wp:attachment":[{"href":"https:\/\/baldumarket.lt\/lt\/wp-json\/wp\/v2\/media?parent=155982"}],"wp:term":[{"taxonomy":"product_brand","embeddable":true,"href":"https:\/\/baldumarket.lt\/lt\/wp-json\/wp\/v2\/product_brand?post=155982"},{"taxonomy":"product_cat","embeddable":true,"href":"https:\/\/baldumarket.lt\/lt\/wp-json\/wp\/v2\/product_cat?post=155982"},{"taxonomy":"product_tag","embeddable":true,"href":"https:\/\/baldumarket.lt\/lt\/wp-json\/wp\/v2\/product_tag?post=155982"}],"curies":[{"name":"wp","href":"https:\/\/api.w.org\/{rel}","templated":true}]}}