{"id":155975,"date":"2025-12-18T18:18:06","date_gmt":"2025-12-18T15:18:06","guid":{"rendered":"https:\/\/baldumarket.lt\/product\/olin-wm-witryna-2-drzwiowa-swierk-appenzell-czarny-mat\/"},"modified":"2026-02-05T11:54:25","modified_gmt":"2026-02-05T08:54:25","slug":"olin-wm-witryna-2-drzwiowa-swierk-appenzell-czarny-mat","status":"publish","type":"product","link":"https:\/\/baldumarket.lt\/lt\/product\/olin-wm-witryna-2-drzwiowa-swierk-appenzell-czarny-mat\/","title":{"rendered":"Olin WM 2 dur\u0173 vitrinin\u0117 spintel\u0117 Appenzell egl\u0117 \/ matin\u0117 juoda"},"content":{"rendered":"<p>Pristatome unikali\u0105 \u201eOlin WM 2D\u201c vitrin\u0105 nat\u016bralaus did\u017eiojo \u0105\u017euolo \/ matin\u0117s juodos spalvos \u2013 puik\u0173 pasirinkim\u0105 moderniam interjerui, kuriame elegancija dera su industriniu charakteriu. \u0160is \u201eOlin\u201c kolekcijos baldas pasi\u017eymi dviej\u0173 spalv\u0173 fasadais ir minimalistin\u0117mis formomis, kurios yra \u0161iuolaikinio dizaino sinonimas. \u0160ioje vitrinoje puikiai dera matin\u0117 juoda spalva su nat\u016bralia did\u017eiojo \u0105\u017euolo spalva, suteikiant erdvei neapdoroto, bet \u0161ilto \u017eavesio. Papildomai galimas LED ap\u0161vietimas stikliniuose segmentuose sukuria jauki\u0105 atmosfer\u0105 ir tarnauja kaip papildomas dekoratyvinis elementas. Prakti\u0161kos, paprastos plastikin\u0117s rankenos u\u017etikrina komfort\u0105 ir subtiliai pabr\u0117\u017eia baldo savybes. Vitrinos matmenys yra 56 cm plo\u010dio, 191 cm auk\u0161\u010dio ir 43 cm gylio, tod\u0117l galima apgalvotai i\u0161naudoti erdv\u0119 svetain\u0117je ar valgomajame. \u201eOlin\u201c vitrinoje yra keturios lentynos ir dvejos durys (stiklin\u0117s ir med\u017eio dro\u017eli\u0173 plok\u0161t\u0117s), kuriose yra daug vietos \u012fvairiems daiktams laikyti. Eleganti\u0161kai atrodan\u010dios \u0161onin\u0117s juostel\u0117s, dar vadinamos kojel\u0117mis, pagamintos i\u0161 itin matin\u0117s juodos spalvos MDF plok\u0161t\u0117s, u\u017etikrinan\u010dios konstrukcijos stabilum\u0105 ir ilgaam\u017ei\u0161kum\u0105.<\/p>","protected":false},"excerpt":{"rendered":"<p>Plotis (cm): 56<br \/>\n\u016agis (cm): 191<br \/>\nGylis (cm): 43<\/p>","protected":false},"featured_media":155976,"comment_status":"open","ping_status":"open","template":"","meta":[],"product_brand":[],"product_cat":[9427,4105,2006],"product_tag":[],"class_list":{"0":"post-155975","1":"product","2":"type-product","3":"status-publish","4":"has-post-thumbnail","6":"product_cat-furniture-system-olin","7":"product_cat-helvetia","8":"product_cat-vitrines","10":"first","11":"instock","12":"purchasable","13":"product-type-simple"},"_links":{"self":[{"href":"https:\/\/baldumarket.lt\/lt\/wp-json\/wp\/v2\/product\/155975","targetHints":{"allow":["GET"]}}],"collection":[{"href":"https:\/\/baldumarket.lt\/lt\/wp-json\/wp\/v2\/product"}],"about":[{"href":"https:\/\/baldumarket.lt\/lt\/wp-json\/wp\/v2\/types\/product"}],"replies":[{"embeddable":true,"href":"https:\/\/baldumarket.lt\/lt\/wp-json\/wp\/v2\/comments?post=155975"}],"wp:featuredmedia":[{"embeddable":true,"href":"https:\/\/baldumarket.lt\/lt\/wp-json\/wp\/v2\/media\/155976"}],"wp:attachment":[{"href":"https:\/\/baldumarket.lt\/lt\/wp-json\/wp\/v2\/media?parent=155975"}],"wp:term":[{"taxonomy":"product_brand","embeddable":true,"href":"https:\/\/baldumarket.lt\/lt\/wp-json\/wp\/v2\/product_brand?post=155975"},{"taxonomy":"product_cat","embeddable":true,"href":"https:\/\/baldumarket.lt\/lt\/wp-json\/wp\/v2\/product_cat?post=155975"},{"taxonomy":"product_tag","embeddable":true,"href":"https:\/\/baldumarket.lt\/lt\/wp-json\/wp\/v2\/product_tag?post=155975"}],"curies":[{"name":"wp","href":"https:\/\/api.w.org\/{rel}","templated":true}]}}