{"id":155969,"date":"2025-12-18T18:17:53","date_gmt":"2025-12-18T15:17:53","guid":{"rendered":"https:\/\/baldumarket.lt\/product\/olin-wm-stolik-kawowy-1-szuflada-swierk-appenzell-czarny-mat\/"},"modified":"2026-04-12T09:17:04","modified_gmt":"2026-04-12T06:17:04","slug":"olin-wm-stolik-kawowy-1-szuflada-swierk-appenzell-czarny-mat","status":"publish","type":"product","link":"https:\/\/baldumarket.lt\/lt\/product\/olin-wm-stolik-kawowy-1-szuflada-swierk-appenzell-czarny-mat\/","title":{"rendered":"Olin WM 1 stal\u010diukas kavos staliukas Appenzell egl\u0117 \/ matin\u0117 juoda"},"content":{"rendered":"<p>Atraskite nepaprast\u0105 \u017eaves\u012f ir funkcionalum\u0105 savo svetain\u0117s \u0161irdyje su \u201eOlin WM\u201c kavos staliuku su 1 stal\u010diumi, kuris sujungia Apencelio egl\u0117s elegancij\u0105 su modernia matine juoda apdaila. \u0160is eleganti\u0161kas garsaus prek\u0117s \u017eenklo \u201eHelvetia\u201c staliukas yra nepakei\u010diamas bet kokio interjero dizaino elementas, suteikiantis klasei ir \u0161iuolaiki\u0161kumui charakterio. Stalas pasi\u017eymi auk\u0161tos kokyb\u0117s meistri\u0161kumu, k\u0105 \u012frodo patvarios laminuotos bald\u0173 plok\u0161t\u0117s panaudojimas tiek priekin\u0117je, tiek ir korpuso dalyje. Jo 90 cm plotis suteikia daug vietos m\u0117gstamoms knygoms, nuotolinio valdymo pultams ir dekoratyviniams aksesuarams, o 56 cm gylis ir 42 cm auk\u0161tis daro j\u012f ne\u012ftik\u0117tinai prakti\u0161k\u0105 kasdieniam naudojimui. Vienas erdvus stal\u010dius po stalvir\u0161iu leid\u017eia diskreti\u0161kai laikyti smulkius daiktus, kuriuos norite laikyti po ranka, bet nepastebimai. Lentyna po stal\u010diumi suteikia papildomos vietos, kuri\u0105 galima panaudoti papuo\u0161alams eksponuoti ar \u017eurnalams laikyti. Sta\u010diakamp\u0117, klasikin\u0117 ir nesenstanti stalvir\u0161io forma leid\u017eia lengvai integruoti j\u012f \u012f \u012fvairius interjero dizainus.<\/p>","protected":false},"excerpt":{"rendered":"<p>Plotis (cm): 90<br \/>\n\u016agis (cm): 42<br \/>\nGylis (cm): 56<\/p>","protected":false},"featured_media":155970,"comment_status":"open","ping_status":"open","template":"","meta":[],"product_brand":[],"product_cat":[9427,866,4105],"product_tag":[],"class_list":{"0":"post-155969","1":"product","2":"type-product","3":"status-publish","4":"has-post-thumbnail","6":"product_cat-furniture-system-olin","7":"product_cat-coffee-tables","8":"product_cat-helvetia","10":"first","11":"instock","12":"purchasable","13":"product-type-simple"},"_links":{"self":[{"href":"https:\/\/baldumarket.lt\/lt\/wp-json\/wp\/v2\/product\/155969","targetHints":{"allow":["GET"]}}],"collection":[{"href":"https:\/\/baldumarket.lt\/lt\/wp-json\/wp\/v2\/product"}],"about":[{"href":"https:\/\/baldumarket.lt\/lt\/wp-json\/wp\/v2\/types\/product"}],"replies":[{"embeddable":true,"href":"https:\/\/baldumarket.lt\/lt\/wp-json\/wp\/v2\/comments?post=155969"}],"wp:featuredmedia":[{"embeddable":true,"href":"https:\/\/baldumarket.lt\/lt\/wp-json\/wp\/v2\/media\/155970"}],"wp:attachment":[{"href":"https:\/\/baldumarket.lt\/lt\/wp-json\/wp\/v2\/media?parent=155969"}],"wp:term":[{"taxonomy":"product_brand","embeddable":true,"href":"https:\/\/baldumarket.lt\/lt\/wp-json\/wp\/v2\/product_brand?post=155969"},{"taxonomy":"product_cat","embeddable":true,"href":"https:\/\/baldumarket.lt\/lt\/wp-json\/wp\/v2\/product_cat?post=155969"},{"taxonomy":"product_tag","embeddable":true,"href":"https:\/\/baldumarket.lt\/lt\/wp-json\/wp\/v2\/product_tag?post=155969"}],"curies":[{"name":"wp","href":"https:\/\/api.w.org\/{rel}","templated":true}]}}