{"id":155967,"date":"2025-12-18T18:17:50","date_gmt":"2025-12-18T15:17:50","guid":{"rendered":"https:\/\/baldumarket.lt\/product\/olin-wm-stol-rozkladany-130-175-cm-swierk-appenzell-czarny-mat\/"},"modified":"2026-04-12T09:17:04","modified_gmt":"2026-04-12T06:17:04","slug":"olin-wm-stol-rozkladany-130-175-cm-swierk-appenzell-czarny-mat","status":"publish","type":"product","link":"https:\/\/baldumarket.lt\/lt\/product\/olin-wm-stol-rozkladany-130-175-cm-swierk-appenzell-czarny-mat\/","title":{"rendered":"Olin WM pailginamas stalas 130-175 cm Appenzell egl\u0117 \/ matin\u0117 juoda"},"content":{"rendered":"<p>Atraskite \u201eOlin WM\u201c \u2013 i\u0161traukiam\u0105 stal\u0105 130\u2013175 CM, kurio spalvos \u2013 nat\u016bralus didingas \u0105\u017euolas \/ matin\u0117 juoda spalva, ir kuris j\u016bs\u0173 namams suteiks lofto stiliaus, praturtinto elegancija ir funkcionalumu. \u0160is unikalus \u201eOlin\u201c kolekcijos stalas sukurtas tiems, kurie vertina modern\u0173 dizain\u0105 ir auk\u0161tos kokyb\u0117s meistri\u0161kum\u0105.<br \/>\nDid\u017eiuojam\u0117s gal\u0117dami pristatyti bald\u0105, kuris puikiai tinka tiek kasdieniams patiekalams, tiek didesniems \u0161eimos susib\u016brimams. D\u0117l prakti\u0161ko prailginimo mechanizmo \u201eOlin WM\u201c stalas lengvai i\u0161siple\u010dia nuo 130 cm iki 175 cm plo\u010dio, u\u017etikrindamas patogias s\u0117d\u0117jimo vietas j\u016bs\u0173 sve\u010diams.<br \/>\n\u0160io stalo lofto stiliui reikalingas unikalus spalv\u0173 derinys. Nat\u016bralus didingas \u0105\u017euolas kartu su matine juoda spalva sukuria rafinuot\u0105 duet\u0105, kuris puikiai papildys moderni\u0105 svetain\u0119 ar valgom\u0105j\u012f. Eleganti\u0161ka \u0105\u017euolo spalva i\u0161ry\u0161kina nat\u016bral\u0173 medienos gro\u017e\u012f, o matin\u0117s juodos spalvos elementai pabr\u0117\u017eia pramoninio dizaino charakter\u012f. \u201eOlin WM\u201c stalas pasi\u017eymi sta\u010diakampiu stalvir\u0161iu, pagamintu i\u0161 auk\u0161tos kokyb\u0117s laminuotos bald\u0173 plok\u0161t\u0117s, kurios patvarumas ir atsparumas kasdieniam naudojimui garantuoja ilgamet\u012f pasitenkinim\u0105. Klasikin\u0119 stalvir\u0161io form\u0105 papildo tvirtos MDF kojel\u0117s, u\u017etikrinan\u010dios stabilum\u0105 ir saugum\u0105.<br \/>\n\u0160ios bald\u0173 kolekcijos patrauklum\u0105 didina papildomas LED ap\u0161vietimas, kuris, \u012frengtas stiklin\u0117se vitrinose, suteikia interjerui dar jaukesn\u0117s atmosferos. Be to, minimalistinis dizainas ir paprastos rankenos leid\u017eia stal\u0105 lengvai priderinti prie \u012fvairi\u0173 interjero dizain\u0173.<br \/>\nDar vienas reik\u0161mingas privalumas yra tai, kad stalas pristatomas savaranki\u0161kai surenkamoje pakuot\u0117je su ai\u0161kiomis ir lengvai suprantamomis instrukcijomis, tod\u0117l surinkimas yra paprastas ir intuityvus. Be to, gaminiui suteikiama 2 met\u0173 garantija, patvirtinanti pasitik\u0117jim\u0105 panaudot\u0173 med\u017eiag\u0173 kokybe ir patvarumu.<br \/>\nI\u0161skleisto stalo matmenys yra 130 cm plo\u010dio, 77 cm auk\u0161\u010dio ir 85 cm gylio, tod\u0117l puikiai tinka \u0161iuolaikin\u0117ms gyvenamosioms erdv\u0117ms. Su \u201eOlin WM\u201c j\u016bs gaunate ne tik bald\u0105, bet ir patikim\u0105 kompanion\u0105 kasdien\u0117ms ir ypatingoms akimirkoms j\u016bs\u0173 namuose.<\/p>","protected":false},"excerpt":{"rendered":"<p>Plotis (cm): 130<br \/>\n\u016agis (cm): 77<br \/>\nGylis (cm): 85<\/p>","protected":false},"featured_media":155968,"comment_status":"open","ping_status":"open","template":"","meta":[],"product_brand":[],"product_cat":[9427,4105,1934],"product_tag":[],"class_list":{"0":"post-155967","1":"product","2":"type-product","3":"status-publish","4":"has-post-thumbnail","6":"product_cat-furniture-system-olin","7":"product_cat-helvetia","8":"product_cat-tables","10":"first","11":"instock","12":"purchasable","13":"product-type-simple"},"_links":{"self":[{"href":"https:\/\/baldumarket.lt\/lt\/wp-json\/wp\/v2\/product\/155967","targetHints":{"allow":["GET"]}}],"collection":[{"href":"https:\/\/baldumarket.lt\/lt\/wp-json\/wp\/v2\/product"}],"about":[{"href":"https:\/\/baldumarket.lt\/lt\/wp-json\/wp\/v2\/types\/product"}],"replies":[{"embeddable":true,"href":"https:\/\/baldumarket.lt\/lt\/wp-json\/wp\/v2\/comments?post=155967"}],"wp:featuredmedia":[{"embeddable":true,"href":"https:\/\/baldumarket.lt\/lt\/wp-json\/wp\/v2\/media\/155968"}],"wp:attachment":[{"href":"https:\/\/baldumarket.lt\/lt\/wp-json\/wp\/v2\/media?parent=155967"}],"wp:term":[{"taxonomy":"product_brand","embeddable":true,"href":"https:\/\/baldumarket.lt\/lt\/wp-json\/wp\/v2\/product_brand?post=155967"},{"taxonomy":"product_cat","embeddable":true,"href":"https:\/\/baldumarket.lt\/lt\/wp-json\/wp\/v2\/product_cat?post=155967"},{"taxonomy":"product_tag","embeddable":true,"href":"https:\/\/baldumarket.lt\/lt\/wp-json\/wp\/v2\/product_tag?post=155967"}],"curies":[{"name":"wp","href":"https:\/\/api.w.org\/{rel}","templated":true}]}}