{"id":155965,"date":"2025-12-18T18:17:46","date_gmt":"2025-12-18T15:17:46","guid":{"rendered":"https:\/\/baldumarket.lt\/product\/olin-wm-stol-180-95-77-cm-swierk-appenzell-czarny-mat\/"},"modified":"2026-04-12T09:17:04","modified_gmt":"2026-04-12T06:17:04","slug":"olin-wm-stol-180-95-77-cm-swierk-appenzell-czarny-mat","status":"publish","type":"product","link":"https:\/\/baldumarket.lt\/lt\/product\/olin-wm-stol-180-95-77-cm-swierk-appenzell-czarny-mat\/","title":{"rendered":"Olin WM stalas 180\/95\/77 cm Appenzell egl\u0117 \/ Matin\u0117 juoda"},"content":{"rendered":"<p>Atraskite nauj\u0105 elegancijos ir modernumo dimensij\u0105 su \u012fsp\u016bdingu \u201eOlin WM\u201c stalu \u2013 j\u016bs\u0173 raktu \u012f i\u0161skirtinai stilingo interjero suk\u016brim\u0105. \u0160is skoningas ir eleganti\u0161kas baldas puikiai tiks tiems, kurie vertina rafinuot\u0105 industrin\u0119 estetik\u0105, kuri\u0105 jis \u012fne\u0161 \u012f bet koki\u0105 erdv\u0119 d\u0117l dviej\u0173 spalv\u0173 gamos ir minimalistini\u0173 dizaino element\u0173.<\/p>\n<p>180 cm plo\u010dio, 95 cm gylio ir 77 cm auk\u0161\u010dio \u201eOlin WM\u201c stalas yra ne tik baldas, bet ir dekoratyvinis elementas, patraukiantis d\u0117mes\u012f i\u0161skirtiniu nat\u016bralaus did\u017eiojo \u0105\u017euolo ir matin\u0117s juodos spalvos deriniu. \u0160is derinys puikiai tinka visiems, svajojantiems apie lofto stiliaus interjer\u0105, suteikiant\u012f charakterio ir gylio patalpoms, kuriose dominuoja paprastumas ir grie\u017etumas.<\/p>\n<p>Unikalus \u201eOlin\u201c kolekcijos privalumas \u2013 galimyb\u0117 transformuoti erdv\u0119 naudojant pasirenkam\u0105 LED ap\u0161vietim\u0105, kur\u012f galima \u012fmontuoti \u012f \u0161ios bald\u0173 serijos stiklinius elementus, sukuriant jauki\u0105 atmosfer\u0105 vakaro susib\u016brimams su \u0161eima ar draugais. Patvarus ir tvirtas korpusas, pagamintas i\u0161 kruop\u0161\u010diai atrinktos, auk\u0161tos kokyb\u0117s laminuotos bald\u0173 plok\u0161t\u0117s, garantuoja, kad \u201eOlin WM\u201c stalas tarnaus jums daugel\u012f met\u0173 neprarasdamas savo pirminio \u017eavesio.<\/p>\n<p>D\u0117l sta\u010diakampio stalvir\u0161io, kuris remiasi \u012f tvirtas MDF kojeles, \u0161is baldas yra ne tik stabilus, bet ir patogus naudoti bei lengvai valomas. \u201eOlin WM\u201c stalas pristatomas paruo\u0161tas surinkimui, tod\u0117l galite m\u0117gautis surinkimo malonumu patys ir dar labiau sustiprinti \u012fsitraukimo \u012f savo nam\u0173 erdv\u0117s formavim\u0105 jausm\u0105. Komplekte yra intuityvi instrukcija, kuri supaprastins surinkimo proces\u0105.<\/p>\n<p>Pasirink\u0119 \u201eOlin WM\u201c stal\u0105, gaunate ne tik bald\u0105, bet ir ilgaam\u017ei\u0161kumo pa\u017ead\u0105, kur\u012f suteikia dvej\u0173 met\u0173 garantija. Pasirink\u0119 paprastum\u0105, patikimum\u0105 ir dizain\u0105, kuris dera prie lofto gyvenimo b\u016bdo, \u012fgyjate prabangos element\u0105, kuris kiekvien\u0105 dien\u0105 sukurs \u0161ilumos ir jaukumo atmosfer\u0105. I\u0161reik\u0161kite save ir savo interjer\u0105 su i\u0161ties i\u0161skirtiniu stiliaus elementu \u2013 \u201eOlin WM\u201c stalu.<\/p>","protected":false},"excerpt":{"rendered":"<p>Plotis (cm): 180<br \/>\n\u016agis (cm): 77<br \/>\nGylis (cm): 95<\/p>","protected":false},"featured_media":155966,"comment_status":"open","ping_status":"open","template":"","meta":[],"product_brand":[],"product_cat":[9427,4105,1934],"product_tag":[],"class_list":{"0":"post-155965","1":"product","2":"type-product","3":"status-publish","4":"has-post-thumbnail","6":"product_cat-furniture-system-olin","7":"product_cat-helvetia","8":"product_cat-tables","10":"first","11":"instock","12":"purchasable","13":"product-type-simple"},"_links":{"self":[{"href":"https:\/\/baldumarket.lt\/lt\/wp-json\/wp\/v2\/product\/155965","targetHints":{"allow":["GET"]}}],"collection":[{"href":"https:\/\/baldumarket.lt\/lt\/wp-json\/wp\/v2\/product"}],"about":[{"href":"https:\/\/baldumarket.lt\/lt\/wp-json\/wp\/v2\/types\/product"}],"replies":[{"embeddable":true,"href":"https:\/\/baldumarket.lt\/lt\/wp-json\/wp\/v2\/comments?post=155965"}],"wp:featuredmedia":[{"embeddable":true,"href":"https:\/\/baldumarket.lt\/lt\/wp-json\/wp\/v2\/media\/155966"}],"wp:attachment":[{"href":"https:\/\/baldumarket.lt\/lt\/wp-json\/wp\/v2\/media?parent=155965"}],"wp:term":[{"taxonomy":"product_brand","embeddable":true,"href":"https:\/\/baldumarket.lt\/lt\/wp-json\/wp\/v2\/product_brand?post=155965"},{"taxonomy":"product_cat","embeddable":true,"href":"https:\/\/baldumarket.lt\/lt\/wp-json\/wp\/v2\/product_cat?post=155965"},{"taxonomy":"product_tag","embeddable":true,"href":"https:\/\/baldumarket.lt\/lt\/wp-json\/wp\/v2\/product_tag?post=155965"}],"curies":[{"name":"wp","href":"https:\/\/api.w.org\/{rel}","templated":true}]}}