{"id":155962,"date":"2025-12-18T18:17:41","date_gmt":"2025-12-18T15:17:41","guid":{"rendered":"https:\/\/baldumarket.lt\/product\/olin-wm-polka-wiszaca-147-cm-swierk-appenzell-czarny-mat\/"},"modified":"2026-04-12T09:17:04","modified_gmt":"2026-04-12T06:17:04","slug":"olin-wm-polka-wiszaca-147-cm-swierk-appenzell-czarny-mat","status":"publish","type":"product","link":"https:\/\/baldumarket.lt\/lt\/product\/olin-wm-polka-wiszaca-147-cm-swierk-appenzell-czarny-mat\/","title":{"rendered":"Olin WM pakabinama lentyna 147 cm Appenzell egl\u0117 \/ Matin\u0117 juoda"},"content":{"rendered":"<p>Funkcionalumo ir modernaus dizaino derinys paver\u010dia 147 cm plo\u010dio \u201eOlin WM\u201c sienin\u0119 lentyn\u0105 nat\u016bralaus did\u017eiojo \u0105\u017euolo ir matin\u0117s juodos spalvos idealiu pasirinkimu moderniam interjerui. Dviej\u0173 atspalvi\u0173 spalv\u0173 gama ir minimalistiniu dizainu \u0161is baldas yra industrinio stiliaus kvintesencija, puikiai papildanti lofto stiliaus interjerus.<br \/>\nNat\u016bralaus \u0105\u017euolo fasadai sukuria \u0161ilt\u0105 ir jauk\u0173 poj\u016bt\u012f, o matin\u0117s juodos spalvos akcentai suteikia modernumo, atitinkan\u010dio \u0161iuolaikines tendencijas. Galimyb\u0117 \u012fmontuoti LED ap\u0161vietim\u0105 daro \u0161i\u0105 lentyn\u0105 ne tik funkcionali\u0105, bet ir sukuria unikali\u0105 atmosfer\u0105, papildydama j\u0105 dekoratyviniu elementu j\u016bs\u0173 svetain\u0117je ar darbo kambaryje.<br \/>\nKiekviena lentyna sukurta atsi\u017evelgiant \u012f patvarum\u0105 ir tvirtum\u0105, naudojant auk\u0161tos kokyb\u0117s laminuot\u0105 bald\u0173 plok\u0161t\u0119. ABS faneros apdaila kra\u0161tuose ne tik padidina atsparum\u0105 pa\u017eeidimams, bet ir rodo kruop\u0161t\u0173 d\u0117mes\u012f detal\u0117ms. Lentynos matmenys \u2013 plotis: 147 cm, auk\u0161tis: 22 cm ir gylis: 24 cm \u2013 yra prakti\u0161kas priedas, kuriame galite laikyti knygas, nuotrauk\u0173 r\u0117melius ir kitas dekoracijas.<br \/>\nKuriant harmoning\u0105 ir darn\u0173 interjer\u0105, verta apsvarstyti vis\u0105 \u201eOlin\u201c kolekcij\u0105, kuri leid\u017eia sukurti piln\u0105 bald\u0173 komplekt\u0105, kuris papildyt\u0173 vienas kit\u0105 stiliumi ir spalva. \u201eOlin WM\u201c lentyna i\u0161siskiria ne tik savo dizainu, bet ir lengvu surinkimu. Komplekte yra visi reikalingi komponentai ir ai\u0161kios, lengvai suprantamos instrukcijos, tod\u0117l surinkimas yra greitas ir paprastas.<br \/>\nPasirink\u0119 \u0161i\u0105 lentyn\u0105, J\u016bs ne tik paversite savo namus unikaliu aksesuaru, bet ir gausite 2 met\u0173 garantij\u0105, patvirtinan\u010di\u0105 J\u016bs\u0173 pasitik\u0117jim\u0105 gaminio kokybe ir ilgaam\u017ei\u0161kumu. Sukurkite savo knyg\u0173 lentyn\u0105 arba sutvarkykite dekoracijas, m\u0117gaudamiesi apgalvotu Olin WM sienin\u0117s lentynos dizainu ir estetika.<\/p>","protected":false},"excerpt":{"rendered":"<p>Plotis (cm): 147<br \/>\n\u016agis (cm): 22<br \/>\nGylis (cm): 24<\/p>","protected":false},"featured_media":155963,"comment_status":"open","ping_status":"open","template":"","meta":[],"product_brand":[],"product_cat":[9427,1174,4105],"product_tag":[],"class_list":{"0":"post-155962","1":"product","2":"type-product","3":"status-publish","4":"has-post-thumbnail","6":"product_cat-furniture-system-olin","7":"product_cat-hanging-shelves","8":"product_cat-helvetia","10":"first","11":"instock","12":"purchasable","13":"product-type-simple"},"_links":{"self":[{"href":"https:\/\/baldumarket.lt\/lt\/wp-json\/wp\/v2\/product\/155962","targetHints":{"allow":["GET"]}}],"collection":[{"href":"https:\/\/baldumarket.lt\/lt\/wp-json\/wp\/v2\/product"}],"about":[{"href":"https:\/\/baldumarket.lt\/lt\/wp-json\/wp\/v2\/types\/product"}],"replies":[{"embeddable":true,"href":"https:\/\/baldumarket.lt\/lt\/wp-json\/wp\/v2\/comments?post=155962"}],"wp:featuredmedia":[{"embeddable":true,"href":"https:\/\/baldumarket.lt\/lt\/wp-json\/wp\/v2\/media\/155963"}],"wp:attachment":[{"href":"https:\/\/baldumarket.lt\/lt\/wp-json\/wp\/v2\/media?parent=155962"}],"wp:term":[{"taxonomy":"product_brand","embeddable":true,"href":"https:\/\/baldumarket.lt\/lt\/wp-json\/wp\/v2\/product_brand?post=155962"},{"taxonomy":"product_cat","embeddable":true,"href":"https:\/\/baldumarket.lt\/lt\/wp-json\/wp\/v2\/product_cat?post=155962"},{"taxonomy":"product_tag","embeddable":true,"href":"https:\/\/baldumarket.lt\/lt\/wp-json\/wp\/v2\/product_tag?post=155962"}],"curies":[{"name":"wp","href":"https:\/\/api.w.org\/{rel}","templated":true}]}}