{"id":155955,"date":"2025-12-18T18:17:27","date_gmt":"2025-12-18T15:17:27","guid":{"rendered":"https:\/\/baldumarket.lt\/product\/olin-wm-komoda-rtv-mala-147-cm-swierk-appenzell-czarny-mat\/"},"modified":"2026-04-12T09:17:04","modified_gmt":"2026-04-12T06:17:04","slug":"olin-wm-komoda-rtv-mala-147-cm-swierk-appenzell-czarny-mat","status":"publish","type":"product","link":"https:\/\/baldumarket.lt\/lt\/product\/olin-wm-komoda-rtv-mala-147-cm-swierk-appenzell-czarny-mat\/","title":{"rendered":"Olin WM ma\u017ea televizoriaus spintel\u0117 147 cm Appenzell egl\u0117 \/ matin\u0117 juoda"},"content":{"rendered":"<p>Atraskite i\u0161skirtinio dizaino \u201eOlin WM\u201c televizoriaus staliuk\u0105, kuriame dera elegancija ir modernumas. \u0160is staliukas \u2013 puikus pasirinkimas j\u016bs\u0173 svetainei ar darbo kambariui. Dviej\u0173 spalv\u0173 dizainas, kuriame nat\u016bralus didingas \u0105\u017euolas harmoningai dera su matine juoda spalva, puikiai dera prie industrinio interjero ir papildo j\u016bs\u0173 buto lofto stili\u0173. Papildomai si\u016blomas atmosferinis LED ap\u0161vietimas stiklin\u0117se vitrinose pabr\u0117\u017eia modern\u0173 staliuko charakter\u012f ir sukuria jauki\u0105 atmosfer\u0105. \u201eOlin WM\u201c staliukas yra unikalus d\u0117l minimalistini\u0173 ranken\u0173, kurios simbolizuoja paprastum\u0105 ir elegancij\u0105. Be to, staliukas turi dvi dureles ir tris prakti\u0161kas lentynas, leid\u017eian\u010dias patogiai laikyti \u012fvairius daiktus. Pagamintas i\u0161 auk\u0161tos kokyb\u0117s laminuotos med\u017eio dro\u017eli\u0173 plok\u0161t\u0117s, jis u\u017etikrina patvarum\u0105 ir atsparum\u0105 kasdieniam naudojimui. Komodos gale yra funkcionalus, i\u0161 anksto pragr\u0119\u017etas kabelio i\u0161vadas, leid\u017eiantis lengvai prijungti elektronik\u0105 be negra\u017eiai susiv\u0117lusi\u0173 laid\u0173. 147 cm plo\u010dio, 57 cm auk\u0161\u010dio ir 43 cm gylio komoda neu\u017eima daug vietos, ta\u010diau suteikia pakankamai vietos daiktams susid\u0117ti. J\u0105 galima surinkti patiems; Pridedama viskas, ko jums reikia, kartu su ai\u0161kia instrukcija greitam surinkimui.<\/p>","protected":false},"excerpt":{"rendered":"<p>Plotis (cm): 147<br \/>\n\u016agis (cm): 57<br \/>\nGylis (cm): 43<\/p>","protected":false},"featured_media":155956,"comment_status":"open","ping_status":"open","template":"","meta":[],"product_brand":[],"product_cat":[9427,4105,1175],"product_tag":[],"class_list":{"0":"post-155955","1":"product","2":"type-product","3":"status-publish","4":"has-post-thumbnail","6":"product_cat-furniture-system-olin","7":"product_cat-helvetia","8":"product_cat-tv-stands","10":"first","11":"instock","12":"purchasable","13":"product-type-simple"},"_links":{"self":[{"href":"https:\/\/baldumarket.lt\/lt\/wp-json\/wp\/v2\/product\/155955","targetHints":{"allow":["GET"]}}],"collection":[{"href":"https:\/\/baldumarket.lt\/lt\/wp-json\/wp\/v2\/product"}],"about":[{"href":"https:\/\/baldumarket.lt\/lt\/wp-json\/wp\/v2\/types\/product"}],"replies":[{"embeddable":true,"href":"https:\/\/baldumarket.lt\/lt\/wp-json\/wp\/v2\/comments?post=155955"}],"wp:featuredmedia":[{"embeddable":true,"href":"https:\/\/baldumarket.lt\/lt\/wp-json\/wp\/v2\/media\/155956"}],"wp:attachment":[{"href":"https:\/\/baldumarket.lt\/lt\/wp-json\/wp\/v2\/media?parent=155955"}],"wp:term":[{"taxonomy":"product_brand","embeddable":true,"href":"https:\/\/baldumarket.lt\/lt\/wp-json\/wp\/v2\/product_brand?post=155955"},{"taxonomy":"product_cat","embeddable":true,"href":"https:\/\/baldumarket.lt\/lt\/wp-json\/wp\/v2\/product_cat?post=155955"},{"taxonomy":"product_tag","embeddable":true,"href":"https:\/\/baldumarket.lt\/lt\/wp-json\/wp\/v2\/product_tag?post=155955"}],"curies":[{"name":"wp","href":"https:\/\/api.w.org\/{rel}","templated":true}]}}