{"id":155949,"date":"2025-12-18T18:17:14","date_gmt":"2025-12-18T15:17:14","guid":{"rendered":"https:\/\/baldumarket.lt\/product\/olin-wm-komoda-4d3s-swierk-appenzell-czarny-mat\/"},"modified":"2026-04-12T09:16:54","modified_gmt":"2026-04-12T06:16:54","slug":"olin-wm-komoda-4d3s-swierk-appenzell-czarny-mat","status":"publish","type":"product","link":"https:\/\/baldumarket.lt\/lt\/product\/olin-wm-komoda-4d3s-swierk-appenzell-czarny-mat\/","title":{"rendered":"Olin WM Komoda 4D3S Appenzell Spruce \/ Matin\u0117 juoda"},"content":{"rendered":"<p>Kvie\u010diame ap\u017ei\u016br\u0117ti unikali\u0105 \u2019Olin WM\u201c komod\u0105 4D3S \u2013 spintel\u0119, simbolizuojan\u010di\u0105 eleganti\u0161k\u0105 ir modern\u0173 dizain\u0105. Dviej\u0173 spalv\u0173 nat\u016bralaus did\u017eiojo \u0105\u017euolo \/ matin\u0117s juodos spalvos fasadai, derinami su minimalistin\u0117mis formomis, suteiks j\u016bs\u0173 interjerui industrinio charakterio. \u0160i didel\u0117, keturi\u0173 dur\u0173 komoda i\u0161 \u201eOlin\u201c serijos buvo sukurta erdvioms ir modernioms svetain\u0117ms, kur stilius ir funkcionalumas dera tarpusavyje. \u0160io baldo kokyb\u0117 nusipelno ypatingo d\u0117mesio. Rankenos, nors ir paprasto dizaino, yra labai patvarios ir pagamintos i\u0161 tvirto plastiko, kaip ir komodos \u0161onin\u0117s juostel\u0117s (kojel\u0117s), kurios pagamintos i\u0161 itin matin\u0117s juodos MDF plok\u0161t\u0117s. Spintel\u0117s korpusas ir priekin\u0117 dalis kruop\u0161\u010diai apdirbta bald\u0173 plok\u0161te, padengta \u0105\u017euolo imitacijos pl\u0117vele. Kontrastingi itin matin\u0117s juodos spalvos stal\u010di\u0173 fasadai sukuria unikali\u0105 spalv\u0173 harmonij\u0105. \u201eOlin WM\u201c komoda si\u016blo daug vietos daiktams susid\u0117ti, nes joje yra keturios durel\u0117s su pasl\u0117ptomis lentynomis ir trys stal\u010diai su rutuliniais guoliais, u\u017etikrinan\u010diais skland\u0173 ir tyl\u0173 veikim\u0105. Ergonomi\u0161kas i\u0161d\u0117stymas leid\u017eia patogiai naudoti ir optimaliai i\u0161naudoti komodos vid\u0173.<\/p>","protected":false},"excerpt":{"rendered":"<p>Plotis (cm): 220<br \/>\n\u016agis (cm): 79<br \/>\nGylis (cm): 48<\/p>","protected":false},"featured_media":155950,"comment_status":"open","ping_status":"open","template":"","meta":[],"product_brand":[],"product_cat":[9427,1173,4105],"product_tag":[],"class_list":{"0":"post-155949","1":"product","2":"type-product","3":"status-publish","4":"has-post-thumbnail","6":"product_cat-furniture-system-olin","7":"product_cat-chests-of-drawers","8":"product_cat-helvetia","10":"first","11":"instock","12":"purchasable","13":"product-type-simple"},"_links":{"self":[{"href":"https:\/\/baldumarket.lt\/lt\/wp-json\/wp\/v2\/product\/155949","targetHints":{"allow":["GET"]}}],"collection":[{"href":"https:\/\/baldumarket.lt\/lt\/wp-json\/wp\/v2\/product"}],"about":[{"href":"https:\/\/baldumarket.lt\/lt\/wp-json\/wp\/v2\/types\/product"}],"replies":[{"embeddable":true,"href":"https:\/\/baldumarket.lt\/lt\/wp-json\/wp\/v2\/comments?post=155949"}],"wp:featuredmedia":[{"embeddable":true,"href":"https:\/\/baldumarket.lt\/lt\/wp-json\/wp\/v2\/media\/155950"}],"wp:attachment":[{"href":"https:\/\/baldumarket.lt\/lt\/wp-json\/wp\/v2\/media?parent=155949"}],"wp:term":[{"taxonomy":"product_brand","embeddable":true,"href":"https:\/\/baldumarket.lt\/lt\/wp-json\/wp\/v2\/product_brand?post=155949"},{"taxonomy":"product_cat","embeddable":true,"href":"https:\/\/baldumarket.lt\/lt\/wp-json\/wp\/v2\/product_cat?post=155949"},{"taxonomy":"product_tag","embeddable":true,"href":"https:\/\/baldumarket.lt\/lt\/wp-json\/wp\/v2\/product_tag?post=155949"}],"curies":[{"name":"wp","href":"https:\/\/api.w.org\/{rel}","templated":true}]}}