{"id":155943,"date":"2025-12-18T18:17:02","date_gmt":"2025-12-18T15:17:02","guid":{"rendered":"https:\/\/baldumarket.lt\/product\/olin-wm-komoda-3d3s-swierk-appenzell-czarny-mat\/"},"modified":"2026-04-12T09:16:54","modified_gmt":"2026-04-12T06:16:54","slug":"olin-wm-komoda-3d3s-swierk-appenzell-czarny-mat","status":"publish","type":"product","link":"https:\/\/baldumarket.lt\/lt\/product\/olin-wm-komoda-3d3s-swierk-appenzell-czarny-mat\/","title":{"rendered":"Olin WM Komoda 3D3S Appenzell Spruce \/ Matin\u0117 juoda"},"content":{"rendered":"<p>Ie\u0161kote komodos, kurioje der\u0117t\u0173 elegancija, modernumas ir funkcionalumas? \u201eOlin WM 3D3S\u201c komoda \u201eGrand Natural Oak\u201c \/ matin\u0117s juodos spalvos \u2013 puikus pasirinkimas. \u0160i \u201eOlin\u201c kolekcijos komoda sukurta atsi\u017evelgiant \u012f modern\u0173 svetain\u0117s ar darbo kambario dizain\u0105, primenant\u012f nat\u016brali\u0105, bet \u0161ilt\u0105 lofto atmosfer\u0105. \u012edomus dviej\u0173 spalv\u0173 fasad\u0173 ir minimalistini\u0173 form\u0173 derinys suteikia \u0161iam baldui industrinio charakterio, tod\u0117l jis puikiai tinka bet kokiam stilingam interjerui. Paprastos, bet eleganti\u0161kos plastikin\u0117s ranken\u0117l\u0117s ir stal\u010di\u0173 derinys daro komod\u0105 ne tik stiling\u0105, bet ir patogi\u0105 naudoti. \u201eGrand Natural Oak\u201c kartu su matine juoda spalva \u017eavi ir sukuria unikali\u0105 atmosfer\u0105, ypa\u010d su papildomai \u012fjungiamu LED ap\u0161vietimu. \u201eOlin WM\u201c komoda, turinti tris dureles ir tris ant rutulini\u0173 guoli\u0173 b\u0117geli\u0173 pritvirtintus stal\u010dius, suteikia daug vietos daiktams susid\u0117ti. Viduje taip pat yra trys funkcin\u0117s lentynos, leid\u017eian\u010dios optimaliai i\u0161naudoti turim\u0105 erdv\u0119. Auk\u0161tos kokyb\u0117s med\u017eiag\u0173 \u2013 laminuotos bald\u0173 plok\u0161t\u0117s vitrin\u0173 ir stal\u010di\u0173 fasadams bei MDF \u0161onin\u0117ms juostel\u0117ms \u2013 naudojimas garantuoja bald\u0173 ilgaam\u017ei\u0161kum\u0105 ir atsparum\u0105.<\/p>","protected":false},"excerpt":{"rendered":"<p>Plotis (cm): 192<br \/>\n\u016agis (cm): 79<br \/>\nGylis (cm): 43<\/p>","protected":false},"featured_media":155944,"comment_status":"open","ping_status":"open","template":"","meta":[],"product_brand":[],"product_cat":[9427,1173,4105],"product_tag":[],"class_list":{"0":"post-155943","1":"product","2":"type-product","3":"status-publish","4":"has-post-thumbnail","6":"product_cat-furniture-system-olin","7":"product_cat-chests-of-drawers","8":"product_cat-helvetia","10":"first","11":"instock","12":"purchasable","13":"product-type-simple"},"_links":{"self":[{"href":"https:\/\/baldumarket.lt\/lt\/wp-json\/wp\/v2\/product\/155943","targetHints":{"allow":["GET"]}}],"collection":[{"href":"https:\/\/baldumarket.lt\/lt\/wp-json\/wp\/v2\/product"}],"about":[{"href":"https:\/\/baldumarket.lt\/lt\/wp-json\/wp\/v2\/types\/product"}],"replies":[{"embeddable":true,"href":"https:\/\/baldumarket.lt\/lt\/wp-json\/wp\/v2\/comments?post=155943"}],"wp:featuredmedia":[{"embeddable":true,"href":"https:\/\/baldumarket.lt\/lt\/wp-json\/wp\/v2\/media\/155944"}],"wp:attachment":[{"href":"https:\/\/baldumarket.lt\/lt\/wp-json\/wp\/v2\/media?parent=155943"}],"wp:term":[{"taxonomy":"product_brand","embeddable":true,"href":"https:\/\/baldumarket.lt\/lt\/wp-json\/wp\/v2\/product_brand?post=155943"},{"taxonomy":"product_cat","embeddable":true,"href":"https:\/\/baldumarket.lt\/lt\/wp-json\/wp\/v2\/product_cat?post=155943"},{"taxonomy":"product_tag","embeddable":true,"href":"https:\/\/baldumarket.lt\/lt\/wp-json\/wp\/v2\/product_tag?post=155943"}],"curies":[{"name":"wp","href":"https:\/\/api.w.org\/{rel}","templated":true}]}}