{"id":155937,"date":"2025-12-18T18:16:50","date_gmt":"2025-12-18T15:16:50","guid":{"rendered":"https:\/\/baldumarket.lt\/product\/olin-wm-komoda-2d3s-swierk-appenzell-czarny-mat\/"},"modified":"2026-04-12T09:16:54","modified_gmt":"2026-04-12T06:16:54","slug":"olin-wm-komoda-2d3s-swierk-appenzell-czarny-mat","status":"publish","type":"product","link":"https:\/\/baldumarket.lt\/lt\/product\/olin-wm-komoda-2d3s-swierk-appenzell-czarny-mat\/","title":{"rendered":"Olin WM komoda su stal\u010diais 2D3S Appenzell egl\u0117 \/ matin\u0117 juoda"},"content":{"rendered":"<p>Elegancijos ir industrinio charakterio derinys \u2013 tai \u201eOlin WM 2D3S\u201c komoda, kuri neabejotinai pakeis bet kok\u012f interjer\u0105. \u201eOlin\u201c kolekcija si\u016blo baldus, kurie puikiai atitinka \u0161iuolaikini\u0173 sprendim\u0173 ie\u0161kan\u010di\u0173j\u0173 skon\u012f, kartu i\u0161laikydami klasikin\u0119 elegancij\u0105. \u0160i komoda, apdailinta \u201eGrand Natural Oak\u201c spalva su matin\u0117s juodos spalvos akcentais, yra dizainas, kurio negalima praleisti. \u201eOlin WM 2D3S\u201c komoda derina funkcionalum\u0105 ir i\u0161skirtin\u012f dizain\u0105. Dviej\u0173 spalv\u0173 fasadai ir minimalistin\u0117 forma suteikia \u0161iam baldui industrin\u012f charakter\u012f, kuris puikiai dera su lofto stiliaus interjeru. Rafinuotas spalv\u0173 \u017eaismas \u2013 \u0161ilti \u201eGrand Natural Oak\u201c atspalviai harmoningai papildo sodri\u0105 matin\u0119 juod\u0105 spalv\u0105, suteikdami bet kokiam interjerui unikali\u0105 atmosfer\u0105. \u201eOlin\u201c kolekcijos baldai \u2013 tai sprendimas tiems, kurie vertina ir estetik\u0105, ir prakti\u0161kum\u0105. \u0160i komoda turi dvi dureles ir tris erdvius stal\u010dius, u\u017etikrinan\u010dius tvark\u0105 ir tvark\u0105 j\u016bs\u0173 namuose. B\u016btent \u0161iuose stal\u010diuose, judan\u010diuose skland\u017eiais rutuliniais guoliais, galite laikyti visk\u0105, kas svarbu ir reikalinga kasdien.<\/p>","protected":false},"excerpt":{"rendered":"<p>Plotis (cm): 147<br \/>\n\u016agis (cm): 79<br \/>\nGylis (cm): 43<\/p>","protected":false},"featured_media":155938,"comment_status":"open","ping_status":"open","template":"","meta":[],"product_brand":[],"product_cat":[9427,1173,4105],"product_tag":[],"class_list":{"0":"post-155937","1":"product","2":"type-product","3":"status-publish","4":"has-post-thumbnail","6":"product_cat-furniture-system-olin","7":"product_cat-chests-of-drawers","8":"product_cat-helvetia","10":"first","11":"instock","12":"purchasable","13":"product-type-simple"},"_links":{"self":[{"href":"https:\/\/baldumarket.lt\/lt\/wp-json\/wp\/v2\/product\/155937","targetHints":{"allow":["GET"]}}],"collection":[{"href":"https:\/\/baldumarket.lt\/lt\/wp-json\/wp\/v2\/product"}],"about":[{"href":"https:\/\/baldumarket.lt\/lt\/wp-json\/wp\/v2\/types\/product"}],"replies":[{"embeddable":true,"href":"https:\/\/baldumarket.lt\/lt\/wp-json\/wp\/v2\/comments?post=155937"}],"wp:featuredmedia":[{"embeddable":true,"href":"https:\/\/baldumarket.lt\/lt\/wp-json\/wp\/v2\/media\/155938"}],"wp:attachment":[{"href":"https:\/\/baldumarket.lt\/lt\/wp-json\/wp\/v2\/media?parent=155937"}],"wp:term":[{"taxonomy":"product_brand","embeddable":true,"href":"https:\/\/baldumarket.lt\/lt\/wp-json\/wp\/v2\/product_brand?post=155937"},{"taxonomy":"product_cat","embeddable":true,"href":"https:\/\/baldumarket.lt\/lt\/wp-json\/wp\/v2\/product_cat?post=155937"},{"taxonomy":"product_tag","embeddable":true,"href":"https:\/\/baldumarket.lt\/lt\/wp-json\/wp\/v2\/product_tag?post=155937"}],"curies":[{"name":"wp","href":"https:\/\/api.w.org\/{rel}","templated":true}]}}