{"id":155931,"date":"2025-12-18T18:16:36","date_gmt":"2025-12-18T15:16:36","guid":{"rendered":"https:\/\/baldumarket.lt\/product\/niva-szafa-2-drzwi-przesuwnych-180-cm-z-lamelami-dab-dunin-czarny-mat\/"},"modified":"2026-02-05T11:51:08","modified_gmt":"2026-02-05T08:51:08","slug":"niva-szafa-2-drzwi-przesuwnych-180-cm-z-lamelami-dab-dunin-czarny-mat","status":"publish","type":"product","link":"https:\/\/baldumarket.lt\/lt\/product\/niva-szafa-2-drzwi-przesuwnych-180-cm-z-lamelami-dab-dunin-czarny-mat\/","title":{"rendered":"Niva \u2013 Spinta su 2 stumdomomis durimis, 180 cm, su Dunin \u0105\u017euolo juodos matin\u0117s spalvos grotel\u0117mis"},"content":{"rendered":"<p>\u201eNiva\u201c spinta \u2013 puikus sprendimas visiems, norintiems suderinti modern\u0173 dizain\u0105 su funkcionalumu. \u0160i 180 cm plo\u010dio stumdom\u0173 dur\u0173 spinta, pasi\u017eyminti erdve ir stiliumi, \u017eavi eleganti\u0161ka \u201eDunin Oak\u201c apdaila. Tamsi matin\u0117 rankena suteikia baldui unikal\u0173 charakter\u012f, kuris puikiai der\u0117s prie \u012fvairi\u0173 interjero stili\u0173. Nesvarbu, ar siekiate minimalistini\u0173 akcent\u0173, ar eklekti\u0161kesni\u0173 dizain\u0173, \u201eNiva\u201c suteiks j\u016bs\u0173 erdvei unikalaus \u017eavesio. 210 cm auk\u0161\u010dio ir 61 cm gylio \u201eNiva\u201c spinta ne tik atrodo gra\u017eiai, bet ir si\u016blo prakti\u0161kus daikt\u0173 laikymo sprendimus. Stumdomos durys taupo verting\u0105 erdv\u0119, tod\u0117l idealiai tinka ma\u017eesn\u0117ms patalpoms. Atidarius duris atsiveria erdvi erdv\u0117, kurioje galite patogiai susid\u0117ti drabu\u017eius, aksesuarus ir kitus b\u016btiniausius daiktus. Pagaminta i\u0161 auk\u0161tos kokyb\u0117s laminuotos plok\u0161t\u0117s, \u201eNiva\u201c spinta derina patvarum\u0105 ir estetik\u0105. Tvirta konstrukcija u\u017etikrina ilgaam\u017ei\u0161kum\u0105, o eleganti\u0161k\u0105 pavir\u0161i\u0173 lengva valyti, tod\u0117l ji idealiai tinka kasdieniam naudojimui. Surinkimas paprastas ir intuityvus, tod\u0117l netrukus d\u017eiaugsit\u0117s nauju savo interjero papildymu.<\/p>","protected":false},"excerpt":{"rendered":"<p>Plotis (cm): 180<br \/>\n\u016agis (cm): 210<br \/>\nGylis (cm): 61<\/p>","protected":false},"featured_media":155932,"comment_status":"open","ping_status":"open","template":"","meta":[],"product_brand":[],"product_cat":[9426,4105,1177],"product_tag":[],"class_list":{"0":"post-155931","1":"product","2":"type-product","3":"status-publish","4":"has-post-thumbnail","6":"product_cat-furniture-system-niva","7":"product_cat-helvetia","8":"product_cat-wardrobes","10":"first","11":"instock","12":"purchasable","13":"product-type-simple"},"_links":{"self":[{"href":"https:\/\/baldumarket.lt\/lt\/wp-json\/wp\/v2\/product\/155931","targetHints":{"allow":["GET"]}}],"collection":[{"href":"https:\/\/baldumarket.lt\/lt\/wp-json\/wp\/v2\/product"}],"about":[{"href":"https:\/\/baldumarket.lt\/lt\/wp-json\/wp\/v2\/types\/product"}],"replies":[{"embeddable":true,"href":"https:\/\/baldumarket.lt\/lt\/wp-json\/wp\/v2\/comments?post=155931"}],"wp:featuredmedia":[{"embeddable":true,"href":"https:\/\/baldumarket.lt\/lt\/wp-json\/wp\/v2\/media\/155932"}],"wp:attachment":[{"href":"https:\/\/baldumarket.lt\/lt\/wp-json\/wp\/v2\/media?parent=155931"}],"wp:term":[{"taxonomy":"product_brand","embeddable":true,"href":"https:\/\/baldumarket.lt\/lt\/wp-json\/wp\/v2\/product_brand?post=155931"},{"taxonomy":"product_cat","embeddable":true,"href":"https:\/\/baldumarket.lt\/lt\/wp-json\/wp\/v2\/product_cat?post=155931"},{"taxonomy":"product_tag","embeddable":true,"href":"https:\/\/baldumarket.lt\/lt\/wp-json\/wp\/v2\/product_tag?post=155931"}],"curies":[{"name":"wp","href":"https:\/\/api.w.org\/{rel}","templated":true}]}}