{"id":155925,"date":"2025-12-18T18:16:24","date_gmt":"2025-12-18T15:16:24","guid":{"rendered":"https:\/\/baldumarket.lt\/product\/niva-szafa-2-drzwi-przesuwnych-180-cm-z-lamelami-bez-jasny\/"},"modified":"2026-02-05T11:51:08","modified_gmt":"2026-02-05T08:51:08","slug":"niva-szafa-2-drzwi-przesuwnych-180-cm-z-lamelami-bez-jasny","status":"publish","type":"product","link":"https:\/\/baldumarket.lt\/lt\/product\/niva-szafa-2-drzwi-przesuwnych-180-cm-z-lamelami-bez-jasny\/","title":{"rendered":"Niva &#8211; Drabu\u017ein\u0117 su 2 stumdomomis durimis, 180 cm, \u0161viesiai sm\u0117lio spalvos, su grotel\u0117mis"},"content":{"rendered":"<p>Atraskite nauj\u0105 daikt\u0173 laikymo ir organizavimo lyg\u012f su \u201eNiva\u201c spinta. \u0160i \u012fsp\u016bdinga 180 cm plo\u010dio spinta pasi\u017eymi eleganti\u0161ka sm\u0117lio spalvos apdaila, kuri puikiai der\u0117s prie bet kokio interjero stiliaus. Minimalistinis dizainas kartu su grotel\u0117mis suteikia jai unikal\u0173 charakter\u012f, tod\u0117l ji yra ne tik funkcionali, bet ir esteti\u0161kai patraukli. D\u0117l neutralios spalv\u0173 gamos j\u0105 galima lengvai derinti su kitais dizaino elementais, sukuriant harmoning\u0105 erdv\u0119. \u201eNiva\u201c spinta yra puikus sprendimas tiems, kurie vertina ir stili\u0173, ir prakti\u0161kum\u0105. Stumdomos durys ne tik suteikia modernumo, bet ir taupo viet\u0105. Jums nebereikia r\u016bpintis, kad atidaromos tradicin\u0117s durys, u\u017eiman\u010dios verting\u0105 viet\u0105 \u2013 modernus stumdomas sprendimas leid\u017eia ne tik lengvai, bet ir patogiai patekti \u012f spintos vid\u0173. Didel\u0117 talpa leid\u017eia esteti\u0161kai ir tvarkingai laikyti drabu\u017eius, patalyn\u0119 ir kitus b\u016btinus daiktus. Pagaminta i\u0161 auk\u0161tos kokyb\u0117s laminuotos plok\u0161t\u0117s, \u201eNiva\u201c spinta garantuoja patvarum\u0105 ir ilgaam\u017ei\u0161kum\u0105. Tvirta konstrukcija gali atlaikyti kasdien\u012f naudojim\u0105 be joki\u0173 nusid\u0117v\u0117jimo po\u017eymi\u0173. Be to, metalin\u0117s rankenos, tokios pa\u010dios kaip ir r\u0117mas, suteikia spintai elegancijos ir vientisumo. Surinkimas yra paprastas ir atliekamas \u017eingsnis po \u017eingsnio, tod\u0117l baldus galite surinkti patys akimirksniu. M\u0117gaukit\u0117s nauja savo interjero i\u0161vaizda nesijaudindami d\u0117l sud\u0117ting\u0173 instrukcij\u0173.<\/p>","protected":false},"excerpt":{"rendered":"<p>Plotis (cm): 180<br \/>\n\u016agis (cm): 210<br \/>\nGylis (cm): 61<\/p>","protected":false},"featured_media":155926,"comment_status":"open","ping_status":"open","template":"","meta":[],"product_brand":[],"product_cat":[9426,4105,1177],"product_tag":[],"class_list":{"0":"post-155925","1":"product","2":"type-product","3":"status-publish","4":"has-post-thumbnail","6":"product_cat-furniture-system-niva","7":"product_cat-helvetia","8":"product_cat-wardrobes","10":"first","11":"instock","12":"purchasable","13":"product-type-simple"},"_links":{"self":[{"href":"https:\/\/baldumarket.lt\/lt\/wp-json\/wp\/v2\/product\/155925","targetHints":{"allow":["GET"]}}],"collection":[{"href":"https:\/\/baldumarket.lt\/lt\/wp-json\/wp\/v2\/product"}],"about":[{"href":"https:\/\/baldumarket.lt\/lt\/wp-json\/wp\/v2\/types\/product"}],"replies":[{"embeddable":true,"href":"https:\/\/baldumarket.lt\/lt\/wp-json\/wp\/v2\/comments?post=155925"}],"wp:featuredmedia":[{"embeddable":true,"href":"https:\/\/baldumarket.lt\/lt\/wp-json\/wp\/v2\/media\/155926"}],"wp:attachment":[{"href":"https:\/\/baldumarket.lt\/lt\/wp-json\/wp\/v2\/media?parent=155925"}],"wp:term":[{"taxonomy":"product_brand","embeddable":true,"href":"https:\/\/baldumarket.lt\/lt\/wp-json\/wp\/v2\/product_brand?post=155925"},{"taxonomy":"product_cat","embeddable":true,"href":"https:\/\/baldumarket.lt\/lt\/wp-json\/wp\/v2\/product_cat?post=155925"},{"taxonomy":"product_tag","embeddable":true,"href":"https:\/\/baldumarket.lt\/lt\/wp-json\/wp\/v2\/product_tag?post=155925"}],"curies":[{"name":"wp","href":"https:\/\/api.w.org\/{rel}","templated":true}]}}