{"id":155918,"date":"2025-12-18T18:16:08","date_gmt":"2025-12-18T15:16:08","guid":{"rendered":"https:\/\/baldumarket.lt\/product\/niva-szafa-2-drzwi-przesuwnych-150-cm-z-lamelami-dab-dunin-czarny-mat\/"},"modified":"2026-02-05T11:51:08","modified_gmt":"2026-02-05T08:51:08","slug":"niva-szafa-2-drzwi-przesuwnych-150-cm-z-lamelami-dab-dunin-czarny-mat","status":"publish","type":"product","link":"https:\/\/baldumarket.lt\/lt\/product\/niva-szafa-2-drzwi-przesuwnych-150-cm-z-lamelami-dab-dunin-czarny-mat\/","title":{"rendered":"Niva &#8211; Spinta su 2 stumdomomis durimis, 150 cm, su Dunin \u0105\u017euolo juodos matin\u0117s spalvos grotel\u0117mis"},"content":{"rendered":"<p>Atraskite tobul\u0105 daikt\u0173 laikymo b\u016bd\u0105 su \u201eNiva\u201c spinta su dviem stumdomomis durimis, kurioje dera rafinuotas stilius ir funkcionalumas. 150 cm plotis leid\u017eia jai puikiai \u012fsilieti \u012f bet kur\u012f j\u016bs\u0173 interjero kampel\u012f, suteikdamas elegancijos ir modernumo. \u201eDunin Oak\u201c spalv\u0173 gama ir matin\u0117s juodos rankenos \u2013 tobulas derinys, suteikiantis spintai nesenstant\u012f charakter\u012f. \u0160ios spintos dizainas sukurtas tiems, kurie vertina ir estetik\u0105, ir prakti\u0161kum\u0105. Stumdomos durys \u2013 puikus sprendimas, taupantis erdv\u0119 ir palengvinantis prieig\u0105 prie j\u016bs\u0173 daikt\u0173. Ne tik sutaupysite papildom\u0173 kvadratini\u0173 metr\u0173, bet ir sukursite harmoning\u0105 erdv\u0119, kuri skatins poils\u012f ir atsipalaidavim\u0105. \u201eNiva\u201c spinta taps j\u016bs\u0173 kambario traukos centru, pritraukdama vis\u0173 sve\u010di\u0173 d\u0117mes\u012f. Auk\u0161tos kokyb\u0117s med\u017eiagos, i\u0161 kuri\u0173 pagaminta spinta, garantuoja jos patvarum\u0105 ir atsparum\u0105 kasdieniam naudojimui. Laminuota plok\u0161t\u0117 u\u017etikrina ne tik esteti\u0161k\u0105 i\u0161vaizd\u0105, bet ir lengv\u0105 prie\u017ei\u016br\u0105, o tai ypa\u010d svarbu intensyviai naudojamuose kambariuose. J\u016bs\u0173 d\u0117ka spintos surinkimas taps malonumu \u2013 visi reikalingi priedai yra komplekte, taupant j\u016bs\u0173 laik\u0105 ir energij\u0105.<\/p>","protected":false},"excerpt":{"rendered":"<p>Plotis (cm): 150<br \/>\n\u016agis (cm): 210<br \/>\nGylis (cm): 61<\/p>","protected":false},"featured_media":155919,"comment_status":"open","ping_status":"open","template":"","meta":[],"product_brand":[],"product_cat":[9426,4105,1177],"product_tag":[],"class_list":{"0":"post-155918","1":"product","2":"type-product","3":"status-publish","4":"has-post-thumbnail","6":"product_cat-furniture-system-niva","7":"product_cat-helvetia","8":"product_cat-wardrobes","10":"first","11":"instock","12":"purchasable","13":"product-type-simple"},"_links":{"self":[{"href":"https:\/\/baldumarket.lt\/lt\/wp-json\/wp\/v2\/product\/155918","targetHints":{"allow":["GET"]}}],"collection":[{"href":"https:\/\/baldumarket.lt\/lt\/wp-json\/wp\/v2\/product"}],"about":[{"href":"https:\/\/baldumarket.lt\/lt\/wp-json\/wp\/v2\/types\/product"}],"replies":[{"embeddable":true,"href":"https:\/\/baldumarket.lt\/lt\/wp-json\/wp\/v2\/comments?post=155918"}],"wp:featuredmedia":[{"embeddable":true,"href":"https:\/\/baldumarket.lt\/lt\/wp-json\/wp\/v2\/media\/155919"}],"wp:attachment":[{"href":"https:\/\/baldumarket.lt\/lt\/wp-json\/wp\/v2\/media?parent=155918"}],"wp:term":[{"taxonomy":"product_brand","embeddable":true,"href":"https:\/\/baldumarket.lt\/lt\/wp-json\/wp\/v2\/product_brand?post=155918"},{"taxonomy":"product_cat","embeddable":true,"href":"https:\/\/baldumarket.lt\/lt\/wp-json\/wp\/v2\/product_cat?post=155918"},{"taxonomy":"product_tag","embeddable":true,"href":"https:\/\/baldumarket.lt\/lt\/wp-json\/wp\/v2\/product_tag?post=155918"}],"curies":[{"name":"wp","href":"https:\/\/api.w.org\/{rel}","templated":true}]}}