{"id":155912,"date":"2025-12-18T18:15:55","date_gmt":"2025-12-18T15:15:55","guid":{"rendered":"https:\/\/baldumarket.lt\/product\/niva-szafa-2-drzwi-przesuwnych-150-cm-z-lamelami-bez-jasny\/"},"modified":"2026-02-05T11:51:08","modified_gmt":"2026-02-05T08:51:08","slug":"niva-szafa-2-drzwi-przesuwnych-150-cm-z-lamelami-bez-jasny","status":"publish","type":"product","link":"https:\/\/baldumarket.lt\/lt\/product\/niva-szafa-2-drzwi-przesuwnych-150-cm-z-lamelami-bez-jasny\/","title":{"rendered":"Niva &#8211; Spinta su 2 stumdomomis durimis, 150 cm, \u0161viesiai sm\u0117lio spalvos grotel\u0117mis"},"content":{"rendered":"<p>\u201eNiva\u201c \u2013 dviej\u0173 dur\u0173 stumdoma spinta \u2013 puikus sprendimas visiems, kurie vertina elegancij\u0105 ir funkcionalum\u0105 savo interjere. \u0160is stilingas 150 cm plo\u010dio ir 210 cm auk\u0161\u010dio baldas \u017eavi savo sm\u0117lio atspalviu ir puikiai dera prie \u012fvairi\u0173 interjer\u0173 \u2013 nuo \u200b\u200bmodernaus iki klasikinio. Grotel\u0117s suteikia spintai unikalumo ir paver\u010dia j\u0105 ne tik prakti\u0161ku baldu, bet ir patrauklia j\u016bs\u0173 kambario puo\u0161mena. Nesvarbu, ar norite sutvarkyti savo miegam\u0105j\u012f, persirengimo kambar\u012f, ar prie\u0161kambar\u012f, \u201eNiva\u201c spinta garantuoja optimal\u0173 erdv\u0117s i\u0161naudojim\u0105. Stumdomos durys taupo verting\u0105 erdv\u0119, nes nereikia papildomos vietos durims atidaryti. Tai leid\u017eia jums susitvarkyti kambar\u012f pagal savo pageidavimus, net ir ma\u017eesniuose kambariuose. Pagaminta i\u0161 auk\u0161tos kokyb\u0117s laminuotos plok\u0161t\u0117s, \u201eNiva\u201c spinta derina estetik\u0105 ir ilgaam\u017ei\u0161kum\u0105. Tvirta konstrukcija u\u017etikrina ilgalaik\u012f naudojim\u0105, tod\u0117l tai yra investicija ilgus metus. To paties atspalvio metalin\u0117s rankenos harmoningai dera su visa forma, suteikdamos baldui eleganti\u0161k\u0105 apdail\u0105.<\/p>","protected":false},"excerpt":{"rendered":"<p>Plotis (cm): 150<br \/>\n\u016agis (cm): 210<br \/>\nGylis (cm): 61<\/p>","protected":false},"featured_media":155913,"comment_status":"open","ping_status":"open","template":"","meta":[],"product_brand":[],"product_cat":[9426,4105,1177],"product_tag":[],"class_list":{"0":"post-155912","1":"product","2":"type-product","3":"status-publish","4":"has-post-thumbnail","6":"product_cat-furniture-system-niva","7":"product_cat-helvetia","8":"product_cat-wardrobes","10":"first","11":"instock","12":"purchasable","13":"product-type-simple"},"_links":{"self":[{"href":"https:\/\/baldumarket.lt\/lt\/wp-json\/wp\/v2\/product\/155912","targetHints":{"allow":["GET"]}}],"collection":[{"href":"https:\/\/baldumarket.lt\/lt\/wp-json\/wp\/v2\/product"}],"about":[{"href":"https:\/\/baldumarket.lt\/lt\/wp-json\/wp\/v2\/types\/product"}],"replies":[{"embeddable":true,"href":"https:\/\/baldumarket.lt\/lt\/wp-json\/wp\/v2\/comments?post=155912"}],"wp:featuredmedia":[{"embeddable":true,"href":"https:\/\/baldumarket.lt\/lt\/wp-json\/wp\/v2\/media\/155913"}],"wp:attachment":[{"href":"https:\/\/baldumarket.lt\/lt\/wp-json\/wp\/v2\/media?parent=155912"}],"wp:term":[{"taxonomy":"product_brand","embeddable":true,"href":"https:\/\/baldumarket.lt\/lt\/wp-json\/wp\/v2\/product_brand?post=155912"},{"taxonomy":"product_cat","embeddable":true,"href":"https:\/\/baldumarket.lt\/lt\/wp-json\/wp\/v2\/product_cat?post=155912"},{"taxonomy":"product_tag","embeddable":true,"href":"https:\/\/baldumarket.lt\/lt\/wp-json\/wp\/v2\/product_tag?post=155912"}],"curies":[{"name":"wp","href":"https:\/\/api.w.org\/{rel}","templated":true}]}}