{"id":155904,"date":"2025-12-18T18:15:38","date_gmt":"2025-12-18T15:15:38","guid":{"rendered":"https:\/\/baldumarket.lt\/product\/modo-witryna-2d-bialy-mat-dab-mauvella\/"},"modified":"2026-04-12T09:16:54","modified_gmt":"2026-04-12T06:16:54","slug":"modo-witryna-2d-bialy-mat-dab-mauvella","status":"publish","type":"product","link":"https:\/\/baldumarket.lt\/lt\/product\/modo-witryna-2d-bialy-mat-dab-mauvella\/","title":{"rendered":"Modo &#8211; 2D vitrina, balta matin\u0117, \u0105\u017euolo spalvos, \u201eMauvella\u201c"},"content":{"rendered":"<p>Pakelkite savo svetain\u0119 \u012f kit\u0105 lyg\u012f su eleganti\u0161ka 2D \u201eMauvella\u201c vitrina, kurios matin\u0117s baltos ir \u0105\u017euolo spalvos \u2013 i\u0161 \u017einomo \u201eHelvetia\u201c prek\u0117s \u017eenklo. Minimalistinis dizainas puikiai der\u0117s prie bet kokio interjero, suteikdamas modernumo. Subtilus atspalvis suteikia jai i\u0161skirtinio universalumo ir leid\u017eia i\u0161ry\u0161kinti kitus dizaino elementus. Estetika \u2013 ne vienintelis svarbus dalykas! \u0160i vitrina pasi\u017eymi erdviu interjeru, kur\u012f galite pritaikyti pagal savo poreikius. Gra\u017eiai laikykite m\u0117gstamas knygas, eleganti\u0161kus stalo \u012frankius ar suvenyrus, eksponuodami juos stilingose stiklin\u0117se lentynose. \u0160is sprendimas leid\u017eia lengvai pasiekti savo lobius ir pritraukia susidom\u0117jusi\u0173 sve\u010di\u0173 d\u0117mes\u012f. Auk\u0161\u010diausios kokyb\u0117s med\u017eiag\u0173, toki\u0173 kaip laminuota plok\u0161t\u0117 ir stiklas, naudojimas garantuoja patvarum\u0105 ir lengv\u0105 valym\u0105. Kiekviena lentyna kruop\u0161\u010diai suprojektuota taip, kad atlaikyt\u0173 kasdienius poreikius, o metaliniai vyriai u\u017etikrina ilgaam\u017ei\u0161kum\u0105 ir stabilum\u0105. Savaranki\u0161kas surinkimas rei\u0161kia, kad netrukus gal\u0117site m\u0117gautis nauja vitrina savo namuose.<\/p>","protected":false},"excerpt":{"rendered":"<p>Plotis (cm): 80<br \/>\n\u016agis (cm): 140<br \/>\nGylis (cm): 35<\/p>","protected":false},"featured_media":155905,"comment_status":"open","ping_status":"open","template":"","meta":[],"product_brand":[],"product_cat":[9425,4105,2006],"product_tag":[],"class_list":{"0":"post-155904","1":"product","2":"type-product","3":"status-publish","4":"has-post-thumbnail","6":"product_cat-furniture-system-modo","7":"product_cat-helvetia","8":"product_cat-vitrines","10":"first","11":"instock","12":"purchasable","13":"product-type-simple"},"_links":{"self":[{"href":"https:\/\/baldumarket.lt\/lt\/wp-json\/wp\/v2\/product\/155904","targetHints":{"allow":["GET"]}}],"collection":[{"href":"https:\/\/baldumarket.lt\/lt\/wp-json\/wp\/v2\/product"}],"about":[{"href":"https:\/\/baldumarket.lt\/lt\/wp-json\/wp\/v2\/types\/product"}],"replies":[{"embeddable":true,"href":"https:\/\/baldumarket.lt\/lt\/wp-json\/wp\/v2\/comments?post=155904"}],"wp:featuredmedia":[{"embeddable":true,"href":"https:\/\/baldumarket.lt\/lt\/wp-json\/wp\/v2\/media\/155905"}],"wp:attachment":[{"href":"https:\/\/baldumarket.lt\/lt\/wp-json\/wp\/v2\/media?parent=155904"}],"wp:term":[{"taxonomy":"product_brand","embeddable":true,"href":"https:\/\/baldumarket.lt\/lt\/wp-json\/wp\/v2\/product_brand?post=155904"},{"taxonomy":"product_cat","embeddable":true,"href":"https:\/\/baldumarket.lt\/lt\/wp-json\/wp\/v2\/product_cat?post=155904"},{"taxonomy":"product_tag","embeddable":true,"href":"https:\/\/baldumarket.lt\/lt\/wp-json\/wp\/v2\/product_tag?post=155904"}],"curies":[{"name":"wp","href":"https:\/\/api.w.org\/{rel}","templated":true}]}}