{"id":155896,"date":"2025-12-18T18:15:20","date_gmt":"2025-12-18T15:15:20","guid":{"rendered":"https:\/\/baldumarket.lt\/product\/modo-komoda-4d-bialy-mat-dab-mauvella\/"},"modified":"2026-04-12T09:16:54","modified_gmt":"2026-04-12T06:16:54","slug":"modo-komoda-4d-bialy-mat-dab-mauvella","status":"publish","type":"product","link":"https:\/\/baldumarket.lt\/lt\/product\/modo-komoda-4d-bialy-mat-dab-mauvella\/","title":{"rendered":"Modo &#8211; 4D komoda, baltas matinis \u0105\u017euolas, \u201eMauvella\u201c"},"content":{"rendered":"<p>Atraskite unikal\u0173 \u201eModo 4D\u201c komodos dizain\u0105 ir funkcionalum\u0105, kuri neabejotinai papuo\u0161 bet kok\u012f interjer\u0105. Stilingas matin\u0117s baltos ir eleganti\u0161kos \u201eMauvella\u201c \u0105\u017euolo derinys daro j\u0105 puikiai tinkan\u010di\u0105 tiek moderniam, tiek klasikiniam interjerui. 200 cm plo\u010dio, 68 cm auk\u0161\u010dio ir 35 cm gylio komoda ne tik atrodo patraukliai, bet ir si\u016blo daug vietos daiktams susid\u0117ti. Tai idealus sprendimas svetainei, miegamajam ar prie\u0161kambariui. Kiekvien\u0105 dien\u0105 naudodamiesi \u201eModo\u201c komoda, m\u0117gausit\u0117s jos keturi\u0173 dureli\u0173 dizaino funkcionalumu. Vidus leid\u017eia susitvarkyti \u012fvairius daiktus \u2013 nuo drabu\u017ei\u0173 iki knyg\u0173 \u2013 ir lengvai pasiekti tai, kas svarbiausia. Estetinis patrauklumas taip pat padeda i\u0161vengti netvarkos, tod\u0117l visi gali atsipalaiduoti tvarkingoje erdv\u0117je. Komoda pagaminta i\u0161 auk\u0161tos kokyb\u0117s laminuotos plok\u0161t\u0117s, u\u017etikrinan\u010dios patvarum\u0105 ir atsparum\u0105 kasdieniam naudojimui. Metaliniai vyriai ir apa\u010dioje tvirtinamos kreipian\u010diosios u\u017etikrina skland\u0173 dureli\u0173 atidarym\u0105 ir u\u017edarym\u0105, dar labiau padidindamos komfort\u0105. \u201eHelvetia\u201c prek\u0117s \u017eenklo patirtis garantuoja, kad rinkdamiesi gamin\u012f, j\u016bs pasirenkate laik\u0105.<\/p>","protected":false},"excerpt":{"rendered":"<p>Plotis (cm): 200<br \/>\n\u016agis (cm): 68<br \/>\nGylis (cm): 35<\/p>","protected":false},"featured_media":155897,"comment_status":"open","ping_status":"open","template":"","meta":[],"product_brand":[],"product_cat":[9425,1173,4105],"product_tag":[],"class_list":{"0":"post-155896","1":"product","2":"type-product","3":"status-publish","4":"has-post-thumbnail","6":"product_cat-furniture-system-modo","7":"product_cat-chests-of-drawers","8":"product_cat-helvetia","10":"first","11":"instock","12":"purchasable","13":"product-type-simple"},"_links":{"self":[{"href":"https:\/\/baldumarket.lt\/lt\/wp-json\/wp\/v2\/product\/155896","targetHints":{"allow":["GET"]}}],"collection":[{"href":"https:\/\/baldumarket.lt\/lt\/wp-json\/wp\/v2\/product"}],"about":[{"href":"https:\/\/baldumarket.lt\/lt\/wp-json\/wp\/v2\/types\/product"}],"replies":[{"embeddable":true,"href":"https:\/\/baldumarket.lt\/lt\/wp-json\/wp\/v2\/comments?post=155896"}],"wp:featuredmedia":[{"embeddable":true,"href":"https:\/\/baldumarket.lt\/lt\/wp-json\/wp\/v2\/media\/155897"}],"wp:attachment":[{"href":"https:\/\/baldumarket.lt\/lt\/wp-json\/wp\/v2\/media?parent=155896"}],"wp:term":[{"taxonomy":"product_brand","embeddable":true,"href":"https:\/\/baldumarket.lt\/lt\/wp-json\/wp\/v2\/product_brand?post=155896"},{"taxonomy":"product_cat","embeddable":true,"href":"https:\/\/baldumarket.lt\/lt\/wp-json\/wp\/v2\/product_cat?post=155896"},{"taxonomy":"product_tag","embeddable":true,"href":"https:\/\/baldumarket.lt\/lt\/wp-json\/wp\/v2\/product_tag?post=155896"}],"curies":[{"name":"wp","href":"https:\/\/api.w.org\/{rel}","templated":true}]}}