{"id":155888,"date":"2025-12-18T18:15:02","date_gmt":"2025-12-18T15:15:02","guid":{"rendered":"https:\/\/baldumarket.lt\/product\/modo-komoda-2d4s-bialy-mat-dab-mauvella\/"},"modified":"2026-04-12T09:16:54","modified_gmt":"2026-04-12T06:16:54","slug":"modo-komoda-2d4s-bialy-mat-dab-mauvella","status":"publish","type":"product","link":"https:\/\/baldumarket.lt\/lt\/product\/modo-komoda-2d4s-bialy-mat-dab-mauvella\/","title":{"rendered":"Modo &#8211; Komoda 2D4S Baltas matinis \u0105\u017euolas Mauvella"},"content":{"rendered":"<p>Paverskite savo namus stiliaus ir funkcionalumo oaze su eleganti\u0161ka matin\u0117s baltos spalvos \u201eModo 2D4S\u201c komoda su \u201eMauvella\u201c \u0105\u017euolo akcentais. \u0160is \u201eHelvetia\u201c baldas \u2013 tai tobulas modernaus dizaino ir prakti\u0161kumo derinys, tod\u0117l jis taps puikiu j\u016bs\u0173 svetain\u0117s, miegamojo ar prie\u0161kambario akcentu. D\u0117l universali\u0173 spalv\u0173 jis puikiai dera prie bet kokio interjero, o subtil\u016bs \u0105\u017euolo akcentai suteikia charakterio. D\u0117l plataus dizaino, 150 cm x 100 cm x 35 cm, \u201eModo\u201c komoda si\u016blo daug vietos daiktams susid\u0117ti, puikiai tinkan\u010dio \u012fvairiems daiktams susid\u0117ti. Keturi erdv\u016bs stal\u010diai ir dvi erdvios lentynos leid\u017eia susitvarkyti dokumentus, drabu\u017eius ar dekoracijas, o laminuota plok\u0161t\u0117 u\u017etikrina patvarum\u0105 ir lengv\u0105 valym\u0105. Jums nereikia jaudintis d\u0117l d\u0117mi\u0173 \u2013 tiesiog nuvalykite komod\u0105, kad ji v\u0117l spind\u0117t\u0173. Surinkimas yra ne\u012ftik\u0117tinai paprastas, d\u0117ka prid\u0117t\u0173 instrukcij\u0173 ir reikaling\u0173 komponent\u0173. \u0160\u012f bald\u0105 galite surinkti jums patogiu metu, ir jis greitai taps neatsiejama j\u016bs\u0173 interjero dalimi. Metaliniai vyriai ir apa\u010dioje tvirtinamos kreipian\u010diosios garantuoja stabilum\u0105 ir patog\u0173 naudojim\u0105. \u010cia rasite ne tik vietos daiktams susid\u0117ti, bet ir stiling\u0105 akcent\u0105, kuris papuo\u0161 j\u016bs\u0173 nam\u0173 interjer\u0105.<\/p>","protected":false},"excerpt":{"rendered":"<p>Plotis (cm): 150<br \/>\n\u016agis (cm): 100<br \/>\nGylis (cm): 35<\/p>","protected":false},"featured_media":155889,"comment_status":"open","ping_status":"open","template":"","meta":[],"product_brand":[],"product_cat":[9425,1173,4105],"product_tag":[],"class_list":{"0":"post-155888","1":"product","2":"type-product","3":"status-publish","4":"has-post-thumbnail","6":"product_cat-furniture-system-modo","7":"product_cat-chests-of-drawers","8":"product_cat-helvetia","10":"first","11":"instock","12":"purchasable","13":"product-type-simple"},"_links":{"self":[{"href":"https:\/\/baldumarket.lt\/lt\/wp-json\/wp\/v2\/product\/155888","targetHints":{"allow":["GET"]}}],"collection":[{"href":"https:\/\/baldumarket.lt\/lt\/wp-json\/wp\/v2\/product"}],"about":[{"href":"https:\/\/baldumarket.lt\/lt\/wp-json\/wp\/v2\/types\/product"}],"replies":[{"embeddable":true,"href":"https:\/\/baldumarket.lt\/lt\/wp-json\/wp\/v2\/comments?post=155888"}],"wp:featuredmedia":[{"embeddable":true,"href":"https:\/\/baldumarket.lt\/lt\/wp-json\/wp\/v2\/media\/155889"}],"wp:attachment":[{"href":"https:\/\/baldumarket.lt\/lt\/wp-json\/wp\/v2\/media?parent=155888"}],"wp:term":[{"taxonomy":"product_brand","embeddable":true,"href":"https:\/\/baldumarket.lt\/lt\/wp-json\/wp\/v2\/product_brand?post=155888"},{"taxonomy":"product_cat","embeddable":true,"href":"https:\/\/baldumarket.lt\/lt\/wp-json\/wp\/v2\/product_cat?post=155888"},{"taxonomy":"product_tag","embeddable":true,"href":"https:\/\/baldumarket.lt\/lt\/wp-json\/wp\/v2\/product_tag?post=155888"}],"curies":[{"name":"wp","href":"https:\/\/api.w.org\/{rel}","templated":true}]}}