{"id":155880,"date":"2025-12-18T18:14:42","date_gmt":"2025-12-18T15:14:42","guid":{"rendered":"https:\/\/baldumarket.lt\/product\/modo-komoda-2d3s-bialy-mat-dab-mauvella\/"},"modified":"2026-04-12T09:16:54","modified_gmt":"2026-04-12T06:16:54","slug":"modo-komoda-2d3s-bialy-mat-dab-mauvella","status":"publish","type":"product","link":"https:\/\/baldumarket.lt\/lt\/product\/modo-komoda-2d3s-bialy-mat-dab-mauvella\/","title":{"rendered":"Modo &#8211; Komoda 2D3S Baltas matinis \u0105\u017euolas Mauvella"},"content":{"rendered":"<p>Su\u017einokite, kaip \u201eHelvetia\u201c komoda \u201eModo 2D3S\u201c gali teigiamai paveikti j\u016bs\u0173 interjero dizain\u0105. \u0160i eleganti\u0161ka, matin\u0117s baltos spalvos komoda su \u201eMauvella\u201c \u0105\u017euolo akcentais yra puikus sprendimas visiems, norintiems suderinti funkcionalum\u0105 su moderniu stiliumi. Minimalistinis dizainas puikiai tiks bet kuriame kambaryje \u2013 nuo miegamojo iki svetain\u0117s. Tai puiki vieta laikyti m\u0117gstamiausius daiktus, kuriuos visada norite tur\u0117ti po ranka. \u201eModo\u201c komoda ne tik suteikia tvarkos j\u016bs\u0173 interjerui, bet ir sukuria jaukumo poj\u016bt\u012f. Matin\u0117s baltos spalvos korpusas suteikia visam kambariui \u0161viesumo ir erdv\u0117s poj\u016bt\u012f. D\u0117l savo dyd\u017eio (150 cm plo\u010dio) ji tinka tiek didesn\u0117ms, tiek ma\u017eesn\u0117ms erdv\u0117ms, o subtilus \u201eMauvella\u201c \u0105\u017euolas suteikia elegancijos, tod\u0117l ji yra ne tik baldas, bet ir dekoratyvinis elementas j\u016bs\u0173 namuose. Kod\u0117l verta rinktis \u201eModo\u201c komod\u0105? Jos gamyboje naudojamos auk\u0161tos kokyb\u0117s ir patvarios med\u017eiagos, o tai itin svarbu funkcionaliems baldams. Pagaminta i\u0161 laminuotos plok\u0161t\u0117s, ji atlaiko kasdien\u012f naudojim\u0105, u\u017etikrinant ilgaam\u017ei\u0161kum\u0105. Be to, metaliniai vyriai garantuoja tyl\u0173 ir skland\u0173 veikim\u0105, tod\u0117l kasdienis naudojimas tampa tikru malonumu.<\/p>","protected":false},"excerpt":{"rendered":"<p>Plotis (cm): 150<br \/>\n\u016agis (cm): 68<br \/>\nGylis (cm): 35<\/p>","protected":false},"featured_media":155881,"comment_status":"open","ping_status":"open","template":"","meta":[],"product_brand":[],"product_cat":[9425,1173,4105],"product_tag":[],"class_list":{"0":"post-155880","1":"product","2":"type-product","3":"status-publish","4":"has-post-thumbnail","6":"product_cat-furniture-system-modo","7":"product_cat-chests-of-drawers","8":"product_cat-helvetia","10":"first","11":"instock","12":"purchasable","13":"product-type-simple"},"_links":{"self":[{"href":"https:\/\/baldumarket.lt\/lt\/wp-json\/wp\/v2\/product\/155880","targetHints":{"allow":["GET"]}}],"collection":[{"href":"https:\/\/baldumarket.lt\/lt\/wp-json\/wp\/v2\/product"}],"about":[{"href":"https:\/\/baldumarket.lt\/lt\/wp-json\/wp\/v2\/types\/product"}],"replies":[{"embeddable":true,"href":"https:\/\/baldumarket.lt\/lt\/wp-json\/wp\/v2\/comments?post=155880"}],"wp:featuredmedia":[{"embeddable":true,"href":"https:\/\/baldumarket.lt\/lt\/wp-json\/wp\/v2\/media\/155881"}],"wp:attachment":[{"href":"https:\/\/baldumarket.lt\/lt\/wp-json\/wp\/v2\/media?parent=155880"}],"wp:term":[{"taxonomy":"product_brand","embeddable":true,"href":"https:\/\/baldumarket.lt\/lt\/wp-json\/wp\/v2\/product_brand?post=155880"},{"taxonomy":"product_cat","embeddable":true,"href":"https:\/\/baldumarket.lt\/lt\/wp-json\/wp\/v2\/product_cat?post=155880"},{"taxonomy":"product_tag","embeddable":true,"href":"https:\/\/baldumarket.lt\/lt\/wp-json\/wp\/v2\/product_tag?post=155880"}],"curies":[{"name":"wp","href":"https:\/\/api.w.org\/{rel}","templated":true}]}}