{"id":155873,"date":"2025-12-18T18:14:26","date_gmt":"2025-12-18T15:14:26","guid":{"rendered":"https:\/\/baldumarket.lt\/product\/modo-komoda-2d3s-200-cm-bialy-mat-dab-mauvella\/"},"modified":"2026-04-12T09:16:54","modified_gmt":"2026-04-12T06:16:54","slug":"modo-komoda-2d3s-200-cm-bialy-mat-dab-mauvella","status":"publish","type":"product","link":"https:\/\/baldumarket.lt\/lt\/product\/modo-komoda-2d3s-200-cm-bialy-mat-dab-mauvella\/","title":{"rendered":"Modo \u2013 Komoda 2D3S 200 cm matin\u0117s baltos spalvos, ro\u017einio \u0105\u017euolo spalvos"},"content":{"rendered":"<p>Suteikite savo interjerui unikal\u0173 stili\u0173 su garsaus \u201eHelvetia\u201c prek\u0117s \u017eenklo \u201eModo 2D3S\u201c komoda. D\u0117l paprasto, ta\u010diau eleganti\u0161ko dizaino \u0161i 200 cm plo\u010dio komoda puikiai tiks bet kuriame kambaryje \u2013 nuo miegamojo iki svetain\u0117s. Modernus matin\u0117s baltos ir \u201eMauvella\u201c \u0105\u017euolo dizainas suteiks j\u016bs\u0173 interjerui lengvumo ir gaivumo, sukurdamas jauki\u0105 atmosfer\u0105, kurioje gal\u0117site leisti laik\u0105. \u201eModo 2D3S\u201c komoda yra ne tik esteti\u0161kai patraukli, bet ir funkcionali. Tur\u0117dami tris erdvius stal\u010dius ir dvi spinteles, galite lengvai susitvarkyti savo daiktus ir palaikyti tvark\u0105 namuose. Pasirink\u0119 \u0161\u012f bald\u0105, \u012fgysite papildomos vietos daiktams susid\u0117ti, tod\u0117l kasdienyb\u0117 taps patogesn\u0117. Puikiai tinkanti apatiniams drabu\u017eiams, knygoms ar kitiems smulkiems daiktams laikyti, komoda yra nepakei\u010diamas elementas kiekvienuose namuose. Pagaminta i\u0161 auk\u0161tos kokyb\u0117s laminuotos plok\u0161t\u0117s, \u201eModo\u201c komoda garantuoja atsparum\u0105 kasdieniam naudojimui ir lengv\u0105 valym\u0105. Patvarios med\u017eiagos u\u017etikrina, kad baldai ilgiau i\u0161laikys pirmin\u0119 i\u0161vaizd\u0105, ir jums nereik\u0117s jaudintis d\u0117l nusid\u0117v\u0117jimo po\u017eymi\u0173. Metaliniai vyriai ir apa\u010dioje tvirtinamos kreipian\u010diosios u\u017etikrina skland\u0173 stal\u010di\u0173 veikim\u0105 ir padidina kasdienio naudojimo patogum\u0105.<\/p>","protected":false},"excerpt":{"rendered":"<p>Plotis (cm): 200<br \/>\n\u016agis (cm): 68<br \/>\nGylis (cm): 35<\/p>","protected":false},"featured_media":155874,"comment_status":"open","ping_status":"open","template":"","meta":[],"product_brand":[],"product_cat":[9425,1173,4105],"product_tag":[],"class_list":{"0":"post-155873","1":"product","2":"type-product","3":"status-publish","4":"has-post-thumbnail","6":"product_cat-furniture-system-modo","7":"product_cat-chests-of-drawers","8":"product_cat-helvetia","10":"first","11":"instock","12":"purchasable","13":"product-type-simple"},"_links":{"self":[{"href":"https:\/\/baldumarket.lt\/lt\/wp-json\/wp\/v2\/product\/155873","targetHints":{"allow":["GET"]}}],"collection":[{"href":"https:\/\/baldumarket.lt\/lt\/wp-json\/wp\/v2\/product"}],"about":[{"href":"https:\/\/baldumarket.lt\/lt\/wp-json\/wp\/v2\/types\/product"}],"replies":[{"embeddable":true,"href":"https:\/\/baldumarket.lt\/lt\/wp-json\/wp\/v2\/comments?post=155873"}],"wp:featuredmedia":[{"embeddable":true,"href":"https:\/\/baldumarket.lt\/lt\/wp-json\/wp\/v2\/media\/155874"}],"wp:attachment":[{"href":"https:\/\/baldumarket.lt\/lt\/wp-json\/wp\/v2\/media?parent=155873"}],"wp:term":[{"taxonomy":"product_brand","embeddable":true,"href":"https:\/\/baldumarket.lt\/lt\/wp-json\/wp\/v2\/product_brand?post=155873"},{"taxonomy":"product_cat","embeddable":true,"href":"https:\/\/baldumarket.lt\/lt\/wp-json\/wp\/v2\/product_cat?post=155873"},{"taxonomy":"product_tag","embeddable":true,"href":"https:\/\/baldumarket.lt\/lt\/wp-json\/wp\/v2\/product_tag?post=155873"}],"curies":[{"name":"wp","href":"https:\/\/api.w.org\/{rel}","templated":true}]}}