{"id":155865,"date":"2025-12-18T18:14:09","date_gmt":"2025-12-18T15:14:09","guid":{"rendered":"https:\/\/baldumarket.lt\/product\/laura-szafka-pod-umywalke-2s-wiszaca-80-cm-czarny-onyks-mat\/"},"modified":"2026-02-05T11:44:24","modified_gmt":"2026-02-05T08:44:24","slug":"laura-szafka-pod-umywalke-2s-wiszaca-80-cm-czarny-onyks-mat","status":"publish","type":"product","link":"https:\/\/baldumarket.lt\/lt\/product\/laura-szafka-pod-umywalke-2s-wiszaca-80-cm-czarny-onyks-mat\/","title":{"rendered":"Laura &#8211; 2-S pakabinama praustuvo spintel\u0117, 80 cm, matin\u0117s juodos spalvos, onikso spalvos"},"content":{"rendered":"<p>Atraskite \u201eLaura\u201c praustuvo spintel\u0119 \u2013 tobul\u0105 funkcionalumo ir modernaus dizaino derin\u012f. Pagaminta i\u0161 eleganti\u0161kos juodos onikso medienos, \u0161i prie sienos montuojama spintel\u0117 suteiks stiliaus bet kuriam vonios kambariui, suteikdama jam unikal\u0173 charakter\u012f. Matin\u0117 apdaila puikiai tinka \u012fvairiems interjerams \u2013 nuo minimalistinio iki klasikinio. \u201eLaura\u201c praustuvo spintel\u0117 pasi\u017eymi ne tik estetika, bet ir apgalvotu funkcionalumu. D\u0117l erdvi\u0173 stal\u010di\u0173 galite lengvai susid\u0117ti visus b\u016btiniausius vonios kambario aksesuarus. \u201eHettich\u201c \u0161velniai u\u017esidarantys b\u0117geliai apa\u010dioje garantuoja komfort\u0105, o dalinis i\u0161traukimas leid\u017eia patogiai ir be vargo pasiekti spintel\u0117s vid\u0173. Dabar vonios kambario tvarkymas tampa malonumu! Auksin\u0117 ranken\u0117l\u0117 taip pat nusipelno d\u0117mesio, suteikianti spintelei dar daugiau elegancijos. Tai stilinga detal\u0117, i\u0161skirianti \u0161\u012f gamin\u012f i\u0161 kit\u0173 bald\u0173. Jos d\u0117ka kiekvienas stal\u010diaus atidarymas yra ma\u017ea prabangos akimirka, kuri pagerins j\u016bs\u0173 kasdienyb\u0119. Be to, metalin\u0117 konstrukcija u\u017etikrina ne tik patvarum\u0105, bet ir modern\u0173 vaizd\u0105.<\/p>","protected":false},"excerpt":{"rendered":"<p>Plotis (cm): 80<br \/>\n\u016agis (cm): 63<br \/>\nGylis (cm): 49<\/p>","protected":false},"featured_media":155866,"comment_status":"open","ping_status":"open","template":"","meta":[],"product_brand":[],"product_cat":[9424,9117,4105],"product_tag":[],"class_list":{"0":"post-155865","1":"product","2":"type-product","3":"status-publish","4":"has-post-thumbnail","6":"product_cat-bathroom-furniture-laura","7":"product_cat-bathroom","8":"product_cat-helvetia","10":"first","11":"instock","12":"purchasable","13":"product-type-simple"},"_links":{"self":[{"href":"https:\/\/baldumarket.lt\/lt\/wp-json\/wp\/v2\/product\/155865","targetHints":{"allow":["GET"]}}],"collection":[{"href":"https:\/\/baldumarket.lt\/lt\/wp-json\/wp\/v2\/product"}],"about":[{"href":"https:\/\/baldumarket.lt\/lt\/wp-json\/wp\/v2\/types\/product"}],"replies":[{"embeddable":true,"href":"https:\/\/baldumarket.lt\/lt\/wp-json\/wp\/v2\/comments?post=155865"}],"wp:featuredmedia":[{"embeddable":true,"href":"https:\/\/baldumarket.lt\/lt\/wp-json\/wp\/v2\/media\/155866"}],"wp:attachment":[{"href":"https:\/\/baldumarket.lt\/lt\/wp-json\/wp\/v2\/media?parent=155865"}],"wp:term":[{"taxonomy":"product_brand","embeddable":true,"href":"https:\/\/baldumarket.lt\/lt\/wp-json\/wp\/v2\/product_brand?post=155865"},{"taxonomy":"product_cat","embeddable":true,"href":"https:\/\/baldumarket.lt\/lt\/wp-json\/wp\/v2\/product_cat?post=155865"},{"taxonomy":"product_tag","embeddable":true,"href":"https:\/\/baldumarket.lt\/lt\/wp-json\/wp\/v2\/product_tag?post=155865"}],"curies":[{"name":"wp","href":"https:\/\/api.w.org\/{rel}","templated":true}]}}