{"id":155841,"date":"2025-12-18T18:13:17","date_gmt":"2025-12-18T15:13:17","guid":{"rendered":"https:\/\/baldumarket.lt\/product\/laura-szafka-pod-umywalke-2s-wiszaca-60-cm-bialy-mat\/"},"modified":"2026-02-05T11:44:24","modified_gmt":"2026-02-05T08:44:24","slug":"laura-szafka-pod-umywalke-2s-wiszaca-60-cm-bialy-mat","status":"publish","type":"product","link":"https:\/\/baldumarket.lt\/lt\/product\/laura-szafka-pod-umywalke-2s-wiszaca-60-cm-bialy-mat\/","title":{"rendered":"Laura \u2013 2-S pakabinama praustuvo spintel\u0117, 60 cm, matin\u0117 balta"},"content":{"rendered":"<p>Atraskite \u017eaving\u0105 \u201eLaura\u201c praustuvo spintel\u0119, kuri puikiai dera prie moderni\u0173 vonios kambari\u0173, suteikdama elegancijos ir funkcionalumo. Matin\u0117s baltos spalvos spintel\u0117 yra minimalistin\u0117, ta\u010diau i\u0161skirtinio stiliaus, kur\u012f suteikia aukso atspalvio akcentai. Tai tobulas tekan\u010di\u0173 linij\u0173 ir \u0161iuolaiki\u0161k\u0173 akcent\u0173 derinys, kuris tikrai su\u017eav\u0117s bet kur\u012f dizaino entuziast\u0105. \u0160i 60 cm plo\u010dio praustuvo spintel\u0117 yra ne tik esteti\u0161kai patrauklus baldas, bet ir prakti\u0161kas sprendimas bet kuriam vonios kambariui. D\u0117l savo funkcionalumo ir gerai apgalvoto dizaino joje yra daug vietos visiems reikalingiems aksesuarams susid\u0117ti. Gerai apgalvotas interjeras leid\u017eia nepaprastai paprastai sutvarkyti erdv\u0119, o viskas, ko jums reikia, visada yra po ranka. Gamintojas \u201eHelvetia\u201c u\u017etikrino auk\u0161t\u0105 naudojam\u0173 med\u017eiag\u0173 kokyb\u0119. Laminuotos plok\u0161t\u0117s korpusas u\u017etikrina ne tik patvarum\u0105, bet ir lengv\u0105 valym\u0105, o tai labai svarbu kasdieniam naudojimui. Be to, aukso spalvos metalin\u0117s ranken\u0117l\u0117s suteikia visam spinteliui rafinuot\u0105 charakter\u012f, sukurdamos harmoning\u0105, ak\u012f traukian\u010di\u0105 visum\u0105.<\/p>","protected":false},"excerpt":{"rendered":"<p>Plotis (cm): 60<br \/>\n\u016agis (cm): 63<br \/>\nGylis (cm): 49<\/p>","protected":false},"featured_media":155842,"comment_status":"open","ping_status":"open","template":"","meta":[],"product_brand":[],"product_cat":[9424,9117,4105],"product_tag":[],"class_list":{"0":"post-155841","1":"product","2":"type-product","3":"status-publish","4":"has-post-thumbnail","6":"product_cat-bathroom-furniture-laura","7":"product_cat-bathroom","8":"product_cat-helvetia","10":"first","11":"instock","12":"purchasable","13":"product-type-simple"},"_links":{"self":[{"href":"https:\/\/baldumarket.lt\/lt\/wp-json\/wp\/v2\/product\/155841","targetHints":{"allow":["GET"]}}],"collection":[{"href":"https:\/\/baldumarket.lt\/lt\/wp-json\/wp\/v2\/product"}],"about":[{"href":"https:\/\/baldumarket.lt\/lt\/wp-json\/wp\/v2\/types\/product"}],"replies":[{"embeddable":true,"href":"https:\/\/baldumarket.lt\/lt\/wp-json\/wp\/v2\/comments?post=155841"}],"wp:featuredmedia":[{"embeddable":true,"href":"https:\/\/baldumarket.lt\/lt\/wp-json\/wp\/v2\/media\/155842"}],"wp:attachment":[{"href":"https:\/\/baldumarket.lt\/lt\/wp-json\/wp\/v2\/media?parent=155841"}],"wp:term":[{"taxonomy":"product_brand","embeddable":true,"href":"https:\/\/baldumarket.lt\/lt\/wp-json\/wp\/v2\/product_brand?post=155841"},{"taxonomy":"product_cat","embeddable":true,"href":"https:\/\/baldumarket.lt\/lt\/wp-json\/wp\/v2\/product_cat?post=155841"},{"taxonomy":"product_tag","embeddable":true,"href":"https:\/\/baldumarket.lt\/lt\/wp-json\/wp\/v2\/product_tag?post=155841"}],"curies":[{"name":"wp","href":"https:\/\/api.w.org\/{rel}","templated":true}]}}