{"id":155833,"date":"2025-12-18T18:12:59","date_gmt":"2025-12-18T15:12:59","guid":{"rendered":"https:\/\/baldumarket.lt\/product\/laura-slupek-wysoki-wiszacy-1-drzwiowy-czarny-onyks-mat\/"},"modified":"2026-02-05T11:44:24","modified_gmt":"2026-02-05T08:44:24","slug":"laura-slupek-wysoki-wiszacy-1-drzwiowy-czarny-onyks-mat","status":"publish","type":"product","link":"https:\/\/baldumarket.lt\/lt\/product\/laura-slupek-wysoki-wiszacy-1-drzwiowy-czarny-onyks-mat\/","title":{"rendered":"Laura \u2013 Auk\u0161tos pakabinamos kolonos, 1 dur\u0173, matin\u0117s juodos onikso spalvos"},"content":{"rendered":"<p>Pristatome unikali\u0105 auk\u0161t\u0105 palt\u0173 kabykl\u0105 \u201eLaura\u201c, kuri bet kokiam interjerui suteiks elegancijos ir modernumo. Stilingas juodas oniksas kartu su matiniu fasad\u0173 pavir\u0161iumi suteikia bet kokiam kambariui prabangos ir rafinuotumo. D\u0117l universalios spalv\u0173 gamos ji skland\u017eiai \u012fsilies tiek \u012f modern\u0173, tiek \u012f klasikin\u012f interjer\u0105 ir taps ak\u012f traukian\u010diu akcentu. \u201eLaura\u201c \u2013 tai baldas, kuriame dera estetika ir funkcionalumas. 186 cm auk\u0161tis puikiai tinka ma\u017eesn\u0117ms erdv\u0117ms ir kartu suteikia daug vietos daiktams susid\u0117ti. Kompakti\u0161ki matmenys (35 cm plo\u010dio ir gylio) leid\u017eia jai puikiai tikti prie\u0161kambaryje, svetain\u0117je ar miegamajame, o auksin\u0117s ranken\u0117l\u0117s suteikia \u012fdom\u0173 charakter\u012f, pabr\u0117\u017eiant modern\u0173 stili\u0173. D\u0117l inovatyvios \u0161velnaus u\u017edarymo sistemos dureli\u0173 atidarymas ir u\u017edarymas yra ne\u012ftik\u0117tinai patogus ir saugus. \u0160is prakti\u0161kas elementas kasdien\u012f naudojim\u0105 paver\u010dia malonumu, o patvarios laminuotos lentos lentynos garantuoja ilgaam\u017ei\u0161kum\u0105 ir laikom\u0173 daikt\u0173 stabilum\u0105. Auk\u0161tos kokyb\u0117s med\u017eiagos daro baldus atsparius \u012fbr\u0117\u017eimams ir lengvai pri\u017ei\u016brimus, o tai svarbu intensyviai naudojamuose interjeruose.<\/p>","protected":false},"excerpt":{"rendered":"<p>Plotis (cm): 35<br \/>\n\u016agis (cm): 186<br \/>\nGylis (cm): 35<\/p>","protected":false},"featured_media":155834,"comment_status":"open","ping_status":"open","template":"","meta":[],"product_brand":[],"product_cat":[9424,9117,4105],"product_tag":[],"class_list":{"0":"post-155833","1":"product","2":"type-product","3":"status-publish","4":"has-post-thumbnail","6":"product_cat-bathroom-furniture-laura","7":"product_cat-bathroom","8":"product_cat-helvetia","10":"first","11":"instock","12":"purchasable","13":"product-type-simple"},"_links":{"self":[{"href":"https:\/\/baldumarket.lt\/lt\/wp-json\/wp\/v2\/product\/155833","targetHints":{"allow":["GET"]}}],"collection":[{"href":"https:\/\/baldumarket.lt\/lt\/wp-json\/wp\/v2\/product"}],"about":[{"href":"https:\/\/baldumarket.lt\/lt\/wp-json\/wp\/v2\/types\/product"}],"replies":[{"embeddable":true,"href":"https:\/\/baldumarket.lt\/lt\/wp-json\/wp\/v2\/comments?post=155833"}],"wp:featuredmedia":[{"embeddable":true,"href":"https:\/\/baldumarket.lt\/lt\/wp-json\/wp\/v2\/media\/155834"}],"wp:attachment":[{"href":"https:\/\/baldumarket.lt\/lt\/wp-json\/wp\/v2\/media?parent=155833"}],"wp:term":[{"taxonomy":"product_brand","embeddable":true,"href":"https:\/\/baldumarket.lt\/lt\/wp-json\/wp\/v2\/product_brand?post=155833"},{"taxonomy":"product_cat","embeddable":true,"href":"https:\/\/baldumarket.lt\/lt\/wp-json\/wp\/v2\/product_cat?post=155833"},{"taxonomy":"product_tag","embeddable":true,"href":"https:\/\/baldumarket.lt\/lt\/wp-json\/wp\/v2\/product_tag?post=155833"}],"curies":[{"name":"wp","href":"https:\/\/api.w.org\/{rel}","templated":true}]}}