{"id":155825,"date":"2025-12-18T18:12:42","date_gmt":"2025-12-18T15:12:42","guid":{"rendered":"https:\/\/baldumarket.lt\/product\/laura-slupek-wysoki-wiszacy-1-drzwiowy-bialy-mat\/"},"modified":"2026-02-05T11:44:24","modified_gmt":"2026-02-05T08:44:24","slug":"laura-slupek-wysoki-wiszacy-1-drzwiowy-bialy-mat","status":"publish","type":"product","link":"https:\/\/baldumarket.lt\/lt\/product\/laura-slupek-wysoki-wiszacy-1-drzwiowy-bialy-mat\/","title":{"rendered":"Laura \u2013 Auk\u0161tos pakabinamos kolonos, 1 dur\u0173, matin\u0117s baltos spalvos"},"content":{"rendered":"<p>Auk\u0161ta pakabinama kolona \u201eLaura\u201c \u2013 tai eleganti\u0161kas baldas, kuris j\u016bs\u0173 interjerui suteiks nepaprasto stiliaus ir harmonijos. Minimalistinis matin\u0117s baltos spalvos dizainas dera su \u012fvairiais i\u0161d\u0117stymais, o subtilios auksin\u0117s ranken\u0117l\u0117s suteikia prabangos. \u0160i kolona \u2013 puikus sprendimas tiems, kurie vertina paprastum\u0105 ir elegancij\u0105 savo aplinkoje. \u0160i auk\u0161ta pakabinama spinta, kurios plotis 35 cm, auk\u0161tis 186 cm ir gylis 35 cm, buvo sukurta siekiant maksimaliai i\u0161naudoti erdv\u0119. Ji puikiai tinka ne tik svetainei ar miegamajam, bet ir vonios kambariui, kur suteikia stiliaus ir i\u0161skirtinio prakti\u0161kumo. Galimyb\u0117 montuoti dureles kair\u0117je arba de\u0161in\u0117je pus\u0117je, kolona skland\u017eiai \u012fsilies \u012f bet kok\u012f kambario i\u0161planavim\u0105. Viduje erdvios lentynos suteikia daug vietos visiems j\u016bs\u0173 reikalingiausiems daiktams susid\u0117ti. Laminuotos plok\u0161t\u0117s konstrukcija garantuoja ne tik esteti\u0161kai patraukli\u0105 i\u0161vaizd\u0105, bet ir lengv\u0105 valym\u0105 \u2013 didel\u012f privalum\u0105 kasdien naudojant. Be to, modern\u016bs vyriai su \u0161velnaus u\u017edarymo funkcija leid\u017eia patogiai naudotis baldais, pa\u0161alinant triuk\u0161m\u0105 u\u017edarant dureles.<\/p>","protected":false},"excerpt":{"rendered":"<p>Plotis (cm): 35<br \/>\n\u016agis (cm): 186<br \/>\nGylis (cm): 35<\/p>","protected":false},"featured_media":155826,"comment_status":"open","ping_status":"open","template":"","meta":[],"product_brand":[],"product_cat":[9424,9117,4105],"product_tag":[],"class_list":{"0":"post-155825","1":"product","2":"type-product","3":"status-publish","4":"has-post-thumbnail","6":"product_cat-bathroom-furniture-laura","7":"product_cat-bathroom","8":"product_cat-helvetia","10":"first","11":"instock","12":"purchasable","13":"product-type-simple"},"_links":{"self":[{"href":"https:\/\/baldumarket.lt\/lt\/wp-json\/wp\/v2\/product\/155825","targetHints":{"allow":["GET"]}}],"collection":[{"href":"https:\/\/baldumarket.lt\/lt\/wp-json\/wp\/v2\/product"}],"about":[{"href":"https:\/\/baldumarket.lt\/lt\/wp-json\/wp\/v2\/types\/product"}],"replies":[{"embeddable":true,"href":"https:\/\/baldumarket.lt\/lt\/wp-json\/wp\/v2\/comments?post=155825"}],"wp:featuredmedia":[{"embeddable":true,"href":"https:\/\/baldumarket.lt\/lt\/wp-json\/wp\/v2\/media\/155826"}],"wp:attachment":[{"href":"https:\/\/baldumarket.lt\/lt\/wp-json\/wp\/v2\/media?parent=155825"}],"wp:term":[{"taxonomy":"product_brand","embeddable":true,"href":"https:\/\/baldumarket.lt\/lt\/wp-json\/wp\/v2\/product_brand?post=155825"},{"taxonomy":"product_cat","embeddable":true,"href":"https:\/\/baldumarket.lt\/lt\/wp-json\/wp\/v2\/product_cat?post=155825"},{"taxonomy":"product_tag","embeddable":true,"href":"https:\/\/baldumarket.lt\/lt\/wp-json\/wp\/v2\/product_tag?post=155825"}],"curies":[{"name":"wp","href":"https:\/\/api.w.org\/{rel}","templated":true}]}}