{"id":155822,"date":"2025-12-18T18:12:36","date_gmt":"2025-12-18T15:12:36","guid":{"rendered":"https:\/\/baldumarket.lt\/product\/laura-dodatkowe-nozki-do-szafek-lazienkowych-4-sztuki-czarny-plastik\/"},"modified":"2026-02-05T11:44:24","modified_gmt":"2026-02-05T08:44:24","slug":"laura-dodatkowe-nozki-do-szafek-lazienkowych-4-sztuki-czarny-plastik","status":"publish","type":"product","link":"https:\/\/baldumarket.lt\/lt\/product\/laura-dodatkowe-nozki-do-szafek-lazienkowych-4-sztuki-czarny-plastik\/","title":{"rendered":"Laura \u2013 Papildomos vonios spinteli\u0173 kojel\u0117s, 4 vnt., juodo plastiko"},"content":{"rendered":"<p>Su\u017einokite, kaip ma\u017ei poky\u010diai gali tur\u0117ti didel\u0117s \u012ftakos j\u016bs\u0173 vonios kambariui, pasitelkus papildomas \u201eHelvetia\u201c vonios spinteli\u0173 kojeles. \u0160ios stilingos juodos kojel\u0117s puikiai pagyvins j\u016bs\u0173 erdv\u0119, suteikdamos jai modernumo ir rafinuotumo.<\/p>\n<p>Pagamintos i\u0161 auk\u0161tos kokyb\u0117s plastiko, \u0161ios kojel\u0117s yra ne tik funkcionalios, bet ir patvarios. D\u0117l subtilios estetikos jos puikiai tinka \u012fvairiems interjerams \u2013 nuo minimalistinio iki klasikinio. Jos tikrai puikiai papildys spinteles, kurias norite modernizuoti, suteikdamos joms nauj\u0105 i\u0161vaizd\u0105 ir unikal\u0173 stili\u0173.<\/p>\n<p>\u0160ios kojel\u0117s, kuri\u0173 plotis \u2013 16 cm, auk\u0161tis \u2013 12 cm, o gylis \u2013 13 cm, idealiai tinka bet kokiai spintelei, pakelia j\u0105 nuo grind\u0173 ir palengvina kasdien\u012f valym\u0105. J\u0173 apgalvotas dizainas ne tik pagerina estetik\u0105, bet ir suteikia prakti\u0161k\u0173 sprendim\u0173, kaip geriau pasiekti ertmes po spintel\u0117mis.<\/p>\n<p>Savaranki\u0161kas surinkimas leid\u017eia lengvai pritaikyti spinteles pagal savo poreikius, \u012fgyti nauj\u0173 \u012fg\u016bd\u017ei\u0173 ir pasitenkinti savaranki\u0161ku darbu. Komplekte yra keturios eleganti\u0161kos kojel\u0117s, kurias galite lengvai sumontuoti ir sukurti harmoning\u0105 visum\u0105. Pakeiskite ne tik vonios kambario i\u0161vaizd\u0105, bet ir funkcionalum\u0105 su papildomomis \u201eHelvetia\u201c kojel\u0117mis.<\/p>\n<p>Pasirinkdami m\u016bs\u0173 kojeles, investuojate \u012f modernumo ir prakti\u0161kumo derin\u012f, kuris atgaivins j\u016bs\u0173 erdv\u0119. Papuo\u0161kite savo vonios kambar\u012f papildomomis \u201eHelvetia\u201c kojel\u0117mis ir m\u0117gaukit\u0117s nauja, gaiviu \u012fvaizd\u017eiu ilgus metus!<\/p>","protected":false},"excerpt":{"rendered":"<p>Plotis (cm): 16<br \/>\n\u016agis (cm): 12<br \/>\nGylis (cm): 13<\/p>","protected":false},"featured_media":155823,"comment_status":"open","ping_status":"open","template":"","meta":[],"product_brand":[],"product_cat":[9424,9117,4105],"product_tag":[],"class_list":{"0":"post-155822","1":"product","2":"type-product","3":"status-publish","4":"has-post-thumbnail","6":"product_cat-bathroom-furniture-laura","7":"product_cat-bathroom","8":"product_cat-helvetia","10":"first","11":"instock","12":"purchasable","13":"product-type-simple"},"_links":{"self":[{"href":"https:\/\/baldumarket.lt\/lt\/wp-json\/wp\/v2\/product\/155822","targetHints":{"allow":["GET"]}}],"collection":[{"href":"https:\/\/baldumarket.lt\/lt\/wp-json\/wp\/v2\/product"}],"about":[{"href":"https:\/\/baldumarket.lt\/lt\/wp-json\/wp\/v2\/types\/product"}],"replies":[{"embeddable":true,"href":"https:\/\/baldumarket.lt\/lt\/wp-json\/wp\/v2\/comments?post=155822"}],"wp:featuredmedia":[{"embeddable":true,"href":"https:\/\/baldumarket.lt\/lt\/wp-json\/wp\/v2\/media\/155823"}],"wp:attachment":[{"href":"https:\/\/baldumarket.lt\/lt\/wp-json\/wp\/v2\/media?parent=155822"}],"wp:term":[{"taxonomy":"product_brand","embeddable":true,"href":"https:\/\/baldumarket.lt\/lt\/wp-json\/wp\/v2\/product_brand?post=155822"},{"taxonomy":"product_cat","embeddable":true,"href":"https:\/\/baldumarket.lt\/lt\/wp-json\/wp\/v2\/product_cat?post=155822"},{"taxonomy":"product_tag","embeddable":true,"href":"https:\/\/baldumarket.lt\/lt\/wp-json\/wp\/v2\/product_tag?post=155822"}],"curies":[{"name":"wp","href":"https:\/\/api.w.org\/{rel}","templated":true}]}}